{"id":10172,"date":"2019-03-02T12:25:03","date_gmt":"2019-03-02T11:25:03","guid":{"rendered":"https:\/\/contacto-mallorca.de\/terms-conditions\/"},"modified":"2025-04-23T08:31:49","modified_gmt":"2025-04-23T06:31:49","slug":"terms-and-conditions","status":"publish","type":"page","link":"https:\/\/contacto-mallorca.de\/en\/terms-and-conditions\/","title":{"rendered":"Terms and Conditions"},"content":{"rendered":"<p>[et_pb_section fb_built=&#8221;1&#8243; _builder_version=&#8221;4.16&#8243; custom_margin=&#8221;0px||0px|&#8221; custom_padding=&#8221;4%||0px|&#8221; global_colors_info=&#8221;{}&#8221;][et_pb_row _builder_version=&#8221;4.16&#8243; custom_margin=&#8221;0px||0px|&#8221; custom_padding=&#8221;0px||0px|&#8221; global_colors_info=&#8221;{}&#8221;][et_pb_column type=&#8221;4_4&#8243; _builder_version=&#8221;4.16&#8243; custom_padding=&#8221;|||&#8221; global_colors_info=&#8221;{}&#8221; custom_padding__hover=&#8221;|||&#8221;][et_pb_post_title meta=&#8221;off&#8221; featured_image=&#8221;off&#8221; _builder_version=&#8221;4.16&#8243; title_text_align=&#8221;center&#8221; meta_text_align=&#8221;center&#8221; text_orientation=&#8221;center&#8221; global_colors_info=&#8221;{}&#8221;][\/et_pb_post_title][et_pb_text _builder_version=&#8221;4.22.2&#8243; hover_enabled=&#8221;0&#8243; z_index_tablet=&#8221;500&#8243; text_text_shadow_horizontal_length_tablet=&#8221;0px&#8221; text_text_shadow_vertical_length_tablet=&#8221;0px&#8221; text_text_shadow_blur_strength_tablet=&#8221;1px&#8221; link_text_shadow_horizontal_length_tablet=&#8221;0px&#8221; link_text_shadow_vertical_length_tablet=&#8221;0px&#8221; link_text_shadow_blur_strength_tablet=&#8221;1px&#8221; ul_text_shadow_horizontal_length_tablet=&#8221;0px&#8221; ul_text_shadow_vertical_length_tablet=&#8221;0px&#8221; ul_text_shadow_blur_strength_tablet=&#8221;1px&#8221; ol_text_shadow_horizontal_length_tablet=&#8221;0px&#8221; ol_text_shadow_vertical_length_tablet=&#8221;0px&#8221; ol_text_shadow_blur_strength_tablet=&#8221;1px&#8221; quote_text_shadow_horizontal_length_tablet=&#8221;0px&#8221; quote_text_shadow_vertical_length_tablet=&#8221;0px&#8221; quote_text_shadow_blur_strength_tablet=&#8221;1px&#8221; header_text_shadow_horizontal_length_tablet=&#8221;0px&#8221; header_text_shadow_vertical_length_tablet=&#8221;0px&#8221; header_text_shadow_blur_strength_tablet=&#8221;1px&#8221; header_2_text_shadow_horizontal_length_tablet=&#8221;0px&#8221; header_2_text_shadow_vertical_length_tablet=&#8221;0px&#8221; header_2_text_shadow_blur_strength_tablet=&#8221;1px&#8221; header_3_text_shadow_horizontal_length_tablet=&#8221;0px&#8221; header_3_text_shadow_vertical_length_tablet=&#8221;0px&#8221; header_3_text_shadow_blur_strength_tablet=&#8221;1px&#8221; header_4_text_shadow_horizontal_length_tablet=&#8221;0px&#8221; header_4_text_shadow_vertical_length_tablet=&#8221;0px&#8221; header_4_text_shadow_blur_strength_tablet=&#8221;1px&#8221; header_5_text_shadow_horizontal_length_tablet=&#8221;0px&#8221; header_5_text_shadow_vertical_length_tablet=&#8221;0px&#8221; header_5_text_shadow_blur_strength_tablet=&#8221;1px&#8221; header_6_text_shadow_horizontal_length_tablet=&#8221;0px&#8221; header_6_text_shadow_vertical_length_tablet=&#8221;0px&#8221; header_6_text_shadow_blur_strength_tablet=&#8221;1px&#8221; box_shadow_horizontal_tablet=&#8221;0px&#8221; box_shadow_vertical_tablet=&#8221;0px&#8221; box_shadow_blur_tablet=&#8221;40px&#8221; box_shadow_spread_tablet=&#8221;0px&#8221; global_colors_info=&#8221;{}&#8221; sticky_enabled=&#8221;0&#8243;]<\/p>\n<p>contacto-mallorca will find you the perfect holiday home in Spain and guide you through every step of the booking process &#8211; from selection to moving in. The service fee is included in the price. It completely covers your support. You will receive independent advice and direct support with any questions or requests.<\/p>\n<p>1 . The booking is concluded by contacto-mallorca on behalf of the above-mentioned owner or landlord. contacto-mallorca is an intermediary. The rental contract is concluded between the holiday guest and the owner. contacto-mallorca offers guests personalised advice, booking processing and support during their stay.<\/p>\n<p>2. the agent charges the holidaymaker a service fee for acting as an intermediary. The rental price of the rental property shown on the Internet includes this service fee. The holiday guest shall receive an invoice for the service fee including German VAT.<\/p>\n<p>3. the tenant undertakes to provide contacto-mallorca with his address and ID details, mobile phone number, arrival and departure times in Palma de Mallorca at the time of booking, but no later than 7 days before departure. This also applies to the details of fellow travellers. The guest will receive a link for registration by email shortly before arrival.<\/p>\n<p>4. the tenant can withdraw from this contract at any time before the start of the rental period. The cancellation must be made in writing to contacto-mallorca, whereby a registered letter\/return receipt or e-mail shall suffice to comply with the written form requirement. The declaration of cancellation shall take effect on the date on which it is received by contacto-mallorca. In the event of withdrawal from the contract, the tenant undertakes to pay the cancellation costs incurred.<\/p>\n<p>5. the landlord provides the above-mentioned rental property to the tenant for the rental period, for living. The local Eco Tasa is payable for all properties. Partly in cash or with the last payment before arrival.<\/p>\n<p>6. the tenant has the right to use the entire rental property, including furniture and utensils, for the agreed period. He undertakes to treat the rented property and its inventory, including the utensils and any communal facilities, with the greatest possible care. The tenant is obliged to pay compensation for any damage to the rented property caused negligently or intentionally by the tenant during the rental period. The tenant shall be liable for the fault of children, guests or other persons accompanying the tenant in the same way as for his own fault.<\/p>\n<p>7. in the event of service disruptions occurring during the rental period, the tenant is obliged to notify contacto-mallorca immediately of any service disruption or damage to the rental property; this also applies to complaints by the tenant. Disruptions to performance during the rental period and complaints by the tenant must also be reported in writing in order to be valid. If the tenant does not fulfil this obligation to notify or does not do so sufficiently, the assertion of claims due to service disruptions or complaints is excluded. The landlord is not liable for personal injury or damage to property suffered by the tenant during the rental period in the rented property; the same applies to children, guests and accompanying persons of the tenant.<\/p>\n<p>8. the provision of additional beds and cots requires written agreement. Pets are not permitted. The rented property is available from 16:00 on the day of arrival. On the day of departure it must be left swept clean by 10:00 am. Special requests\/changes must be confirmed. Special requests, changes and non-compliance will be charged extra at \u20ac50 per booking.<\/p>\n<p>9. the rented property may not be occupied by more persons than specified in the contract. In the event of over-occupancy for which the tenant is responsible and which has not been agreed in advance, the landlord shall be entitled to refuse to fulfil this agreement altogether if the tenant does not provide alternative accommodation for the excess persons on site at his own expense. 10.<\/p>\n<p>10. amendments and additions to this agreement shall only be effective if they are made in writing or confirmed in writing by contacto-mallorca. Should any provision of this agreement be or become invalid in whole or in part, this shall not affect the validity of the remainder of the agreement. The invalid provision shall be replaced by a provision that comes as close as possible to the economic intentions of the contracting parties. In case of doubt, the statutory provision shall apply. The same applies in the event of a gap in the contract.<\/p>\n<\/p>\n<p>&nbsp;<\/p>\n<p>[\/et_pb_text][\/et_pb_column][\/et_pb_row][\/et_pb_section]<\/p>\n","protected":false},"excerpt":{"rendered":"<p>contacto-mallorca will find you the perfect holiday home in Spain and guide you through every step of the booking process &#8211; from selection to moving in. The service fee is included in the price. It completely covers your support. You will receive independent advice and direct support with any questions or requests. 1 . The [&hellip;]<\/p>\n","protected":false},"author":6,"featured_media":0,"parent":0,"menu_order":33,"comment_status":"closed","ping_status":"closed","template":"page.php","meta":{"_et_pb_use_builder":"on","_et_pb_old_content":"<p>[vc_row full_width=\"stretch_row_content_no_spaces\" content_placement=\"middle\" css=\".vc_custom_1543745403651{margin-bottom: 2% !important;padding-top: 10px !important;padding-bottom: 10px !important;background-image: url(https:\/\/contacto-mallorca.de\/wp-content\/uploads\/contacto_mallorca_pagetitle-1.jpg?id=7806) !important;}\"][vc_column][vc_column_text el_class=\"page-title-light\"]<\/p><h2>Terms and Conditions<\/h2><p>[\/vc_column_text][\/vc_column][\/vc_row][vc_row][vc_column][vc_column_text]<\/p><div class=\"col-md-12\"><ol><li>Mit Ihrer Mail starten Sie eine unverbindliche Buchungsanfrage. Sie haben hierbei auch die M\u00f6glichkeit, die Verf\u00fcgbarkeit von Fl\u00fcgen und Mietwagen anzufragen.<\/li><li>Ihre Buchungsanfrage wird schnellstm\u00f6glich beantwortet. Wenn das gew\u00fcnschte Mietobjekt noch frei ist und Sie es buchen m\u00f6chten, erhalten Sie die schriftliche Best\u00e4tigung, inklusive Vermittlungs- und Mietvertrag.<\/li><li>Kurz vor Reiseantritt erhalten Sie die Wegbeschreibung, die den schnellsten Weg vom Flughafen nach Pollen\u00e7a erkl\u00e4rt.<br>In Pollen\u00e7a werden Sie an einem zentralen Punkt empfangen und zur Unterkunft begleitet.<\/li><\/ol><p class=\"text-center\">~<\/p><ol type=\"I\"><li>Im Vermittlungsvertrag sind die Leistungsverpflichtungen von contacto-mallorca und dem Auftraggeber und zuk\u00fcnftigen Mieter geregelt. contacto-mallorca vermittelt den verbindlichen Abschluss eines Mietvertrages f\u00fcr ein vom Auftraggeber und zuk\u00fcnftigen Mieter ausgesuchtes Mietobjekt auf Mallorca. Der Mietvertrag wird von contacto-mallorca in Vertretung f\u00fcr den o.a. Eigent\u00fcmer bzw. Vermieter abgeschlossen und ist Anlage zum Vermittlungsvertrag. Der Mietvertrag wird zusammen mit dem Vermittlungsvertrag dem zuk\u00fcnftigen Mieter ausgeh\u00e4ndigt.<\/li><li>Der im Internet ausgewiesene Mietpreis des Mietobjektes beinhaltet Nebenkosten, sowie die Vermittlungscourtage f\u00fcr contacto-mallorca. Die Vermittlungscourtage und die Miete sind jedoch separat zu bezahlen. Die Vermittlungscourtage direkt an contacto-mallorca, die Mietkosten erst bei Ankunft vor Ort am Mietobjekt an den Vermieter bzw. dessen Bevollm\u00e4chtigten.<\/li><li>Die Vermittlungscourtage f\u00fcr die Vermittlungsleistung von contacto-mallorca ist innerhalb von einer Woche nach Abschluss des Vertrages an contacto-mallorca zu bezahlen.<br>Nach Eingang der Vermittlungscourtage gem\u00e4\u00df Vertrag sp\u00e4testens aber 7 Tage vor Reiseantritt, erh\u00e4lt der Mieter von contacto-mallorca schriftlich, per e-mail, die Anfahrtsbeschreibung. Der Mieter verpflichtet sich, bei der Buchung, sp\u00e4testens aber 7 Tage vor Reiseantritt, contacto-mallorca seine genauen Ankunfts- und Abflugzeiten mitzuteilen. contacto-mallorca wird dann dem Mieter einen Treffpunkt zur Einweisung in das Mietobjekt und der Schl\u00fcssel\u00fcbergabe mitteilen.<\/li><li>\u00c4ndert der Mieter nach Abschluss des Vermittlungs- und des Mietvertrages sein <em>Reisedatum<\/em>, wird eine pauschale Umbuchungsgeb\u00fchr in H\u00f6he von 50 \u20ac zur Zahlung an contacto-mallorca f\u00e4llig. Im Falle des Vertragsr\u00fccktritts vor Mietbeginn bem\u00fcht sich contacto-mallorca f\u00fcr den vereinbarten Mietzeitraum einen anderen Mieter zu den gleichen Vertragsbedingungen zu finden. Sofern contacto-mallorca einen anderen Mieter f\u00fcr denselben Zeitraum zu den gleichen Vertragsbedingungen findet, werden unabh\u00e4ngig vom R\u00fccktrittstermin 10 % des vereinbarten Mietpreises als pauschalierter Aufwendungsersatz zur Zahlung f\u00e4llig. Gelingt es contacto-mallorca jedoch nicht einen solchen Mieter zu finden, gelten die R\u00fccktrittskonditionen des Mietvertrages.<\/li><\/ol><p class=\"text-center\"><em>Der Mietvertrag wird von contacto-mallorca in Vertretung f\u00fcr den Eigent\u00fcmer bzw. Vermieter abgeschlossen.<\/em><\/p><ol type=\"I\"><li>Der Vermieter \u00fcberl\u00e4sst das o.a. Mietobjekt dem Mieter f\u00fcr die Mietzeit, zum wohnen.<\/li><li>Dem Mieter steht das Recht zu, das gesamte Mietobjekt einschlie\u00dflich Mobiliar und Gebrauchsgegenst\u00e4nden w\u00e4hrend der vereinbarten Zeit zu benutzen. Er verpflichtet sich, das Mietobjekt und sein Inventar einschlie\u00dflich der Gebrauchsgegenst\u00e4nde sowie eventuelle Gemeinschaftseinrichtungen mit gr\u00f6\u00dftm\u00f6glicher Sorgfalt zu behandeln. F\u00fcr vom Mieter w\u00e4hrend der Mietzeit fahrl\u00e4ssig oder vors\u00e4tzlich verursachte Sch\u00e4den an der Mietsache ist der Mieter zum Schadenersatz verpflichtet. F\u00fcr ein Verschulden der Kinder, G\u00e4ste oder sonstigen Begleitpersonen des Mieters hat dieser wie f\u00fcr eigenes Verschulden einzustehen.<\/li><li>Den Mietpreis hat der Mieter direkt vor Ort, bei Ankunft am Mietobjekt in bar beim Vermieter bzw. dessen Bevollm\u00e4chtigten zu bezahlen.<br>Heizkosten werden zus\u00e4tzlich pauschal zum Ende der Mietzeit gesondert abgerechnet.(Objektabh\u00e4ngig \u2013 siehe Objektbeschreibung)<br>Sofern das Mietobjekt \u00fcber eine Aircondition verf\u00fcgt, wird die Benutzung der Aircondition zus\u00e4tzlich pauschal berechnet.(Objektabh\u00e4ngig \u2013 siehe Objektbeschreibung)<\/li><li>Der Mieter kann jederzeit vor Beginn des Mietverh\u00e4ltnisses von diesem Vertrag zur\u00fccktreten. Der R\u00fccktritt hat schriftlich gegen\u00fcber contacto-mallorca zu erfolgen, wobei zur Wahrung der Schriftform ein Einschreiben\/R\u00fcckschein oder eine E-Mail gen\u00fcgen. Die Erkl\u00e4rung des R\u00fccktritts wird an dem Tag wirksam, an dem die Erkl\u00e4rung bei contacto-mallorca eingeht.<br>Im Falle des Vertragsr\u00fccktritts verpflichtet sich der Mieter zur Bezahlung folgender Stornokosten:<ul><li>Bei einem R\u00fccktritt bis 61 Tage vor Mietbeginn bezahlt der Mieter 25 % des vereinbarten Mietpreises.<\/li><li>Bei einem R\u00fccktritt vom 60. bis zum 31. Tag vor Mietbeginn bezahlt der Mieter 35 % des vereinbarten Mietpreises.<\/li><li>Bei einem R\u00fccktritt ab dem 30. Tag vor Mietbeginn wird der gesamte vereinbarte Mietpreis zur Zahlung f\u00e4llig.<\/li><\/ul><\/li><li>Bei w\u00e4hrend der Mietzeit auftretenden Leistungsst\u00f6rungen ist der Mieter verpflichtet, eine Leistungsst\u00f6rung oder einen etwaigen Schaden am Mietobjekt unverz\u00fcglich contacto-mallorca anzuzeigen; das gilt auch f\u00fcr Beanstandungen des Mieters. Leistungsst\u00f6rungen w\u00e4hrend der Mietzeit und Beanstandungen des Mieters sind zur Wirksamkeit auch schriftlich anzuzeigen.<br>Kommt der Mieter dieser Anzeigepflicht nicht oder nicht ausreichend nach, ist die Geltendmachung von Anspr\u00fcchen wegen Leistungsst\u00f6rungen oder Beanstandungen ausgeschlossen.<br>Der Vermieter haftet w\u00e4hrend der Mietzeit nicht f\u00fcr Personen- und Sachsch\u00e4den, die der Mieter w\u00e4hrend der Mietzeit im Mietobjekt erleidet; dasselbe gilt auch f\u00fcr Kinder, G\u00e4ste und Begleitpersonen des Mieters.<\/li><li>Die Bereitstellung von Zusatz- und Kinderbetten bedarf der schriftlichen Vereinbarung.<br>Auch die Mitnahme von Haustieren in das Mietobjekt ist nur nach vorheriger schriftlicher Vereinbarung erlaubt.<br>Das Mietobjekt steht am Anreisetag ab 13:00 Uhr zur Verf\u00fcgung. Am Abreisetag ist es bis 10:00 Uhr zu r\u00e4umen.<\/li><li>Das Mietobjekt darf nicht mit mehr Personen belegt werden, als im Vertrag angegeben. Im Falle einer vom Mieter zu vertretenden und vorher nicht abgestimmten \u00dcberbelegung hat der Vermieter das Recht, die Erf\u00fcllung dieser Vereinbarung ganz zu verweigern, wenn der Mieter nicht f\u00fcr eine alternative Unterbringung auf eigene Kosten der \u00fcberz\u00e4hligen Personen vor Ort sorgt.<\/li><\/ol><\/div><p>[\/vc_column_text][\/vc_column][\/vc_row]<\/p>","_et_gb_content_width":"","footnotes":""},"class_list":["post-10172","page","type-page","status-publish","hentry"],"yoast_head":"<!-- This site is optimized with the Yoast SEO Premium plugin v27.1 (Yoast SEO v27.1.1) - https:\/\/yoast.com\/product\/yoast-seo-premium-wordpress\/ -->\n<title>Terms and Conditions - contacto-mallorca<\/title>\n<meta name=\"description\" content=\"terms and conditions for reservations with contacto-mallorca - Holiday rental Majorca.Villas, Townhouses and Apartments\" \/>\n<meta name=\"robots\" content=\"index, follow, max-snippet:-1, max-image-preview:large, max-video-preview:-1\" \/>\n<link rel=\"canonical\" href=\"https:\/\/contacto-mallorca.de\/en\/terms-and-conditions\/\" \/>\n<meta property=\"og:locale\" content=\"en_US\" \/>\n<meta property=\"og:type\" content=\"article\" \/>\n<meta property=\"og:title\" content=\"Terms and Conditions\" \/>\n<meta property=\"og:description\" content=\"terms and conditions for reservations with contacto-mallorca - Holiday rental Majorca.Villas, Townhouses and Apartments\" \/>\n<meta property=\"og:url\" content=\"https:\/\/contacto-mallorca.de\/en\/terms-and-conditions\/\" \/>\n<meta property=\"og:site_name\" content=\"contacto-mallorca\" \/>\n<meta property=\"article:publisher\" content=\"https:\/\/www.facebook.com\/contacto.mallorca\/\" \/>\n<meta property=\"article:modified_time\" content=\"2025-04-23T06:31:49+00:00\" \/>\n<meta property=\"og:image\" content=\"https:\/\/contacto-mallorca.de\/wp-content\/uploads\/contacto-mallorca_ferienhaus_mallorca_6.jpg\" \/>\n\t<meta property=\"og:image:width\" content=\"1920\" \/>\n\t<meta property=\"og:image:height\" content=\"750\" \/>\n\t<meta property=\"og:image:type\" content=\"image\/jpeg\" \/>\n<meta name=\"twitter:card\" content=\"summary_large_image\" \/>\n<meta name=\"twitter:label1\" content=\"Est. reading time\" \/>\n\t<meta name=\"twitter:data1\" content=\"5 minutes\" \/>\n<script type=\"application\/ld+json\" class=\"yoast-schema-graph\">{\"@context\":\"https:\/\/schema.org\",\"@graph\":[{\"@type\":\"WebPage\",\"@id\":\"https:\/\/contacto-mallorca.de\/en\/terms-and-conditions\/\",\"url\":\"https:\/\/contacto-mallorca.de\/en\/terms-and-conditions\/\",\"name\":\"Terms and Conditions - contacto-mallorca\",\"isPartOf\":{\"@id\":\"https:\/\/contacto-mallorca.de\/en\/#website\"},\"datePublished\":\"2019-03-02T11:25:03+00:00\",\"dateModified\":\"2025-04-23T06:31:49+00:00\",\"description\":\"terms and conditions for reservations with contacto-mallorca - Holiday rental Majorca.Villas, Townhouses and Apartments\",\"breadcrumb\":{\"@id\":\"https:\/\/contacto-mallorca.de\/en\/terms-and-conditions\/#breadcrumb\"},\"inLanguage\":\"en-US\",\"potentialAction\":[{\"@type\":\"ReadAction\",\"target\":[\"https:\/\/contacto-mallorca.de\/en\/terms-and-conditions\/\"]}]},{\"@type\":\"BreadcrumbList\",\"@id\":\"https:\/\/contacto-mallorca.de\/en\/terms-and-conditions\/#breadcrumb\",\"itemListElement\":[{\"@type\":\"ListItem\",\"position\":1,\"name\":\"Home\",\"item\":\"https:\/\/contacto-mallorca.de\/en\/\"},{\"@type\":\"ListItem\",\"position\":2,\"name\":\"Terms and Conditions\"}]},{\"@type\":\"WebSite\",\"@id\":\"https:\/\/contacto-mallorca.de\/en\/#website\",\"url\":\"https:\/\/contacto-mallorca.de\/en\/\",\"name\":\"contacto-mallorca\",\"description\":\"Individueller Urlaub in wundersch\u00f6nen und preisg\u00fcnstigen Ferienwohnungen &amp; Ferienh\u00e4usern auf Mallorca\",\"publisher\":{\"@id\":\"https:\/\/contacto-mallorca.de\/en\/#organization\"},\"potentialAction\":[{\"@type\":\"SearchAction\",\"target\":{\"@type\":\"EntryPoint\",\"urlTemplate\":\"https:\/\/contacto-mallorca.de\/en\/?s={search_term_string}\"},\"query-input\":{\"@type\":\"PropertyValueSpecification\",\"valueRequired\":true,\"valueName\":\"search_term_string\"}}],\"inLanguage\":\"en-US\"},{\"@type\":\"Organization\",\"@id\":\"https:\/\/contacto-mallorca.de\/en\/#organization\",\"name\":\"contacto-mallorca\",\"url\":\"https:\/\/contacto-mallorca.de\/en\/\",\"logo\":{\"@type\":\"ImageObject\",\"inLanguage\":\"en-US\",\"@id\":\"https:\/\/contacto-mallorca.de\/en\/#\/schema\/logo\/image\/\",\"url\":\"https:\/\/contacto-mallorca.de\/wp-content\/uploads\/contacto_mallorca_logo_web.png\",\"contentUrl\":\"https:\/\/contacto-mallorca.de\/wp-content\/uploads\/contacto_mallorca_logo_web.png\",\"width\":372,\"height\":125,\"caption\":\"contacto-mallorca\"},\"image\":{\"@id\":\"https:\/\/contacto-mallorca.de\/en\/#\/schema\/logo\/image\/\"},\"sameAs\":[\"https:\/\/www.facebook.com\/contacto.mallorca\/\",\"https:\/\/www.instagram.com\/contacto.mallorca\/\",\"https:\/\/www.youtube.com\/channel\/UCIAhiObN3XGEoINx6OvG5ew\"]}]}<\/script>\n<!-- \/ Yoast SEO Premium plugin. -->","yoast_head_json":{"title":"Terms and Conditions - contacto-mallorca","description":"terms and conditions for reservations with contacto-mallorca - Holiday rental Majorca.Villas, Townhouses and Apartments","robots":{"index":"index","follow":"follow","max-snippet":"max-snippet:-1","max-image-preview":"max-image-preview:large","max-video-preview":"max-video-preview:-1"},"canonical":"https:\/\/contacto-mallorca.de\/en\/terms-and-conditions\/","og_locale":"en_US","og_type":"article","og_title":"Terms and Conditions","og_description":"terms and conditions for reservations with contacto-mallorca - Holiday rental Majorca.Villas, Townhouses and Apartments","og_url":"https:\/\/contacto-mallorca.de\/en\/terms-and-conditions\/","og_site_name":"contacto-mallorca","article_publisher":"https:\/\/www.facebook.com\/contacto.mallorca\/","article_modified_time":"2025-04-23T06:31:49+00:00","og_image":[{"width":1920,"height":750,"url":"https:\/\/contacto-mallorca.de\/wp-content\/uploads\/contacto-mallorca_ferienhaus_mallorca_6.jpg","type":"image\/jpeg"}],"twitter_card":"summary_large_image","twitter_misc":{"Est. reading time":"5 minutes"},"schema":{"@context":"https:\/\/schema.org","@graph":[{"@type":"WebPage","@id":"https:\/\/contacto-mallorca.de\/en\/terms-and-conditions\/","url":"https:\/\/contacto-mallorca.de\/en\/terms-and-conditions\/","name":"Terms and Conditions - contacto-mallorca","isPartOf":{"@id":"https:\/\/contacto-mallorca.de\/en\/#website"},"datePublished":"2019-03-02T11:25:03+00:00","dateModified":"2025-04-23T06:31:49+00:00","description":"terms and conditions for reservations with contacto-mallorca - Holiday rental Majorca.Villas, Townhouses and Apartments","breadcrumb":{"@id":"https:\/\/contacto-mallorca.de\/en\/terms-and-conditions\/#breadcrumb"},"inLanguage":"en-US","potentialAction":[{"@type":"ReadAction","target":["https:\/\/contacto-mallorca.de\/en\/terms-and-conditions\/"]}]},{"@type":"BreadcrumbList","@id":"https:\/\/contacto-mallorca.de\/en\/terms-and-conditions\/#breadcrumb","itemListElement":[{"@type":"ListItem","position":1,"name":"Home","item":"https:\/\/contacto-mallorca.de\/en\/"},{"@type":"ListItem","position":2,"name":"Terms and Conditions"}]},{"@type":"WebSite","@id":"https:\/\/contacto-mallorca.de\/en\/#website","url":"https:\/\/contacto-mallorca.de\/en\/","name":"contacto-mallorca","description":"Individueller Urlaub in wundersch\u00f6nen und preisg\u00fcnstigen Ferienwohnungen &amp; Ferienh\u00e4usern auf Mallorca","publisher":{"@id":"https:\/\/contacto-mallorca.de\/en\/#organization"},"potentialAction":[{"@type":"SearchAction","target":{"@type":"EntryPoint","urlTemplate":"https:\/\/contacto-mallorca.de\/en\/?s={search_term_string}"},"query-input":{"@type":"PropertyValueSpecification","valueRequired":true,"valueName":"search_term_string"}}],"inLanguage":"en-US"},{"@type":"Organization","@id":"https:\/\/contacto-mallorca.de\/en\/#organization","name":"contacto-mallorca","url":"https:\/\/contacto-mallorca.de\/en\/","logo":{"@type":"ImageObject","inLanguage":"en-US","@id":"https:\/\/contacto-mallorca.de\/en\/#\/schema\/logo\/image\/","url":"https:\/\/contacto-mallorca.de\/wp-content\/uploads\/contacto_mallorca_logo_web.png","contentUrl":"https:\/\/contacto-mallorca.de\/wp-content\/uploads\/contacto_mallorca_logo_web.png","width":372,"height":125,"caption":"contacto-mallorca"},"image":{"@id":"https:\/\/contacto-mallorca.de\/en\/#\/schema\/logo\/image\/"},"sameAs":["https:\/\/www.facebook.com\/contacto.mallorca\/","https:\/\/www.instagram.com\/contacto.mallorca\/","https:\/\/www.youtube.com\/channel\/UCIAhiObN3XGEoINx6OvG5ew"]}]}},"_links":{"self":[{"href":"https:\/\/contacto-mallorca.de\/en\/wp-json\/wp\/v2\/pages\/10172","targetHints":{"allow":["GET"]}}],"collection":[{"href":"https:\/\/contacto-mallorca.de\/en\/wp-json\/wp\/v2\/pages"}],"about":[{"href":"https:\/\/contacto-mallorca.de\/en\/wp-json\/wp\/v2\/types\/page"}],"author":[{"embeddable":true,"href":"https:\/\/contacto-mallorca.de\/en\/wp-json\/wp\/v2\/users\/6"}],"replies":[{"embeddable":true,"href":"https:\/\/contacto-mallorca.de\/en\/wp-json\/wp\/v2\/comments?post=10172"}],"version-history":[{"count":3,"href":"https:\/\/contacto-mallorca.de\/en\/wp-json\/wp\/v2\/pages\/10172\/revisions"}],"predecessor-version":[{"id":36918,"href":"https:\/\/contacto-mallorca.de\/en\/wp-json\/wp\/v2\/pages\/10172\/revisions\/36918"}],"wp:attachment":[{"href":"https:\/\/contacto-mallorca.de\/en\/wp-json\/wp\/v2\/media?parent=10172"}],"curies":[{"name":"wp","href":"https:\/\/api.w.org\/{rel}","templated":true}]}}