{"id":10197,"date":"2019-03-02T12:53:06","date_gmt":"2019-03-02T11:53:06","guid":{"rendered":"https:\/\/contacto-mallorca.de\/contact\/"},"modified":"2025-01-31T19:50:28","modified_gmt":"2025-01-31T18:50:28","slug":"contact","status":"publish","type":"page","link":"https:\/\/contacto-mallorca.de\/en\/contact\/","title":{"rendered":"Contact"},"content":{"rendered":"<p>[et_pb_section fb_built=&#8221;1&#8243; _builder_version=&#8221;4.16&#8243; custom_margin=&#8221;0px||0px|&#8221; custom_padding=&#8221;0px||0px||false|false&#8221; global_colors_info=&#8221;{}&#8221;][et_pb_row _builder_version=&#8221;4.16&#8243; max_width=&#8221;1080px&#8221; custom_margin=&#8221;0px||0px|&#8221; custom_padding=&#8221;0px||0px|&#8221; global_colors_info=&#8221;{}&#8221;][et_pb_column type=&#8221;4_4&#8243; _builder_version=&#8221;4.16&#8243; custom_padding=&#8221;|||&#8221; global_colors_info=&#8221;{}&#8221; custom_padding__hover=&#8221;|||&#8221;][et_pb_post_title meta=&#8221;off&#8221; featured_image=&#8221;off&#8221; _builder_version=&#8221;4.22.2&#8243; title_text_align=&#8221;center&#8221; text_orientation=&#8221;center&#8221; hover_enabled=&#8221;0&#8243; global_colors_info=&#8221;{}&#8221; custom_padding=&#8221;30px||||false|false&#8221; sticky_enabled=&#8221;0&#8243;][\/et_pb_post_title][\/et_pb_column][\/et_pb_row][et_pb_row column_structure=&#8221;2_3,1_3&#8243; _builder_version=&#8221;4.16&#8243; max_width=&#8221;1080px&#8221; global_colors_info=&#8221;{}&#8221;][et_pb_column type=&#8221;2_3&#8243; _builder_version=&#8221;4.16&#8243; custom_padding=&#8221;|||&#8221; global_colors_info=&#8221;{}&#8221; custom_padding__hover=&#8221;|||&#8221;][et_pb_contact_form email=&#8221;info@contacto-mallorca.de&#8221; success_message=&#8221;Thank you for your message.&#8221; submit_button_text=&#8221;Send&#8221; _builder_version=&#8221;4.16&#8243; _unique_id=&#8221;6182d18a-cdba-47c1-b26f-15840b35037c&#8221; form_field_background_color=&#8221;#ffffff&#8221; form_field_text_color=&#8221;#666666&#8243; form_field_text_align=&#8221;left&#8221; form_field_font_size=&#8221;16px&#8221; text_orientation=&#8221;left&#8221; z_index_tablet=&#8221;500&#8243; title_text_shadow_horizontal_length_tablet=&#8221;0px&#8221; title_text_shadow_vertical_length_tablet=&#8221;0px&#8221; title_text_shadow_blur_strength_tablet=&#8221;1px&#8221; captcha_text_shadow_horizontal_length_tablet=&#8221;0px&#8221; captcha_text_shadow_vertical_length_tablet=&#8221;0px&#8221; captcha_text_shadow_blur_strength_tablet=&#8221;1px&#8221; form_field_text_shadow_horizontal_length_tablet=&#8221;0px&#8221; form_field_text_shadow_vertical_length_tablet=&#8221;0px&#8221; form_field_text_shadow_blur_strength_tablet=&#8221;1px&#8221; border_width_all=&#8221;1px&#8221; border_color_all=&#8221;#009fe3&#8243; button_text_shadow_horizontal_length_tablet=&#8221;0px&#8221; button_text_shadow_vertical_length_tablet=&#8221;0px&#8221; button_text_shadow_blur_strength_tablet=&#8221;1px&#8221; box_shadow_horizontal_tablet=&#8221;0px&#8221; box_shadow_vertical_tablet=&#8221;0px&#8221; box_shadow_blur_tablet=&#8221;40px&#8221; box_shadow_spread_tablet=&#8221;0px&#8221; box_shadow_horizontal_button_tablet=&#8221;0px&#8221; box_shadow_vertical_button_tablet=&#8221;0px&#8221; box_shadow_blur_button_tablet=&#8221;40px&#8221; box_shadow_spread_button_tablet=&#8221;0px&#8221; text_shadow_horizontal_length_tablet=&#8221;0px&#8221; text_shadow_vertical_length_tablet=&#8221;0px&#8221; text_shadow_blur_strength_tablet=&#8221;1px&#8221; global_colors_info=&#8221;{}&#8221;][et_pb_contact_field field_id=&#8221;Vorname&#8221; field_title=&#8221;First name (*)&#8221; field_title_tablet=&#8221;Vorname (*)&#8221; field_title_phone=&#8221;Vorname (*)&#8221; _builder_version=&#8221;4.16&#8243; background_color_gradient_direction_tablet=&#8221;180deg&#8221; background_color_gradient_direction_phone=&#8221;180deg&#8221; background_color_gradient_stops_tablet=&#8221;#2b87da 0%|#29c4a9 100%&#8221; background_color_gradient_stops_phone=&#8221;#2b87da 0%|#29c4a9 100%&#8221; background_color_gradient_start_position_tablet=&#8221;0%&#8221; background_color_gradient_start_position_phone=&#8221;0%&#8221; background_color_gradient_end_position_tablet=&#8221;100%&#8221; background_color_gradient_end_position_phone=&#8221;100%&#8221; hover_transition_duration_tablet=&#8221;300ms&#8221; hover_transition_duration_phone=&#8221;300ms&#8221; hover_transition_delay_tablet=&#8221;0ms&#8221; hover_transition_delay_phone=&#8221;0ms&#8221; form_field_text_shadow_horizontal_length_tablet=&#8221;0em&#8221; form_field_text_shadow_horizontal_length_phone=&#8221;0em&#8221; form_field_text_shadow_vertical_length_tablet=&#8221;0em&#8221; form_field_text_shadow_vertical_length_phone=&#8221;0em&#8221; form_field_text_shadow_blur_strength_tablet=&#8221;0em&#8221; form_field_text_shadow_blur_strength_phone=&#8221;0em&#8221; box_shadow_horizontal_tablet=&#8221;0px&#8221; box_shadow_horizontal_phone=&#8221;0px&#8221; box_shadow_vertical_tablet=&#8221;0px&#8221; box_shadow_vertical_phone=&#8221;0px&#8221; box_shadow_blur_tablet=&#8221;40px&#8221; box_shadow_blur_phone=&#8221;40px&#8221; box_shadow_spread_tablet=&#8221;0px&#8221; box_shadow_spread_phone=&#8221;0px&#8221; global_colors_info=&#8221;{}&#8221;][\/et_pb_contact_field][et_pb_contact_field field_id=&#8221;Nachname&#8221; field_title=&#8221;Last name (*)&#8221; field_title_tablet=&#8221;Nachname (*)&#8221; field_title_phone=&#8221;Nachname (*)&#8221; _builder_version=&#8221;4.16&#8243; background_color_gradient_direction_tablet=&#8221;180deg&#8221; background_color_gradient_direction_phone=&#8221;180deg&#8221; background_color_gradient_stops_tablet=&#8221;#2b87da 0%|#29c4a9 100%&#8221; background_color_gradient_stops_phone=&#8221;#2b87da 0%|#29c4a9 100%&#8221; background_color_gradient_start_position_tablet=&#8221;0%&#8221; background_color_gradient_start_position_phone=&#8221;0%&#8221; background_color_gradient_end_position_tablet=&#8221;100%&#8221; background_color_gradient_end_position_phone=&#8221;100%&#8221; hover_transition_duration_tablet=&#8221;300ms&#8221; hover_transition_duration_phone=&#8221;300ms&#8221; hover_transition_delay_tablet=&#8221;0ms&#8221; hover_transition_delay_phone=&#8221;0ms&#8221; form_field_text_shadow_horizontal_length_tablet=&#8221;0em&#8221; form_field_text_shadow_horizontal_length_phone=&#8221;0em&#8221; form_field_text_shadow_vertical_length_tablet=&#8221;0em&#8221; form_field_text_shadow_vertical_length_phone=&#8221;0em&#8221; form_field_text_shadow_blur_strength_tablet=&#8221;0em&#8221; form_field_text_shadow_blur_strength_phone=&#8221;0em&#8221; box_shadow_horizontal_tablet=&#8221;0px&#8221; box_shadow_horizontal_phone=&#8221;0px&#8221; box_shadow_vertical_tablet=&#8221;0px&#8221; box_shadow_vertical_phone=&#8221;0px&#8221; box_shadow_blur_tablet=&#8221;40px&#8221; box_shadow_blur_phone=&#8221;40px&#8221; box_shadow_spread_tablet=&#8221;0px&#8221; box_shadow_spread_phone=&#8221;0px&#8221; global_colors_info=&#8221;{}&#8221;][\/et_pb_contact_field][et_pb_contact_field field_id=&#8221;Email&#8221; field_title=&#8221;E-mail address (*)&#8221; field_type=&#8221;email&#8221; field_title_tablet=&#8221;E-Mail-Adresse (*)&#8221; field_title_phone=&#8221;E-Mail-Adresse (*)&#8221; _builder_version=&#8221;4.16&#8243; background_color_gradient_direction_tablet=&#8221;180deg&#8221; background_color_gradient_direction_phone=&#8221;180deg&#8221; background_color_gradient_stops_tablet=&#8221;#2b87da 0%|#29c4a9 100%&#8221; background_color_gradient_stops_phone=&#8221;#2b87da 0%|#29c4a9 100%&#8221; background_color_gradient_start_position_tablet=&#8221;0%&#8221; background_color_gradient_start_position_phone=&#8221;0%&#8221; background_color_gradient_end_position_tablet=&#8221;100%&#8221; background_color_gradient_end_position_phone=&#8221;100%&#8221; hover_transition_duration_tablet=&#8221;300ms&#8221; hover_transition_duration_phone=&#8221;300ms&#8221; hover_transition_delay_tablet=&#8221;0ms&#8221; hover_transition_delay_phone=&#8221;0ms&#8221; form_field_text_shadow_horizontal_length_tablet=&#8221;0em&#8221; form_field_text_shadow_horizontal_length_phone=&#8221;0em&#8221; form_field_text_shadow_vertical_length_tablet=&#8221;0em&#8221; form_field_text_shadow_vertical_length_phone=&#8221;0em&#8221; form_field_text_shadow_blur_strength_tablet=&#8221;0em&#8221; form_field_text_shadow_blur_strength_phone=&#8221;0em&#8221; box_shadow_horizontal_tablet=&#8221;0px&#8221; box_shadow_horizontal_phone=&#8221;0px&#8221; box_shadow_vertical_tablet=&#8221;0px&#8221; box_shadow_vertical_phone=&#8221;0px&#8221; box_shadow_blur_tablet=&#8221;40px&#8221; box_shadow_blur_phone=&#8221;40px&#8221; box_shadow_spread_tablet=&#8221;0px&#8221; box_shadow_spread_phone=&#8221;0px&#8221; global_colors_info=&#8221;{}&#8221;][\/et_pb_contact_field][et_pb_contact_field field_id=&#8221;Betreff&#8221; field_title=&#8221;Subject (*)&#8221; field_title_tablet=&#8221;Betreff (*)&#8221; field_title_phone=&#8221;Betreff (*)&#8221; _builder_version=&#8221;4.16&#8243; background_color_gradient_direction_tablet=&#8221;180deg&#8221; background_color_gradient_direction_phone=&#8221;180deg&#8221; background_color_gradient_stops_tablet=&#8221;#2b87da 0%|#29c4a9 100%&#8221; background_color_gradient_stops_phone=&#8221;#2b87da 0%|#29c4a9 100%&#8221; background_color_gradient_start_position_tablet=&#8221;0%&#8221; background_color_gradient_start_position_phone=&#8221;0%&#8221; background_color_gradient_end_position_tablet=&#8221;100%&#8221; background_color_gradient_end_position_phone=&#8221;100%&#8221; hover_transition_duration_tablet=&#8221;300ms&#8221; hover_transition_duration_phone=&#8221;300ms&#8221; hover_transition_delay_tablet=&#8221;0ms&#8221; hover_transition_delay_phone=&#8221;0ms&#8221; form_field_text_shadow_horizontal_length_tablet=&#8221;0em&#8221; form_field_text_shadow_horizontal_length_phone=&#8221;0em&#8221; form_field_text_shadow_vertical_length_tablet=&#8221;0em&#8221; form_field_text_shadow_vertical_length_phone=&#8221;0em&#8221; form_field_text_shadow_blur_strength_tablet=&#8221;0em&#8221; form_field_text_shadow_blur_strength_phone=&#8221;0em&#8221; box_shadow_horizontal_tablet=&#8221;0px&#8221; box_shadow_horizontal_phone=&#8221;0px&#8221; box_shadow_vertical_tablet=&#8221;0px&#8221; box_shadow_vertical_phone=&#8221;0px&#8221; box_shadow_blur_tablet=&#8221;40px&#8221; box_shadow_blur_phone=&#8221;40px&#8221; box_shadow_spread_tablet=&#8221;0px&#8221; box_shadow_spread_phone=&#8221;0px&#8221; global_colors_info=&#8221;{}&#8221;][\/et_pb_contact_field][et_pb_contact_field field_id=&#8221;Nachricht&#8221; field_title=&#8221;Message (*)&#8221; field_type=&#8221;text&#8221; fullwidth_field=&#8221;on&#8221; field_title_tablet=&#8221;Nachricht (*)&#8221; field_title_phone=&#8221;Nachricht (*)&#8221; _builder_version=&#8221;4.16&#8243; background_color_gradient_direction_tablet=&#8221;180deg&#8221; background_color_gradient_direction_phone=&#8221;180deg&#8221; background_color_gradient_stops_tablet=&#8221;#2b87da 0%|#29c4a9 100%&#8221; background_color_gradient_stops_phone=&#8221;#2b87da 0%|#29c4a9 100%&#8221; background_color_gradient_start_position_tablet=&#8221;0%&#8221; background_color_gradient_start_position_phone=&#8221;0%&#8221; background_color_gradient_end_position_tablet=&#8221;100%&#8221; background_color_gradient_end_position_phone=&#8221;100%&#8221; hover_transition_duration_tablet=&#8221;300ms&#8221; hover_transition_duration_phone=&#8221;300ms&#8221; hover_transition_delay_tablet=&#8221;0ms&#8221; hover_transition_delay_phone=&#8221;0ms&#8221; form_field_text_shadow_horizontal_length_tablet=&#8221;0em&#8221; form_field_text_shadow_horizontal_length_phone=&#8221;0em&#8221; form_field_text_shadow_vertical_length_tablet=&#8221;0em&#8221; form_field_text_shadow_vertical_length_phone=&#8221;0em&#8221; form_field_text_shadow_blur_strength_tablet=&#8221;0em&#8221; form_field_text_shadow_blur_strength_phone=&#8221;0em&#8221; box_shadow_horizontal_tablet=&#8221;0px&#8221; box_shadow_horizontal_phone=&#8221;0px&#8221; box_shadow_vertical_tablet=&#8221;0px&#8221; box_shadow_vertical_phone=&#8221;0px&#8221; box_shadow_blur_tablet=&#8221;40px&#8221; box_shadow_blur_phone=&#8221;40px&#8221; box_shadow_spread_tablet=&#8221;0px&#8221; box_shadow_spread_phone=&#8221;0px&#8221; global_colors_info=&#8221;{}&#8221;][\/et_pb_contact_field][\/et_pb_contact_form][\/et_pb_column][et_pb_column type=&#8221;1_3&#8243; _builder_version=&#8221;4.16&#8243; custom_padding=&#8221;|||&#8221; global_colors_info=&#8221;{}&#8221; custom_padding__hover=&#8221;|||&#8221;][et_pb_text _builder_version=&#8221;4.16&#8243; z_index_tablet=&#8221;500&#8243; text_text_shadow_horizontal_length_tablet=&#8221;0px&#8221; text_text_shadow_vertical_length_tablet=&#8221;0px&#8221; text_text_shadow_blur_strength_tablet=&#8221;1px&#8221; link_text_shadow_horizontal_length_tablet=&#8221;0px&#8221; link_text_shadow_vertical_length_tablet=&#8221;0px&#8221; link_text_shadow_blur_strength_tablet=&#8221;1px&#8221; ul_text_shadow_horizontal_length_tablet=&#8221;0px&#8221; ul_text_shadow_vertical_length_tablet=&#8221;0px&#8221; ul_text_shadow_blur_strength_tablet=&#8221;1px&#8221; ol_text_shadow_horizontal_length_tablet=&#8221;0px&#8221; ol_text_shadow_vertical_length_tablet=&#8221;0px&#8221; ol_text_shadow_blur_strength_tablet=&#8221;1px&#8221; quote_text_shadow_horizontal_length_tablet=&#8221;0px&#8221; quote_text_shadow_vertical_length_tablet=&#8221;0px&#8221; quote_text_shadow_blur_strength_tablet=&#8221;1px&#8221; header_text_shadow_horizontal_length_tablet=&#8221;0px&#8221; header_text_shadow_vertical_length_tablet=&#8221;0px&#8221; header_text_shadow_blur_strength_tablet=&#8221;1px&#8221; header_2_text_shadow_horizontal_length_tablet=&#8221;0px&#8221; header_2_text_shadow_vertical_length_tablet=&#8221;0px&#8221; header_2_text_shadow_blur_strength_tablet=&#8221;1px&#8221; header_3_text_shadow_horizontal_length_tablet=&#8221;0px&#8221; header_3_text_shadow_vertical_length_tablet=&#8221;0px&#8221; header_3_text_shadow_blur_strength_tablet=&#8221;1px&#8221; header_4_text_shadow_horizontal_length_tablet=&#8221;0px&#8221; header_4_text_shadow_vertical_length_tablet=&#8221;0px&#8221; header_4_text_shadow_blur_strength_tablet=&#8221;1px&#8221; header_5_text_shadow_horizontal_length_tablet=&#8221;0px&#8221; header_5_text_shadow_vertical_length_tablet=&#8221;0px&#8221; header_5_text_shadow_blur_strength_tablet=&#8221;1px&#8221; header_6_text_shadow_horizontal_length_tablet=&#8221;0px&#8221; header_6_text_shadow_vertical_length_tablet=&#8221;0px&#8221; header_6_text_shadow_blur_strength_tablet=&#8221;1px&#8221; box_shadow_horizontal_tablet=&#8221;0px&#8221; box_shadow_vertical_tablet=&#8221;0px&#8221; box_shadow_blur_tablet=&#8221;40px&#8221; box_shadow_spread_tablet=&#8221;0px&#8221; global_colors_info=&#8221;{}&#8221;]<\/p>\n<h3>contacto mallorca<\/h3>\n<p>Phone Germany:<br \/><a title=\"Phone contacto-mallorca\" href=\"tel:00491736051981\">+49 (0) 173 60 51 981<\/a><\/p>\n<p>Email:<br \/><a href=\"mailto:info@contacto-mallorca.de\">info@contacto-mallorca.de<\/a><\/p>\n<p>Your contact person:<br \/>Martina Prager<\/p>\n<\/p>\n<p>[\/et_pb_text][\/et_pb_column][\/et_pb_row][\/et_pb_section]<\/p>\n","protected":false},"excerpt":{"rendered":"<p>contacto mallorcaPhone Germany:+49 (0) 173 60 51 981Email:info@contacto-mallorca.deYour contact person:Martina Prager<\/p>\n","protected":false},"author":6,"featured_media":0,"parent":0,"menu_order":22,"comment_status":"open","ping_status":"open","template":"page.php","meta":{"_et_pb_use_builder":"on","_et_pb_old_content":"<h3>Contacto Mallorca<\/h3><p>Telefon Deutschland:<br \/><a href=\"tel:0049 3031803882\">+49 (0) 30 318 038 82<\/a><\/p><p>Email:<br \/><a href=\"mailto:info@contacto-mallorca.de\">info@contacto-mallorca.de<\/a><\/p><p>Ihre Ansprechpartnerin:<br \/>Martina Prager<\/p>","_et_gb_content_width":"","footnotes":""},"class_list":["post-10197","page","type-page","status-publish","hentry"],"yoast_head":"<!-- This site is optimized with the Yoast SEO Premium plugin v27.1 (Yoast SEO v27.1.1) - https:\/\/yoast.com\/product\/yoast-seo-premium-wordpress\/ -->\n<title>Contact - contacto-mallorca<\/title>\n<meta name=\"robots\" content=\"index, follow, max-snippet:-1, max-image-preview:large, max-video-preview:-1\" \/>\n<link rel=\"canonical\" href=\"https:\/\/contacto-mallorca.de\/en\/contact\/\" \/>\n<meta property=\"og:locale\" content=\"en_US\" \/>\n<meta property=\"og:type\" content=\"article\" \/>\n<meta property=\"og:title\" content=\"Contact\" \/>\n<meta property=\"og:description\" content=\"contacto mallorcaPhone Germany:+49 (0) 173 60 51 981Email:info@contacto-mallorca.deYour contact person:Martina Prager\" \/>\n<meta property=\"og:url\" content=\"https:\/\/contacto-mallorca.de\/en\/contact\/\" \/>\n<meta property=\"og:site_name\" content=\"contacto-mallorca\" \/>\n<meta property=\"article:publisher\" content=\"https:\/\/www.facebook.com\/contacto.mallorca\/\" \/>\n<meta property=\"article:modified_time\" content=\"2025-01-31T18:50:28+00:00\" \/>\n<meta property=\"og:image\" content=\"https:\/\/contacto-mallorca.de\/wp-content\/uploads\/contacto-mallorca_ferienhaus_mallorca_6.jpg\" \/>\n\t<meta property=\"og:image:width\" content=\"1920\" \/>\n\t<meta property=\"og:image:height\" content=\"750\" \/>\n\t<meta property=\"og:image:type\" content=\"image\/jpeg\" \/>\n<meta name=\"twitter:card\" content=\"summary_large_image\" \/>\n<meta name=\"twitter:label1\" content=\"Est. reading time\" \/>\n\t<meta name=\"twitter:data1\" content=\"1 minute\" \/>\n<script type=\"application\/ld+json\" class=\"yoast-schema-graph\">{\"@context\":\"https:\/\/schema.org\",\"@graph\":[{\"@type\":\"WebPage\",\"@id\":\"https:\/\/contacto-mallorca.de\/en\/contact\/\",\"url\":\"https:\/\/contacto-mallorca.de\/en\/contact\/\",\"name\":\"Contact - contacto-mallorca\",\"isPartOf\":{\"@id\":\"https:\/\/contacto-mallorca.de\/en\/#website\"},\"datePublished\":\"2019-03-02T11:53:06+00:00\",\"dateModified\":\"2025-01-31T18:50:28+00:00\",\"breadcrumb\":{\"@id\":\"https:\/\/contacto-mallorca.de\/en\/contact\/#breadcrumb\"},\"inLanguage\":\"en-US\",\"potentialAction\":[{\"@type\":\"ReadAction\",\"target\":[\"https:\/\/contacto-mallorca.de\/en\/contact\/\"]}]},{\"@type\":\"BreadcrumbList\",\"@id\":\"https:\/\/contacto-mallorca.de\/en\/contact\/#breadcrumb\",\"itemListElement\":[{\"@type\":\"ListItem\",\"position\":1,\"name\":\"Home\",\"item\":\"https:\/\/contacto-mallorca.de\/en\/\"},{\"@type\":\"ListItem\",\"position\":2,\"name\":\"Contact\"}]},{\"@type\":\"WebSite\",\"@id\":\"https:\/\/contacto-mallorca.de\/en\/#website\",\"url\":\"https:\/\/contacto-mallorca.de\/en\/\",\"name\":\"contacto-mallorca\",\"description\":\"Individueller Urlaub in wundersch\u00f6nen und preisg\u00fcnstigen Ferienwohnungen &amp; Ferienh\u00e4usern auf Mallorca\",\"publisher\":{\"@id\":\"https:\/\/contacto-mallorca.de\/en\/#organization\"},\"potentialAction\":[{\"@type\":\"SearchAction\",\"target\":{\"@type\":\"EntryPoint\",\"urlTemplate\":\"https:\/\/contacto-mallorca.de\/en\/?s={search_term_string}\"},\"query-input\":{\"@type\":\"PropertyValueSpecification\",\"valueRequired\":true,\"valueName\":\"search_term_string\"}}],\"inLanguage\":\"en-US\"},{\"@type\":\"Organization\",\"@id\":\"https:\/\/contacto-mallorca.de\/en\/#organization\",\"name\":\"contacto-mallorca\",\"url\":\"https:\/\/contacto-mallorca.de\/en\/\",\"logo\":{\"@type\":\"ImageObject\",\"inLanguage\":\"en-US\",\"@id\":\"https:\/\/contacto-mallorca.de\/en\/#\/schema\/logo\/image\/\",\"url\":\"https:\/\/contacto-mallorca.de\/wp-content\/uploads\/contacto_mallorca_logo_web.png\",\"contentUrl\":\"https:\/\/contacto-mallorca.de\/wp-content\/uploads\/contacto_mallorca_logo_web.png\",\"width\":372,\"height\":125,\"caption\":\"contacto-mallorca\"},\"image\":{\"@id\":\"https:\/\/contacto-mallorca.de\/en\/#\/schema\/logo\/image\/\"},\"sameAs\":[\"https:\/\/www.facebook.com\/contacto.mallorca\/\",\"https:\/\/www.instagram.com\/contacto.mallorca\/\",\"https:\/\/www.youtube.com\/channel\/UCIAhiObN3XGEoINx6OvG5ew\"]}]}<\/script>\n<!-- \/ Yoast SEO Premium plugin. -->","yoast_head_json":{"title":"Contact - contacto-mallorca","robots":{"index":"index","follow":"follow","max-snippet":"max-snippet:-1","max-image-preview":"max-image-preview:large","max-video-preview":"max-video-preview:-1"},"canonical":"https:\/\/contacto-mallorca.de\/en\/contact\/","og_locale":"en_US","og_type":"article","og_title":"Contact","og_description":"contacto mallorcaPhone Germany:+49 (0) 173 60 51 981Email:info@contacto-mallorca.deYour contact person:Martina Prager","og_url":"https:\/\/contacto-mallorca.de\/en\/contact\/","og_site_name":"contacto-mallorca","article_publisher":"https:\/\/www.facebook.com\/contacto.mallorca\/","article_modified_time":"2025-01-31T18:50:28+00:00","og_image":[{"width":1920,"height":750,"url":"https:\/\/contacto-mallorca.de\/wp-content\/uploads\/contacto-mallorca_ferienhaus_mallorca_6.jpg","type":"image\/jpeg"}],"twitter_card":"summary_large_image","twitter_misc":{"Est. reading time":"1 minute"},"schema":{"@context":"https:\/\/schema.org","@graph":[{"@type":"WebPage","@id":"https:\/\/contacto-mallorca.de\/en\/contact\/","url":"https:\/\/contacto-mallorca.de\/en\/contact\/","name":"Contact - contacto-mallorca","isPartOf":{"@id":"https:\/\/contacto-mallorca.de\/en\/#website"},"datePublished":"2019-03-02T11:53:06+00:00","dateModified":"2025-01-31T18:50:28+00:00","breadcrumb":{"@id":"https:\/\/contacto-mallorca.de\/en\/contact\/#breadcrumb"},"inLanguage":"en-US","potentialAction":[{"@type":"ReadAction","target":["https:\/\/contacto-mallorca.de\/en\/contact\/"]}]},{"@type":"BreadcrumbList","@id":"https:\/\/contacto-mallorca.de\/en\/contact\/#breadcrumb","itemListElement":[{"@type":"ListItem","position":1,"name":"Home","item":"https:\/\/contacto-mallorca.de\/en\/"},{"@type":"ListItem","position":2,"name":"Contact"}]},{"@type":"WebSite","@id":"https:\/\/contacto-mallorca.de\/en\/#website","url":"https:\/\/contacto-mallorca.de\/en\/","name":"contacto-mallorca","description":"Individueller Urlaub in wundersch\u00f6nen und preisg\u00fcnstigen Ferienwohnungen &amp; Ferienh\u00e4usern auf Mallorca","publisher":{"@id":"https:\/\/contacto-mallorca.de\/en\/#organization"},"potentialAction":[{"@type":"SearchAction","target":{"@type":"EntryPoint","urlTemplate":"https:\/\/contacto-mallorca.de\/en\/?s={search_term_string}"},"query-input":{"@type":"PropertyValueSpecification","valueRequired":true,"valueName":"search_term_string"}}],"inLanguage":"en-US"},{"@type":"Organization","@id":"https:\/\/contacto-mallorca.de\/en\/#organization","name":"contacto-mallorca","url":"https:\/\/contacto-mallorca.de\/en\/","logo":{"@type":"ImageObject","inLanguage":"en-US","@id":"https:\/\/contacto-mallorca.de\/en\/#\/schema\/logo\/image\/","url":"https:\/\/contacto-mallorca.de\/wp-content\/uploads\/contacto_mallorca_logo_web.png","contentUrl":"https:\/\/contacto-mallorca.de\/wp-content\/uploads\/contacto_mallorca_logo_web.png","width":372,"height":125,"caption":"contacto-mallorca"},"image":{"@id":"https:\/\/contacto-mallorca.de\/en\/#\/schema\/logo\/image\/"},"sameAs":["https:\/\/www.facebook.com\/contacto.mallorca\/","https:\/\/www.instagram.com\/contacto.mallorca\/","https:\/\/www.youtube.com\/channel\/UCIAhiObN3XGEoINx6OvG5ew"]}]}},"_links":{"self":[{"href":"https:\/\/contacto-mallorca.de\/en\/wp-json\/wp\/v2\/pages\/10197","targetHints":{"allow":["GET"]}}],"collection":[{"href":"https:\/\/contacto-mallorca.de\/en\/wp-json\/wp\/v2\/pages"}],"about":[{"href":"https:\/\/contacto-mallorca.de\/en\/wp-json\/wp\/v2\/types\/page"}],"author":[{"embeddable":true,"href":"https:\/\/contacto-mallorca.de\/en\/wp-json\/wp\/v2\/users\/6"}],"replies":[{"embeddable":true,"href":"https:\/\/contacto-mallorca.de\/en\/wp-json\/wp\/v2\/comments?post=10197"}],"version-history":[{"count":2,"href":"https:\/\/contacto-mallorca.de\/en\/wp-json\/wp\/v2\/pages\/10197\/revisions"}],"predecessor-version":[{"id":36591,"href":"https:\/\/contacto-mallorca.de\/en\/wp-json\/wp\/v2\/pages\/10197\/revisions\/36591"}],"wp:attachment":[{"href":"https:\/\/contacto-mallorca.de\/en\/wp-json\/wp\/v2\/media?parent=10197"}],"curies":[{"name":"wp","href":"https:\/\/api.w.org\/{rel}","templated":true}]}}