{"id":10230,"date":"2019-03-02T13:51:20","date_gmt":"2019-03-02T12:51:20","guid":{"rendered":"https:\/\/contacto-mallorca.de\/villas\/"},"modified":"2026-03-18T18:06:35","modified_gmt":"2026-03-18T17:06:35","slug":"villas","status":"publish","type":"page","link":"https:\/\/contacto-mallorca.de\/en\/villas\/","title":{"rendered":"Villas"},"content":{"rendered":"<p>[et_pb_section fb_built=&#8221;1&#8243; module_class=&#8221;overflow&#8221; _builder_version=&#8221;4.27.6&#8243; custom_margin=&#8221;||||false|false&#8221; custom_padding=&#8221;||||false|false&#8221; global_colors_info=&#8221;{}&#8221;][et_pb_row custom_padding_last_edited=&#8221;on|phone&#8221; _builder_version=&#8221;4.27.6&#8243; custom_margin=&#8221;||||false|false&#8221; custom_padding=&#8221;||0px||false|false&#8221; custom_padding_tablet=&#8221;0px||0px||false|false&#8221; custom_padding_phone=&#8221;0px||||false|false&#8221; global_colors_info=&#8221;{}&#8221;][et_pb_column type=&#8221;4_4&#8243; _builder_version=&#8221;4.27.5&#8243; custom_padding=&#8221;0px||0px||false|false&#8221; global_colors_info=&#8221;{}&#8221; custom_padding__hover=&#8221;|||&#8221;][et_pb_text admin_label=&#8221;Titel&#8221; _builder_version=&#8221;4.27.6&#8243; header_text_align=&#8221;center&#8221; text_orientation=&#8221;center&#8221; custom_margin=&#8221;||||false|false&#8221; custom_padding=&#8221;||||false|false&#8221; global_colors_info=&#8221;{}&#8221;]<\/p>\n<h2>Villas in Majorca<\/h2>\n<p>[\/et_pb_text][\/et_pb_column][\/et_pb_row][et_pb_row _builder_version=&#8221;4.16&#8243; global_colors_info=&#8221;{}&#8221;][et_pb_column type=&#8221;4_4&#8243; _builder_version=&#8221;4.16&#8243; custom_padding=&#8221;|||&#8221; global_colors_info=&#8221;{}&#8221; custom_padding__hover=&#8221;|||&#8221;][et_pb_blog posts_number=&#8221;50&#8243; include_categories=&#8221;69&#8243; meta_date=&#8221;dd.mm.YYYY&#8221; show_author=&#8221;off&#8221; show_date=&#8221;off&#8221; show_categories=&#8221;off&#8221; admin_label=&#8221;Alle Fincas Posts&#8221; module_class=&#8221;ds-grid-blog&#8221; _builder_version=&#8221;4.16&#8243; header_level=&#8221;h3&#8243; custom_padding=&#8221;|0px||0px&#8221; z_index_tablet=&#8221;500&#8243; header_text_shadow_horizontal_length_tablet=&#8221;0px&#8221; header_text_shadow_vertical_length_tablet=&#8221;0px&#8221; header_text_shadow_blur_strength_tablet=&#8221;1px&#8221; body_text_shadow_horizontal_length_tablet=&#8221;0px&#8221; body_text_shadow_vertical_length_tablet=&#8221;0px&#8221; body_text_shadow_blur_strength_tablet=&#8221;1px&#8221; meta_text_shadow_horizontal_length_tablet=&#8221;0px&#8221; meta_text_shadow_vertical_length_tablet=&#8221;0px&#8221; meta_text_shadow_blur_strength_tablet=&#8221;1px&#8221; read_more_text_shadow_horizontal_length_tablet=&#8221;0px&#8221; read_more_text_shadow_vertical_length_tablet=&#8221;0px&#8221; read_more_text_shadow_blur_strength_tablet=&#8221;1px&#8221; pagination_text_shadow_horizontal_length_tablet=&#8221;0px&#8221; pagination_text_shadow_vertical_length_tablet=&#8221;0px&#8221; pagination_text_shadow_blur_strength_tablet=&#8221;1px&#8221; body_link_text_shadow_horizontal_length_tablet=&#8221;0px&#8221; body_link_text_shadow_vertical_length_tablet=&#8221;0px&#8221; body_link_text_shadow_blur_strength_tablet=&#8221;1px&#8221; body_ul_text_shadow_horizontal_length_tablet=&#8221;0px&#8221; body_ul_text_shadow_vertical_length_tablet=&#8221;0px&#8221; body_ul_text_shadow_blur_strength_tablet=&#8221;1px&#8221; body_ol_text_shadow_horizontal_length_tablet=&#8221;0px&#8221; body_ol_text_shadow_vertical_length_tablet=&#8221;0px&#8221; body_ol_text_shadow_blur_strength_tablet=&#8221;1px&#8221; body_quote_text_shadow_horizontal_length_tablet=&#8221;0px&#8221; body_quote_text_shadow_vertical_length_tablet=&#8221;0px&#8221; body_quote_text_shadow_blur_strength_tablet=&#8221;1px&#8221; border_width_all=&#8221;0px&#8221; box_shadow_horizontal_tablet=&#8221;0px&#8221; box_shadow_vertical_tablet=&#8221;0px&#8221; box_shadow_blur_tablet=&#8221;40px&#8221; box_shadow_spread_tablet=&#8221;0px&#8221; box_shadow_horizontal_image_tablet=&#8221;0px&#8221; box_shadow_vertical_image_tablet=&#8221;0px&#8221; box_shadow_blur_image_tablet=&#8221;40px&#8221; box_shadow_spread_image_tablet=&#8221;0px&#8221; text_shadow_horizontal_length_tablet=&#8221;0px&#8221; text_shadow_vertical_length_tablet=&#8221;0px&#8221; text_shadow_blur_strength_tablet=&#8221;1px&#8221; saved_tabs=&#8221;all&#8221; global_colors_info=&#8221;{}&#8221;][\/et_pb_blog][\/et_pb_column][\/et_pb_row][\/et_pb_section]<\/p>\n","protected":false},"excerpt":{"rendered":"<p>Villas in Majorca<\/p>\n","protected":false},"author":6,"featured_media":0,"parent":0,"menu_order":19,"comment_status":"open","ping_status":"closed","template":"page.php","meta":{"_et_pb_use_builder":"on","_et_pb_old_content":"[bookingsearchresults]","_et_gb_content_width":"","footnotes":""},"class_list":["post-10230","page","type-page","status-publish","hentry"],"yoast_head":"<!-- This site is optimized with the Yoast SEO Premium plugin v27.1 (Yoast SEO v27.1.1) - https:\/\/yoast.com\/product\/yoast-seo-premium-wordpress\/ -->\n<title>Villas in Majorca - holiday home rental contacto-mallorca<\/title>\n<meta name=\"description\" content=\"Villas in Majorca - holiday home rental contacto-mallorca, villas with private pool, studios, apartments, townhouses\" \/>\n<meta name=\"robots\" content=\"index, follow, max-snippet:-1, max-image-preview:large, max-video-preview:-1\" \/>\n<link rel=\"canonical\" href=\"https:\/\/contacto-mallorca.de\/en\/villas\/\" \/>\n<meta property=\"og:locale\" content=\"en_US\" \/>\n<meta property=\"og:type\" content=\"article\" \/>\n<meta property=\"og:title\" content=\"Villas\" \/>\n<meta property=\"og:description\" content=\"Villas in Majorca - holiday home rental contacto-mallorca, villas with private pool, studios, apartments, townhouses\" \/>\n<meta property=\"og:url\" content=\"https:\/\/contacto-mallorca.de\/en\/villas\/\" \/>\n<meta property=\"og:site_name\" content=\"contacto-mallorca\" \/>\n<meta property=\"article:publisher\" content=\"https:\/\/www.facebook.com\/contacto.mallorca\/\" \/>\n<meta property=\"article:modified_time\" content=\"2026-03-18T17:06:35+00:00\" \/>\n<meta property=\"og:image\" content=\"https:\/\/contacto-mallorca.de\/wp-content\/uploads\/contacto-mallorca_ferienhaus_mallorca_6.jpg\" \/>\n\t<meta property=\"og:image:width\" content=\"1920\" \/>\n\t<meta property=\"og:image:height\" content=\"750\" \/>\n\t<meta property=\"og:image:type\" content=\"image\/jpeg\" \/>\n<meta name=\"twitter:card\" content=\"summary_large_image\" \/>\n<meta name=\"twitter:label1\" content=\"Est. reading time\" \/>\n\t<meta name=\"twitter:data1\" content=\"7 minutes\" \/>\n<script type=\"application\/ld+json\" class=\"yoast-schema-graph\">{\"@context\":\"https:\/\/schema.org\",\"@graph\":[{\"@type\":\"WebPage\",\"@id\":\"https:\/\/contacto-mallorca.de\/en\/villas\/\",\"url\":\"https:\/\/contacto-mallorca.de\/en\/villas\/\",\"name\":\"Villas in Majorca - holiday home rental contacto-mallorca\",\"isPartOf\":{\"@id\":\"https:\/\/contacto-mallorca.de\/en\/#website\"},\"datePublished\":\"2019-03-02T12:51:20+00:00\",\"dateModified\":\"2026-03-18T17:06:35+00:00\",\"description\":\"Villas in Majorca - holiday home rental contacto-mallorca, villas with private pool, studios, apartments, townhouses\",\"breadcrumb\":{\"@id\":\"https:\/\/contacto-mallorca.de\/en\/villas\/#breadcrumb\"},\"inLanguage\":\"en-US\",\"potentialAction\":[{\"@type\":\"ReadAction\",\"target\":[\"https:\/\/contacto-mallorca.de\/en\/villas\/\"]}]},{\"@type\":\"BreadcrumbList\",\"@id\":\"https:\/\/contacto-mallorca.de\/en\/villas\/#breadcrumb\",\"itemListElement\":[{\"@type\":\"ListItem\",\"position\":1,\"name\":\"Home\",\"item\":\"https:\/\/contacto-mallorca.de\/en\/\"},{\"@type\":\"ListItem\",\"position\":2,\"name\":\"Villas\"}]},{\"@type\":\"WebSite\",\"@id\":\"https:\/\/contacto-mallorca.de\/en\/#website\",\"url\":\"https:\/\/contacto-mallorca.de\/en\/\",\"name\":\"contacto-mallorca\",\"description\":\"Individueller Urlaub in wundersch\u00f6nen und preisg\u00fcnstigen Ferienwohnungen &amp; Ferienh\u00e4usern auf Mallorca\",\"publisher\":{\"@id\":\"https:\/\/contacto-mallorca.de\/en\/#organization\"},\"potentialAction\":[{\"@type\":\"SearchAction\",\"target\":{\"@type\":\"EntryPoint\",\"urlTemplate\":\"https:\/\/contacto-mallorca.de\/en\/?s={search_term_string}\"},\"query-input\":{\"@type\":\"PropertyValueSpecification\",\"valueRequired\":true,\"valueName\":\"search_term_string\"}}],\"inLanguage\":\"en-US\"},{\"@type\":\"Organization\",\"@id\":\"https:\/\/contacto-mallorca.de\/en\/#organization\",\"name\":\"contacto-mallorca\",\"url\":\"https:\/\/contacto-mallorca.de\/en\/\",\"logo\":{\"@type\":\"ImageObject\",\"inLanguage\":\"en-US\",\"@id\":\"https:\/\/contacto-mallorca.de\/en\/#\/schema\/logo\/image\/\",\"url\":\"https:\/\/contacto-mallorca.de\/wp-content\/uploads\/contacto_mallorca_logo_web.png\",\"contentUrl\":\"https:\/\/contacto-mallorca.de\/wp-content\/uploads\/contacto_mallorca_logo_web.png\",\"width\":372,\"height\":125,\"caption\":\"contacto-mallorca\"},\"image\":{\"@id\":\"https:\/\/contacto-mallorca.de\/en\/#\/schema\/logo\/image\/\"},\"sameAs\":[\"https:\/\/www.facebook.com\/contacto.mallorca\/\",\"https:\/\/www.instagram.com\/contacto.mallorca\/\",\"https:\/\/www.youtube.com\/channel\/UCIAhiObN3XGEoINx6OvG5ew\"]}]}<\/script>\n<!-- \/ Yoast SEO Premium plugin. -->","yoast_head_json":{"title":"Villas in Majorca - holiday home rental contacto-mallorca","description":"Villas in Majorca - holiday home rental contacto-mallorca, villas with private pool, studios, apartments, townhouses","robots":{"index":"index","follow":"follow","max-snippet":"max-snippet:-1","max-image-preview":"max-image-preview:large","max-video-preview":"max-video-preview:-1"},"canonical":"https:\/\/contacto-mallorca.de\/en\/villas\/","og_locale":"en_US","og_type":"article","og_title":"Villas","og_description":"Villas in Majorca - holiday home rental contacto-mallorca, villas with private pool, studios, apartments, townhouses","og_url":"https:\/\/contacto-mallorca.de\/en\/villas\/","og_site_name":"contacto-mallorca","article_publisher":"https:\/\/www.facebook.com\/contacto.mallorca\/","article_modified_time":"2026-03-18T17:06:35+00:00","og_image":[{"width":1920,"height":750,"url":"https:\/\/contacto-mallorca.de\/wp-content\/uploads\/contacto-mallorca_ferienhaus_mallorca_6.jpg","type":"image\/jpeg"}],"twitter_card":"summary_large_image","twitter_misc":{"Est. reading time":"7 minutes"},"schema":{"@context":"https:\/\/schema.org","@graph":[{"@type":"WebPage","@id":"https:\/\/contacto-mallorca.de\/en\/villas\/","url":"https:\/\/contacto-mallorca.de\/en\/villas\/","name":"Villas in Majorca - holiday home rental contacto-mallorca","isPartOf":{"@id":"https:\/\/contacto-mallorca.de\/en\/#website"},"datePublished":"2019-03-02T12:51:20+00:00","dateModified":"2026-03-18T17:06:35+00:00","description":"Villas in Majorca - holiday home rental contacto-mallorca, villas with private pool, studios, apartments, townhouses","breadcrumb":{"@id":"https:\/\/contacto-mallorca.de\/en\/villas\/#breadcrumb"},"inLanguage":"en-US","potentialAction":[{"@type":"ReadAction","target":["https:\/\/contacto-mallorca.de\/en\/villas\/"]}]},{"@type":"BreadcrumbList","@id":"https:\/\/contacto-mallorca.de\/en\/villas\/#breadcrumb","itemListElement":[{"@type":"ListItem","position":1,"name":"Home","item":"https:\/\/contacto-mallorca.de\/en\/"},{"@type":"ListItem","position":2,"name":"Villas"}]},{"@type":"WebSite","@id":"https:\/\/contacto-mallorca.de\/en\/#website","url":"https:\/\/contacto-mallorca.de\/en\/","name":"contacto-mallorca","description":"Individueller Urlaub in wundersch\u00f6nen und preisg\u00fcnstigen Ferienwohnungen &amp; Ferienh\u00e4usern auf Mallorca","publisher":{"@id":"https:\/\/contacto-mallorca.de\/en\/#organization"},"potentialAction":[{"@type":"SearchAction","target":{"@type":"EntryPoint","urlTemplate":"https:\/\/contacto-mallorca.de\/en\/?s={search_term_string}"},"query-input":{"@type":"PropertyValueSpecification","valueRequired":true,"valueName":"search_term_string"}}],"inLanguage":"en-US"},{"@type":"Organization","@id":"https:\/\/contacto-mallorca.de\/en\/#organization","name":"contacto-mallorca","url":"https:\/\/contacto-mallorca.de\/en\/","logo":{"@type":"ImageObject","inLanguage":"en-US","@id":"https:\/\/contacto-mallorca.de\/en\/#\/schema\/logo\/image\/","url":"https:\/\/contacto-mallorca.de\/wp-content\/uploads\/contacto_mallorca_logo_web.png","contentUrl":"https:\/\/contacto-mallorca.de\/wp-content\/uploads\/contacto_mallorca_logo_web.png","width":372,"height":125,"caption":"contacto-mallorca"},"image":{"@id":"https:\/\/contacto-mallorca.de\/en\/#\/schema\/logo\/image\/"},"sameAs":["https:\/\/www.facebook.com\/contacto.mallorca\/","https:\/\/www.instagram.com\/contacto.mallorca\/","https:\/\/www.youtube.com\/channel\/UCIAhiObN3XGEoINx6OvG5ew"]}]}},"_links":{"self":[{"href":"https:\/\/contacto-mallorca.de\/en\/wp-json\/wp\/v2\/pages\/10230","targetHints":{"allow":["GET"]}}],"collection":[{"href":"https:\/\/contacto-mallorca.de\/en\/wp-json\/wp\/v2\/pages"}],"about":[{"href":"https:\/\/contacto-mallorca.de\/en\/wp-json\/wp\/v2\/types\/page"}],"author":[{"embeddable":true,"href":"https:\/\/contacto-mallorca.de\/en\/wp-json\/wp\/v2\/users\/6"}],"replies":[{"embeddable":true,"href":"https:\/\/contacto-mallorca.de\/en\/wp-json\/wp\/v2\/comments?post=10230"}],"version-history":[{"count":17,"href":"https:\/\/contacto-mallorca.de\/en\/wp-json\/wp\/v2\/pages\/10230\/revisions"}],"predecessor-version":[{"id":39081,"href":"https:\/\/contacto-mallorca.de\/en\/wp-json\/wp\/v2\/pages\/10230\/revisions\/39081"}],"wp:attachment":[{"href":"https:\/\/contacto-mallorca.de\/en\/wp-json\/wp\/v2\/media?parent=10230"}],"curies":[{"name":"wp","href":"https:\/\/api.w.org\/{rel}","templated":true}]}}