{"id":11184,"date":"2019-03-14T12:00:53","date_gmt":"2019-03-14T11:00:53","guid":{"rendered":"https:\/\/contacto-mallorca.de\/last-minute\/"},"modified":"2025-04-25T20:20:35","modified_gmt":"2025-04-25T18:20:35","slug":"last-minute-majorca","status":"publish","type":"page","link":"https:\/\/contacto-mallorca.de\/en\/last-minute-majorca\/","title":{"rendered":"Last Minute Majorca"},"content":{"rendered":"<p>[et_pb_section fb_built=&#8221;1&#8243; module_class=&#8221;overflow&#8221; _builder_version=&#8221;4.16&#8243; custom_margin=&#8221;0px||0px|&#8221; custom_padding=&#8221;0px||0px||false|false&#8221; global_colors_info=&#8221;{}&#8221;][et_pb_row _builder_version=&#8221;4.22.2&#8243; custom_margin=&#8221;0px||0px|&#8221; custom_padding=&#8221;0px||0px|&#8221; global_colors_info=&#8221;{}&#8221;][et_pb_column type=&#8221;4_4&#8243; _builder_version=&#8221;4.16&#8243; custom_padding=&#8221;|||&#8221; global_colors_info=&#8221;{}&#8221; custom_padding__hover=&#8221;|||&#8221;][et_pb_text disabled_on=&#8221;off|off|off&#8221; admin_label=&#8221;Titel&#8221; _builder_version=&#8221;4.22.2&#8243; header_text_align=&#8221;center&#8221; text_orientation=&#8221;center&#8221; global_colors_info=&#8221;{}&#8221;]<\/p>\n<h2>Last Minute holiday Majorca<\/h2>\n<p>[\/et_pb_text][\/et_pb_column][\/et_pb_row][et_pb_row _builder_version=&#8221;4.16&#8243; global_colors_info=&#8221;{}&#8221;][et_pb_column type=&#8221;4_4&#8243; _builder_version=&#8221;4.16&#8243; custom_padding=&#8221;|||&#8221; global_colors_info=&#8221;{}&#8221; custom_padding__hover=&#8221;|||&#8221;][et_pb_blog posts_number=&#8221;60&#8243; include_categories=&#8221;76&#8243; meta_date=&#8221;dd.mm.YYYY&#8221; show_more=&#8221;on&#8221; show_author=&#8221;off&#8221; show_date=&#8221;off&#8221; show_categories=&#8221;off&#8221; disabled_on=&#8221;off|off|off&#8221; admin_label=&#8221;Alle Last Minute Posts&#8221; module_class=&#8221;ds-grid-blog&#8221; _builder_version=&#8221;4.22.2&#8243; header_level=&#8221;h3&#8243; custom_padding=&#8221;|0px||0px&#8221; hover_enabled=&#8221;0&#8243; border_width_all=&#8221;0px&#8221; saved_tabs=&#8221;all&#8221; global_colors_info=&#8221;{}&#8221; sticky_enabled=&#8221;0&#8243;][\/et_pb_blog][\/et_pb_column][\/et_pb_row][et_pb_row disabled_on=&#8221;off|off|off&#8221; _builder_version=&#8221;4.16&#8243; disabled=&#8221;on&#8221; global_colors_info=&#8221;{}&#8221; posts_number=&#8221;60&#8243; meta_date=&#8221;dd.mm.YYYY&#8221; show_author=&#8221;off&#8221; show_date=&#8221;off&#8221; show_categories=&#8221;off&#8221; show_pagination=&#8221;off&#8221; offset_number=&#8221;0&#8243; module_class=&#8221;ds-grid-blog title-acc&#8221; header_level=&#8221;h3&#8243; custom_padding=&#8221;|0px||0px&#8221; border_width_all=&#8221;0px&#8221;][et_pb_column type=&#8221;4_4&#8243; _builder_version=&#8221;4.16&#8243; global_colors_info=&#8221;{}&#8221;][et_pb_text disabled_on=&#8221;off|off|off&#8221; _builder_version=&#8221;4.16&#8243; global_colors_info=&#8221;{}&#8221;]<\/p>\n<h2 style=\"text-align: center;\">There are no last minute offers available at the moment.<\/h2>\n<p>&nbsp;<\/p>\n<p>&nbsp;<\/p>\n<p>&nbsp;<\/p>\n<p>&nbsp;<\/p>\n<p>[\/et_pb_text][\/et_pb_column][\/et_pb_row][\/et_pb_section]<\/p>\n","protected":false},"excerpt":{"rendered":"<p>Last Minute holiday MajorcaThere are no last minute offers available at the moment. &nbsp; &nbsp; &nbsp; &nbsp;<\/p>\n","protected":false},"author":6,"featured_media":18749,"parent":0,"menu_order":31,"comment_status":"open","ping_status":"closed","template":"page.php","meta":{"_et_pb_use_builder":"on","_et_pb_old_content":"[bookingsearchresults]","_et_gb_content_width":"","footnotes":""},"class_list":["post-11184","page","type-page","status-publish","has-post-thumbnail","hentry"],"yoast_head":"<!-- This site is optimized with the Yoast SEO Premium plugin v27.1 (Yoast SEO v27.1.1) - https:\/\/yoast.com\/product\/yoast-seo-premium-wordpress\/ -->\n<title>Last Minute Majorca - contacto-mallorca<\/title>\n<meta name=\"robots\" content=\"index, follow, max-snippet:-1, max-image-preview:large, max-video-preview:-1\" \/>\n<link rel=\"canonical\" href=\"https:\/\/contacto-mallorca.de\/en\/last-minute-majorca\/\" \/>\n<meta property=\"og:locale\" content=\"en_US\" \/>\n<meta property=\"og:type\" content=\"article\" \/>\n<meta property=\"og:title\" content=\"Last Minute Majorca\" \/>\n<meta property=\"og:description\" content=\"Last Minute holiday MajorcaThere are no last minute offers available at the moment. &nbsp; &nbsp; &nbsp; &nbsp;\" \/>\n<meta property=\"og:url\" content=\"https:\/\/contacto-mallorca.de\/en\/last-minute-majorca\/\" \/>\n<meta property=\"og:site_name\" content=\"contacto-mallorca\" \/>\n<meta property=\"article:publisher\" content=\"https:\/\/www.facebook.com\/contacto.mallorca\/\" \/>\n<meta property=\"article:modified_time\" content=\"2025-04-25T18:20:35+00:00\" \/>\n<meta property=\"og:image\" content=\"https:\/\/contacto-mallorca.de\/wp-content\/uploads\/contacto-mallorca_finca_carels_petit_start-2.jpg\" \/>\n\t<meta property=\"og:image:width\" content=\"910\" \/>\n\t<meta property=\"og:image:height\" content=\"910\" \/>\n\t<meta property=\"og:image:type\" content=\"image\/jpeg\" \/>\n<meta name=\"twitter:card\" content=\"summary_large_image\" \/>\n<meta name=\"twitter:label1\" content=\"Est. reading time\" \/>\n\t<meta name=\"twitter:data1\" content=\"8 minutes\" \/>\n<script type=\"application\/ld+json\" class=\"yoast-schema-graph\">{\"@context\":\"https:\/\/schema.org\",\"@graph\":[{\"@type\":\"WebPage\",\"@id\":\"https:\/\/contacto-mallorca.de\/en\/last-minute-majorca\/\",\"url\":\"https:\/\/contacto-mallorca.de\/en\/last-minute-majorca\/\",\"name\":\"Last Minute Majorca - contacto-mallorca\",\"isPartOf\":{\"@id\":\"https:\/\/contacto-mallorca.de\/en\/#website\"},\"primaryImageOfPage\":{\"@id\":\"https:\/\/contacto-mallorca.de\/en\/last-minute-majorca\/#primaryimage\"},\"image\":{\"@id\":\"https:\/\/contacto-mallorca.de\/en\/last-minute-majorca\/#primaryimage\"},\"thumbnailUrl\":\"https:\/\/contacto-mallorca.de\/wp-content\/uploads\/contacto-mallorca_finca_carels_petit_start-2.jpg\",\"datePublished\":\"2019-03-14T11:00:53+00:00\",\"dateModified\":\"2025-04-25T18:20:35+00:00\",\"breadcrumb\":{\"@id\":\"https:\/\/contacto-mallorca.de\/en\/last-minute-majorca\/#breadcrumb\"},\"inLanguage\":\"en-US\",\"potentialAction\":[{\"@type\":\"ReadAction\",\"target\":[\"https:\/\/contacto-mallorca.de\/en\/last-minute-majorca\/\"]}]},{\"@type\":\"ImageObject\",\"inLanguage\":\"en-US\",\"@id\":\"https:\/\/contacto-mallorca.de\/en\/last-minute-majorca\/#primaryimage\",\"url\":\"https:\/\/contacto-mallorca.de\/wp-content\/uploads\/contacto-mallorca_finca_carels_petit_start-2.jpg\",\"contentUrl\":\"https:\/\/contacto-mallorca.de\/wp-content\/uploads\/contacto-mallorca_finca_carels_petit_start-2.jpg\",\"width\":910,\"height\":910},{\"@type\":\"BreadcrumbList\",\"@id\":\"https:\/\/contacto-mallorca.de\/en\/last-minute-majorca\/#breadcrumb\",\"itemListElement\":[{\"@type\":\"ListItem\",\"position\":1,\"name\":\"Home\",\"item\":\"https:\/\/contacto-mallorca.de\/en\/\"},{\"@type\":\"ListItem\",\"position\":2,\"name\":\"Last Minute Majorca\"}]},{\"@type\":\"WebSite\",\"@id\":\"https:\/\/contacto-mallorca.de\/en\/#website\",\"url\":\"https:\/\/contacto-mallorca.de\/en\/\",\"name\":\"contacto-mallorca\",\"description\":\"Individueller Urlaub in wundersch\u00f6nen und preisg\u00fcnstigen Ferienwohnungen &amp; Ferienh\u00e4usern auf Mallorca\",\"publisher\":{\"@id\":\"https:\/\/contacto-mallorca.de\/en\/#organization\"},\"potentialAction\":[{\"@type\":\"SearchAction\",\"target\":{\"@type\":\"EntryPoint\",\"urlTemplate\":\"https:\/\/contacto-mallorca.de\/en\/?s={search_term_string}\"},\"query-input\":{\"@type\":\"PropertyValueSpecification\",\"valueRequired\":true,\"valueName\":\"search_term_string\"}}],\"inLanguage\":\"en-US\"},{\"@type\":\"Organization\",\"@id\":\"https:\/\/contacto-mallorca.de\/en\/#organization\",\"name\":\"contacto-mallorca\",\"url\":\"https:\/\/contacto-mallorca.de\/en\/\",\"logo\":{\"@type\":\"ImageObject\",\"inLanguage\":\"en-US\",\"@id\":\"https:\/\/contacto-mallorca.de\/en\/#\/schema\/logo\/image\/\",\"url\":\"https:\/\/contacto-mallorca.de\/wp-content\/uploads\/contacto_mallorca_logo_web.png\",\"contentUrl\":\"https:\/\/contacto-mallorca.de\/wp-content\/uploads\/contacto_mallorca_logo_web.png\",\"width\":372,\"height\":125,\"caption\":\"contacto-mallorca\"},\"image\":{\"@id\":\"https:\/\/contacto-mallorca.de\/en\/#\/schema\/logo\/image\/\"},\"sameAs\":[\"https:\/\/www.facebook.com\/contacto.mallorca\/\",\"https:\/\/www.instagram.com\/contacto.mallorca\/\",\"https:\/\/www.youtube.com\/channel\/UCIAhiObN3XGEoINx6OvG5ew\"]}]}<\/script>\n<!-- \/ Yoast SEO Premium plugin. -->","yoast_head_json":{"title":"Last Minute Majorca - contacto-mallorca","robots":{"index":"index","follow":"follow","max-snippet":"max-snippet:-1","max-image-preview":"max-image-preview:large","max-video-preview":"max-video-preview:-1"},"canonical":"https:\/\/contacto-mallorca.de\/en\/last-minute-majorca\/","og_locale":"en_US","og_type":"article","og_title":"Last Minute Majorca","og_description":"Last Minute holiday MajorcaThere are no last minute offers available at the moment. &nbsp; &nbsp; &nbsp; &nbsp;","og_url":"https:\/\/contacto-mallorca.de\/en\/last-minute-majorca\/","og_site_name":"contacto-mallorca","article_publisher":"https:\/\/www.facebook.com\/contacto.mallorca\/","article_modified_time":"2025-04-25T18:20:35+00:00","og_image":[{"width":910,"height":910,"url":"https:\/\/contacto-mallorca.de\/wp-content\/uploads\/contacto-mallorca_finca_carels_petit_start-2.jpg","type":"image\/jpeg"}],"twitter_card":"summary_large_image","twitter_misc":{"Est. reading time":"8 minutes"},"schema":{"@context":"https:\/\/schema.org","@graph":[{"@type":"WebPage","@id":"https:\/\/contacto-mallorca.de\/en\/last-minute-majorca\/","url":"https:\/\/contacto-mallorca.de\/en\/last-minute-majorca\/","name":"Last Minute Majorca - contacto-mallorca","isPartOf":{"@id":"https:\/\/contacto-mallorca.de\/en\/#website"},"primaryImageOfPage":{"@id":"https:\/\/contacto-mallorca.de\/en\/last-minute-majorca\/#primaryimage"},"image":{"@id":"https:\/\/contacto-mallorca.de\/en\/last-minute-majorca\/#primaryimage"},"thumbnailUrl":"https:\/\/contacto-mallorca.de\/wp-content\/uploads\/contacto-mallorca_finca_carels_petit_start-2.jpg","datePublished":"2019-03-14T11:00:53+00:00","dateModified":"2025-04-25T18:20:35+00:00","breadcrumb":{"@id":"https:\/\/contacto-mallorca.de\/en\/last-minute-majorca\/#breadcrumb"},"inLanguage":"en-US","potentialAction":[{"@type":"ReadAction","target":["https:\/\/contacto-mallorca.de\/en\/last-minute-majorca\/"]}]},{"@type":"ImageObject","inLanguage":"en-US","@id":"https:\/\/contacto-mallorca.de\/en\/last-minute-majorca\/#primaryimage","url":"https:\/\/contacto-mallorca.de\/wp-content\/uploads\/contacto-mallorca_finca_carels_petit_start-2.jpg","contentUrl":"https:\/\/contacto-mallorca.de\/wp-content\/uploads\/contacto-mallorca_finca_carels_petit_start-2.jpg","width":910,"height":910},{"@type":"BreadcrumbList","@id":"https:\/\/contacto-mallorca.de\/en\/last-minute-majorca\/#breadcrumb","itemListElement":[{"@type":"ListItem","position":1,"name":"Home","item":"https:\/\/contacto-mallorca.de\/en\/"},{"@type":"ListItem","position":2,"name":"Last Minute Majorca"}]},{"@type":"WebSite","@id":"https:\/\/contacto-mallorca.de\/en\/#website","url":"https:\/\/contacto-mallorca.de\/en\/","name":"contacto-mallorca","description":"Individueller Urlaub in wundersch\u00f6nen und preisg\u00fcnstigen Ferienwohnungen &amp; Ferienh\u00e4usern auf Mallorca","publisher":{"@id":"https:\/\/contacto-mallorca.de\/en\/#organization"},"potentialAction":[{"@type":"SearchAction","target":{"@type":"EntryPoint","urlTemplate":"https:\/\/contacto-mallorca.de\/en\/?s={search_term_string}"},"query-input":{"@type":"PropertyValueSpecification","valueRequired":true,"valueName":"search_term_string"}}],"inLanguage":"en-US"},{"@type":"Organization","@id":"https:\/\/contacto-mallorca.de\/en\/#organization","name":"contacto-mallorca","url":"https:\/\/contacto-mallorca.de\/en\/","logo":{"@type":"ImageObject","inLanguage":"en-US","@id":"https:\/\/contacto-mallorca.de\/en\/#\/schema\/logo\/image\/","url":"https:\/\/contacto-mallorca.de\/wp-content\/uploads\/contacto_mallorca_logo_web.png","contentUrl":"https:\/\/contacto-mallorca.de\/wp-content\/uploads\/contacto_mallorca_logo_web.png","width":372,"height":125,"caption":"contacto-mallorca"},"image":{"@id":"https:\/\/contacto-mallorca.de\/en\/#\/schema\/logo\/image\/"},"sameAs":["https:\/\/www.facebook.com\/contacto.mallorca\/","https:\/\/www.instagram.com\/contacto.mallorca\/","https:\/\/www.youtube.com\/channel\/UCIAhiObN3XGEoINx6OvG5ew"]}]}},"_links":{"self":[{"href":"https:\/\/contacto-mallorca.de\/en\/wp-json\/wp\/v2\/pages\/11184","targetHints":{"allow":["GET"]}}],"collection":[{"href":"https:\/\/contacto-mallorca.de\/en\/wp-json\/wp\/v2\/pages"}],"about":[{"href":"https:\/\/contacto-mallorca.de\/en\/wp-json\/wp\/v2\/types\/page"}],"author":[{"embeddable":true,"href":"https:\/\/contacto-mallorca.de\/en\/wp-json\/wp\/v2\/users\/6"}],"replies":[{"embeddable":true,"href":"https:\/\/contacto-mallorca.de\/en\/wp-json\/wp\/v2\/comments?post=11184"}],"version-history":[{"count":4,"href":"https:\/\/contacto-mallorca.de\/en\/wp-json\/wp\/v2\/pages\/11184\/revisions"}],"predecessor-version":[{"id":36990,"href":"https:\/\/contacto-mallorca.de\/en\/wp-json\/wp\/v2\/pages\/11184\/revisions\/36990"}],"wp:featuredmedia":[{"embeddable":true,"href":"https:\/\/contacto-mallorca.de\/en\/wp-json\/wp\/v2\/media\/18749"}],"wp:attachment":[{"href":"https:\/\/contacto-mallorca.de\/en\/wp-json\/wp\/v2\/media?parent=11184"}],"curies":[{"name":"wp","href":"https:\/\/api.w.org\/{rel}","templated":true}]}}