{"id":31383,"date":"2022-02-25T11:37:24","date_gmt":"2022-02-25T10:37:24","guid":{"rendered":"https:\/\/contacto-mallorca.de\/?page_id=31383"},"modified":"2022-03-03T07:34:17","modified_gmt":"2022-03-03T06:34:17","slug":"wanderfuehrer","status":"publish","type":"page","link":"https:\/\/contacto-mallorca.de\/en\/wanderfuehrer\/","title":{"rendered":"Wanderf\u00fchrer"},"content":{"rendered":"<p>[et_pb_section fb_built=&#8221;1&#8243; _builder_version=&#8221;4.14.7&#8243; custom_margin=&#8221;0px||0px|&#8221; custom_padding=&#8221;0px||0px||false|false&#8221; hover_enabled=&#8221;0&#8243; global_colors_info=&#8221;{}&#8221; sticky_enabled=&#8221;0&#8243;][et_pb_row _builder_version=&#8221;3.25&#8243; background_size=&#8221;initial&#8221; background_position=&#8221;top_left&#8221; background_repeat=&#8221;repeat&#8221; global_colors_info=&#8221;{}&#8221;][et_pb_column type=&#8221;4_4&#8243; _builder_version=&#8221;3.25&#8243; custom_padding=&#8221;|||&#8221; global_colors_info=&#8221;{}&#8221; custom_padding__hover=&#8221;|||&#8221;][et_pb_post_title meta=&#8221;off&#8221; featured_image=&#8221;off&#8221; disabled_on=&#8221;on|off|off&#8221; _builder_version=&#8221;3.21&#8243; title_text_align=&#8221;center&#8221; text_orientation=&#8221;center&#8221; global_colors_info=&#8221;{}&#8221;][\/et_pb_post_title][et_pb_post_title meta=&#8221;off&#8221; featured_image=&#8221;off&#8221; disabled_on=&#8221;off|on|on&#8221; _builder_version=&#8221;4.4.7&#8243; title_level=&#8221;h2&#8243; title_text_align=&#8221;center&#8221; title_font_size=&#8221;28px&#8221; text_orientation=&#8221;center&#8221; locked=&#8221;off&#8221; global_colors_info=&#8221;{}&#8221;][\/et_pb_post_title][et_pb_text disabled_on=&#8221;on|on|on&#8221; _builder_version=&#8221;4.4.7&#8243; disabled=&#8221;on&#8221; locked=&#8221;off&#8221; global_colors_info=&#8221;{}&#8221;]<\/p>\n<h3>Reisef\u00fchrer<\/h3>\n<p><strong><img loading=\"lazy\" decoding=\"async\" class=\"size-full wp-image-7625 alignright\" src=\"https:\/\/contacto-mallorca.de\/wp-content\/uploads\/pages_travel-guide-logo.jpg\" alt=\"\" width=\"220\" height=\"275\" \/><\/strong><\/p>\n<p><strong>contacto-mallorca bietet individuelle Ferienquartiere an \u2013 und der Michael M\u00fcller Verlag Reisef\u00fchrer f\u00fcr Individualurlauber.<\/strong><\/p>\n<p>Den Mallorca Reisef\u00fchrer (Autor Thomas Schr\u00f6der) habe ich selbst gelesen und erprobt und kann ihn nur empfehlen. Das jetzt in der siebten, vollst\u00e4ndig \u00fcberarbeiteten Auflage vorliegende Buch zeichnet ein umfassendes Bild der Insel und gibt insbesondere Individualtouristen eine F\u00fclle wertvoller praktischer Informationen mit auf den Weg. Die 9. Auflage ist 2014 erschienen.<\/p>\n<p><em>&#8220;Wegweiser zu den besten Adressen, informativ und praktisch.&#8221;<\/em>\u00a0&#8211; GEO SAISON<br \/><strong>\u00a0<\/strong><\/p>\n<p><a class=\"btn btn-primary btn-lg\" href=\"http:\/\/www.michael-mueller-verlag.de\/cgi-local\/mmv-partner.pl?id=con02&amp;title=mallorca_wandern\">Zum Anbieter<\/a><\/p>\n<h3>Wanderf\u00fchrer<\/h3>\n<p><strong><img loading=\"lazy\" decoding=\"async\" class=\"size-full wp-image-7623 alignright\" src=\"https:\/\/contacto-mallorca.de\/wp-content\/uploads\/pages_mallorca_wandern_200.jpg\" alt=\"\" width=\"200\" height=\"266\" \/>Eine gute Erg\u00e4nzung f\u00fcr alle Wanderlustigen ist der Wanderf\u00fchrer. Der Reiseautor Dietrich H\u00f6llhuber zeigt in 39 Touren das andere Mallorca.<\/strong><\/p>\n<p>\u201eDas Wanderherz schl\u00e4gt im Nordwesten, in der Serra de Tramuntana. Schroff thront sie \u00fcber einsamen Buchten, dramatische Schluchten enden an Bilderbuchstr\u00e4nden. Alternativ wandern wir auf Maultierpfaden durch schattige Steineichenw\u00e4lder oder auf Reitwegen eines echten k. u. k.-Erzherzogs. Oder wir treten \u2013 nicht wirklich bescheidener \u2013 in die Fu\u00dfstapfen von K\u00f6hlern und Schneesammlern. Ein wieder ganz anderes Mallorca durchstreifen wir im Osten im trockenen Llevant-Bergland, das genau wie der Insels\u00fcden mit \u00fcberraschend unber\u00fchrten K\u00fcstenabschnitten auftrumpft. Sch\u00f6n, dass die Wandersaison im Februar beginnt &#8230; \u201c<\/p>\n<p><strong>\u00a0<\/strong><\/p>\n<p><a class=\"btn btn-primary btn-lg\" href=\"http:\/\/www.michael-mueller-verlag.de\/cgi-local\/mmv-partner.pl?id=con02&amp;title=mallorca_wandern\">Zum Anbieter<\/a><\/p>\n<p>[\/et_pb_text][et_pb_text disabled_on=&#8221;on|off|off&#8221; module_class=&#8221;tick&#8221; _builder_version=&#8221;4.4.7&#8243; max_width=&#8221;600px&#8221; custom_margin=&#8221;|auto||auto|false|false&#8221; global_colors_info=&#8221;{}&#8221;]<\/p>\n<table class=\" aligncenter\" style=\"border-color: #ffffff;\" border=\"0\">\n<tbody>\n<tr>\n<td style=\"width: 350px; padding: 0px;\"><a href=\"http:\/\/www.michael-mueller-verlag.de\/cgi-local\/mmv-partner.pl?id=con02&amp;title=mallorca_wandern\" target=\"_blank\" rel=\"noopener noreferrer\"><img loading=\"lazy\" decoding=\"async\" class=\"size-full wp-image-7623 alignright\" src=\"https:\/\/contacto-mallorca.de\/wp-content\/uploads\/pages_mallorca_wandern_200.jpg\" alt=\"\" width=\"200\" height=\"266\" \/><\/a><\/td>\n<td style=\"width: 451.4px; padding-left: 60px;\">\n<ul>\n<li>39 Wandertouren<\/li>\n<li>Detaillierte Beschreibungen<\/li>\n<li>Hervorragende Karten<\/li>\n<li>Mallorca \u2013 wo es wirklich sch\u00f6n ist<\/li>\n<li>Touren f\u00fcr Kinder<\/li>\n<\/ul>\n<p><a class=\"btn btn-primary btn-lg\" style=\"top: 2px;\" href=\"http:\/\/www.michael-mueller-verlag.de\/cgi-local\/mmv-partner.pl?id=con02&amp;title=mallorca_wandern\" target=\"_blank\" rel=\"noopener noreferrer\">Wanderf\u00fchrer bestellen<\/a><\/td>\n<\/tr>\n<\/tbody>\n<\/table>\n<p>[\/et_pb_text][et_pb_text disabled_on=&#8221;off|on|on&#8221; module_class=&#8221;tick&#8221; _builder_version=&#8221;4.4.7&#8243; max_width=&#8221;600px&#8221; custom_margin=&#8221;|auto||auto|false|false&#8221; locked=&#8221;off&#8221; global_colors_info=&#8221;{}&#8221;]<\/p>\n<p style=\"display: block;\"><a href=\"http:\/\/www.michael-mueller-verlag.de\/cgi-local\/mmv-partner.pl?id=con02&amp;title=mallorca_wandern\" target=\"_blank\" rel=\"noopener noreferrer\"><img loading=\"lazy\" decoding=\"async\" class=\"size-full wp-image-7623 alignleft\" src=\"https:\/\/contacto-mallorca.de\/wp-content\/uploads\/pages_mallorca_wandern_200.jpg\" alt=\"\" width=\"200\" height=\"266\" data-wp-editing=\"1\" \/><\/a><\/p>\n<p>&nbsp;<br \/>\n&nbsp;<br \/>\n&nbsp;&nbsp;&nbsp;&nbsp;<br \/>\n&nbsp;<br \/>\n&nbsp;<br \/>\n&nbsp;<br \/>\n&nbsp;<br \/>\n&nbsp;<br \/>\n&nbsp;<br \/>\n&nbsp;<br \/>\n&nbsp;<\/p>\n<ul>\n<li>39 Wandertouren<\/li>\n<li>Detaillierte Beschreibungen<\/li>\n<li>Hervorragende Karten<\/li>\n<li>Mallorca \u2013 wo es wirklich sch\u00f6n ist<\/li>\n<li>Touren f\u00fcr Kinder<\/li>\n<\/ul>\n<p><a class=\"btn btn-primary btn-lg\" style=\"top: 2px;\" href=\"http:\/\/www.michael-mueller-verlag.de\/cgi-local\/mmv-partner.pl?id=con02&amp;title=mallorca_wandern\" target=\"_blank\" rel=\"noopener noreferrer\">Wanderf\u00fchrer bestellen<\/a>[\/et_pb_text][\/et_pb_column][\/et_pb_row][\/et_pb_section]<\/p>\n","protected":false},"excerpt":{"rendered":"<p>Reisef\u00fchrer contacto-mallorca bietet individuelle Ferienquartiere an \u2013 und der Michael M\u00fcller Verlag Reisef\u00fchrer f\u00fcr Individualurlauber. Den Mallorca Reisef\u00fchrer (Autor Thomas Schr\u00f6der) habe ich selbst gelesen und erprobt und kann ihn nur empfehlen. Das jetzt in der siebten, vollst\u00e4ndig \u00fcberarbeiteten Auflage vorliegende Buch zeichnet ein umfassendes Bild der Insel und gibt insbesondere Individualtouristen eine F\u00fclle wertvoller [&hellip;]<\/p>\n","protected":false},"author":6,"featured_media":0,"parent":0,"menu_order":38,"comment_status":"closed","ping_status":"closed","template":"","meta":{"_et_pb_use_builder":"on","_et_pb_old_content":"[et_pb_section fb_built=\"1\" _builder_version=\"3.22\" custom_margin=\"0px||0px|\" custom_padding=\"4%||0px|\" global_colors_info=\"{}\"][et_pb_row _builder_version=\"3.25\" background_size=\"initial\" background_position=\"top_left\" background_repeat=\"repeat\" global_colors_info=\"{}\"][et_pb_column type=\"4_4\" _builder_version=\"3.25\" custom_padding=\"|||\" global_colors_info=\"{}\" custom_padding__hover=\"|||\"][et_pb_post_title meta=\"off\" featured_image=\"off\" disabled_on=\"on|off|off\" _builder_version=\"3.21\" title_text_align=\"center\" text_orientation=\"center\" global_colors_info=\"{}\"][\/et_pb_post_title][et_pb_post_title meta=\"off\" featured_image=\"off\" disabled_on=\"off|on|on\" _builder_version=\"4.4.7\" title_level=\"h2\" title_text_align=\"center\" title_font_size=\"28px\" text_orientation=\"center\" locked=\"off\" global_colors_info=\"{}\"][\/et_pb_post_title][et_pb_text disabled_on=\"on|on|on\" _builder_version=\"4.4.7\" disabled=\"on\" locked=\"off\" global_colors_info=\"{}\"]<h3>Reisef\u00fchrer<\/h3>\r\n<p><strong><img class=\"size-full wp-image-7625 alignright\" src=\"https:\/\/contacto-mallorca.de\/wp-content\/uploads\/pages_travel-guide-logo.jpg\" alt=\"\" width=\"220\" height=\"275\" \/><\/strong><\/p>\r\n<p><strong>contacto-mallorca bietet individuelle Ferienquartiere an \u2013 und der Michael M\u00fcller Verlag Reisef\u00fchrer f\u00fcr Individualurlauber.<\/strong><\/p>\r\n<p>Den Mallorca Reisef\u00fchrer (Autor Thomas Schr\u00f6der) habe ich selbst gelesen und erprobt und kann ihn nur empfehlen. Das jetzt in der siebten, vollst\u00e4ndig \u00fcberarbeiteten Auflage vorliegende Buch zeichnet ein umfassendes Bild der Insel und gibt insbesondere Individualtouristen eine F\u00fclle wertvoller praktischer Informationen mit auf den Weg. Die 9. Auflage ist 2014 erschienen.<\/p>\r\n<p><em>\"Wegweiser zu den besten Adressen, informativ und praktisch.\"<\/em>\u00a0- GEO SAISON<br \/><strong>\u00a0<\/strong><\/p>\r\n<p><a class=\"btn btn-primary btn-lg\" href=\"http:\/\/www.michael-mueller-verlag.de\/cgi-local\/mmv-partner.pl?id=con02&title=mallorca_wandern\">Zum Anbieter<\/a><\/p>\r\n<h3>Wanderf\u00fchrer<\/h3>\r\n<p><strong><img class=\"size-full wp-image-7623 alignright\" src=\"https:\/\/contacto-mallorca.de\/wp-content\/uploads\/pages_mallorca_wandern_200.jpg\" alt=\"\" width=\"200\" height=\"266\" \/>Eine gute Erg\u00e4nzung f\u00fcr alle Wanderlustigen ist der Wanderf\u00fchrer. Der Reiseautor Dietrich H\u00f6llhuber zeigt in 39 Touren das andere Mallorca.<\/strong><\/p>\r\n<p>\u201eDas Wanderherz schl\u00e4gt im Nordwesten, in der Serra de Tramuntana. Schroff thront sie \u00fcber einsamen Buchten, dramatische Schluchten enden an Bilderbuchstr\u00e4nden. Alternativ wandern wir auf Maultierpfaden durch schattige Steineichenw\u00e4lder oder auf Reitwegen eines echten k. u. k.-Erzherzogs. Oder wir treten \u2013 nicht wirklich bescheidener \u2013 in die Fu\u00dfstapfen von K\u00f6hlern und Schneesammlern. Ein wieder ganz anderes Mallorca durchstreifen wir im Osten im trockenen Llevant-Bergland, das genau wie der Insels\u00fcden mit \u00fcberraschend unber\u00fchrten K\u00fcstenabschnitten auftrumpft. Sch\u00f6n, dass die Wandersaison im Februar beginnt ... \u201c<\/p>\r\n<p><strong>\u00a0<\/strong><\/p>\r\n<p><a class=\"btn btn-primary btn-lg\" href=\"http:\/\/www.michael-mueller-verlag.de\/cgi-local\/mmv-partner.pl?id=con02&title=mallorca_wandern\">Zum Anbieter<\/a><\/p>\r\n[\/et_pb_text][et_pb_text disabled_on=\"on|off|off\" module_class=\"tick\" _builder_version=\"4.4.7\" max_width=\"600px\" custom_margin=\"|auto||auto|false|false\" global_colors_info=\"{}\"]<table class=\" aligncenter\" style=\"border-color: #ffffff;\" border=\"0\">\r\n<tbody>\r\n<tr>\r\n<td style=\"width: 350px; padding: 0px;\"><a href=\"http:\/\/www.michael-mueller-verlag.de\/cgi-local\/mmv-partner.pl?id=con02&title=mallorca_wandern\" target=\"_blank\" rel=\"noopener noreferrer\"><img class=\"size-full wp-image-7623 alignright\" src=\"https:\/\/contacto-mallorca.de\/wp-content\/uploads\/pages_mallorca_wandern_200.jpg\" alt=\"\" width=\"200\" height=\"266\" \/><\/a><\/td>\r\n<td style=\"width: 451.4px; padding-left: 60px;\">\r\n<ul>\r\n\t<li>39 Wandertouren<\/li>\r\n\t<li>Detaillierte Beschreibungen<\/li>\r\n\t<li>Hervorragende Karten<\/li>\r\n\t<li>Mallorca \u2013 wo es wirklich sch\u00f6n ist<\/li>\r\n\t<li>Touren f\u00fcr Kinder<\/li>\r\n<\/ul>\r\n<a class=\"btn btn-primary btn-lg\" style=\"top: 2px;\" href=\"http:\/\/www.michael-mueller-verlag.de\/cgi-local\/mmv-partner.pl?id=con02&title=mallorca_wandern\" target=\"_blank\" rel=\"noopener noreferrer\">Wanderf\u00fchrer bestellen<\/a><\/td>\r\n<\/tr>\r\n<\/tbody>\r\n<\/table>[\/et_pb_text][et_pb_text disabled_on=\"off|on|on\" module_class=\"tick\" _builder_version=\"4.4.7\" max_width=\"600px\" custom_margin=\"|auto||auto|false|false\" locked=\"off\" global_colors_info=\"{}\"]<p style=\"display: block;\"><a href=\"http:\/\/www.michael-mueller-verlag.de\/cgi-local\/mmv-partner.pl?id=con02&title=mallorca_wandern\" target=\"_blank\" rel=\"noopener noreferrer\"><img class=\"size-full wp-image-7623 alignleft\" src=\"https:\/\/contacto-mallorca.de\/wp-content\/uploads\/pages_mallorca_wandern_200.jpg\" alt=\"\" width=\"200\" height=\"266\" data-wp-editing=\"1\" \/><\/a><\/p>\r\n\u00a0\r\n\u00a0\r\n\u00a0\u00a0\u00a0\u00a0\r\n\u00a0\r\n\u00a0\r\n\u00a0\r\n\u00a0\r\n\u00a0\r\n\u00a0\r\n\u00a0\r\n\u00a0\r\n<ul>\r\n\t<li>39 Wandertouren<\/li>\r\n\t<li>Detaillierte Beschreibungen<\/li>\r\n\t<li>Hervorragende Karten<\/li>\r\n\t<li>Mallorca \u2013 wo es wirklich sch\u00f6n ist<\/li>\r\n\t<li>Touren f\u00fcr Kinder<\/li>\r\n<\/ul>\r\n<a class=\"btn btn-primary btn-lg\" style=\"top: 2px;\" href=\"http:\/\/www.michael-mueller-verlag.de\/cgi-local\/mmv-partner.pl?id=con02&title=mallorca_wandern\" target=\"_blank\" rel=\"noopener noreferrer\">Wanderf\u00fchrer bestellen<\/a>[\/et_pb_text][\/et_pb_column][\/et_pb_row][\/et_pb_section]","_et_gb_content_width":"","footnotes":""},"class_list":["post-31383","page","type-page","status-publish","hentry"],"yoast_head":"<!-- This site is optimized with the Yoast SEO Premium plugin v27.1 (Yoast SEO v27.1.1) - https:\/\/yoast.com\/product\/yoast-seo-premium-wordpress\/ -->\n<title>Wanderf\u00fchrer - contacto-mallorca<\/title>\n<meta name=\"robots\" content=\"index, follow, max-snippet:-1, max-image-preview:large, max-video-preview:-1\" \/>\n<link rel=\"canonical\" href=\"https:\/\/contacto-mallorca.de\/en\/wanderfuehrer\/\" \/>\n<meta property=\"og:locale\" content=\"en_US\" \/>\n<meta property=\"og:type\" content=\"article\" \/>\n<meta property=\"og:title\" content=\"Wanderf\u00fchrer\" \/>\n<meta property=\"og:description\" content=\"Reisef\u00fchrer contacto-mallorca bietet individuelle Ferienquartiere an \u2013 und der Michael M\u00fcller Verlag Reisef\u00fchrer f\u00fcr Individualurlauber. Den Mallorca Reisef\u00fchrer (Autor Thomas Schr\u00f6der) habe ich selbst gelesen und erprobt und kann ihn nur empfehlen. Das jetzt in der siebten, vollst\u00e4ndig \u00fcberarbeiteten Auflage vorliegende Buch zeichnet ein umfassendes Bild der Insel und gibt insbesondere Individualtouristen eine F\u00fclle wertvoller [&hellip;]\" \/>\n<meta property=\"og:url\" content=\"https:\/\/contacto-mallorca.de\/en\/wanderfuehrer\/\" \/>\n<meta property=\"og:site_name\" content=\"contacto-mallorca\" \/>\n<meta property=\"article:publisher\" content=\"https:\/\/www.facebook.com\/contacto.mallorca\/\" \/>\n<meta property=\"article:modified_time\" content=\"2022-03-03T06:34:17+00:00\" \/>\n<meta property=\"og:image\" content=\"https:\/\/contacto-mallorca.de\/wp-content\/uploads\/pages_travel-guide-logo.jpg\" \/>\n<meta name=\"twitter:card\" content=\"summary_large_image\" \/>\n<meta name=\"twitter:label1\" content=\"Est. reading time\" \/>\n\t<meta name=\"twitter:data1\" content=\"2 minutes\" \/>\n<script type=\"application\/ld+json\" class=\"yoast-schema-graph\">{\"@context\":\"https:\/\/schema.org\",\"@graph\":[{\"@type\":\"WebPage\",\"@id\":\"https:\/\/contacto-mallorca.de\/en\/wanderfuehrer\/\",\"url\":\"https:\/\/contacto-mallorca.de\/en\/wanderfuehrer\/\",\"name\":\"Wanderf\u00fchrer - contacto-mallorca\",\"isPartOf\":{\"@id\":\"https:\/\/contacto-mallorca.de\/en\/#website\"},\"primaryImageOfPage\":{\"@id\":\"https:\/\/contacto-mallorca.de\/en\/wanderfuehrer\/#primaryimage\"},\"image\":{\"@id\":\"https:\/\/contacto-mallorca.de\/en\/wanderfuehrer\/#primaryimage\"},\"thumbnailUrl\":\"https:\/\/contacto-mallorca.de\/wp-content\/uploads\/pages_travel-guide-logo.jpg\",\"datePublished\":\"2022-02-25T10:37:24+00:00\",\"dateModified\":\"2022-03-03T06:34:17+00:00\",\"breadcrumb\":{\"@id\":\"https:\/\/contacto-mallorca.de\/en\/wanderfuehrer\/#breadcrumb\"},\"inLanguage\":\"en-US\",\"potentialAction\":[{\"@type\":\"ReadAction\",\"target\":[\"https:\/\/contacto-mallorca.de\/en\/wanderfuehrer\/\"]}]},{\"@type\":\"ImageObject\",\"inLanguage\":\"en-US\",\"@id\":\"https:\/\/contacto-mallorca.de\/en\/wanderfuehrer\/#primaryimage\",\"url\":\"https:\/\/contacto-mallorca.de\/wp-content\/uploads\/pages_travel-guide-logo.jpg\",\"contentUrl\":\"https:\/\/contacto-mallorca.de\/wp-content\/uploads\/pages_travel-guide-logo.jpg\"},{\"@type\":\"BreadcrumbList\",\"@id\":\"https:\/\/contacto-mallorca.de\/en\/wanderfuehrer\/#breadcrumb\",\"itemListElement\":[{\"@type\":\"ListItem\",\"position\":1,\"name\":\"Home\",\"item\":\"https:\/\/contacto-mallorca.de\/en\/\"},{\"@type\":\"ListItem\",\"position\":2,\"name\":\"Wanderf\u00fchrer\"}]},{\"@type\":\"WebSite\",\"@id\":\"https:\/\/contacto-mallorca.de\/en\/#website\",\"url\":\"https:\/\/contacto-mallorca.de\/en\/\",\"name\":\"contacto-mallorca\",\"description\":\"Individueller Urlaub in wundersch\u00f6nen und preisg\u00fcnstigen Ferienwohnungen &amp; Ferienh\u00e4usern auf Mallorca\",\"publisher\":{\"@id\":\"https:\/\/contacto-mallorca.de\/en\/#organization\"},\"potentialAction\":[{\"@type\":\"SearchAction\",\"target\":{\"@type\":\"EntryPoint\",\"urlTemplate\":\"https:\/\/contacto-mallorca.de\/en\/?s={search_term_string}\"},\"query-input\":{\"@type\":\"PropertyValueSpecification\",\"valueRequired\":true,\"valueName\":\"search_term_string\"}}],\"inLanguage\":\"en-US\"},{\"@type\":\"Organization\",\"@id\":\"https:\/\/contacto-mallorca.de\/en\/#organization\",\"name\":\"contacto-mallorca\",\"url\":\"https:\/\/contacto-mallorca.de\/en\/\",\"logo\":{\"@type\":\"ImageObject\",\"inLanguage\":\"en-US\",\"@id\":\"https:\/\/contacto-mallorca.de\/en\/#\/schema\/logo\/image\/\",\"url\":\"https:\/\/contacto-mallorca.de\/wp-content\/uploads\/contacto_mallorca_logo_web.png\",\"contentUrl\":\"https:\/\/contacto-mallorca.de\/wp-content\/uploads\/contacto_mallorca_logo_web.png\",\"width\":372,\"height\":125,\"caption\":\"contacto-mallorca\"},\"image\":{\"@id\":\"https:\/\/contacto-mallorca.de\/en\/#\/schema\/logo\/image\/\"},\"sameAs\":[\"https:\/\/www.facebook.com\/contacto.mallorca\/\",\"https:\/\/www.instagram.com\/contacto.mallorca\/\",\"https:\/\/www.youtube.com\/channel\/UCIAhiObN3XGEoINx6OvG5ew\"]}]}<\/script>\n<!-- \/ Yoast SEO Premium plugin. -->","yoast_head_json":{"title":"Wanderf\u00fchrer - contacto-mallorca","robots":{"index":"index","follow":"follow","max-snippet":"max-snippet:-1","max-image-preview":"max-image-preview:large","max-video-preview":"max-video-preview:-1"},"canonical":"https:\/\/contacto-mallorca.de\/en\/wanderfuehrer\/","og_locale":"en_US","og_type":"article","og_title":"Wanderf\u00fchrer","og_description":"Reisef\u00fchrer contacto-mallorca bietet individuelle Ferienquartiere an \u2013 und der Michael M\u00fcller Verlag Reisef\u00fchrer f\u00fcr Individualurlauber. Den Mallorca Reisef\u00fchrer (Autor Thomas Schr\u00f6der) habe ich selbst gelesen und erprobt und kann ihn nur empfehlen. Das jetzt in der siebten, vollst\u00e4ndig \u00fcberarbeiteten Auflage vorliegende Buch zeichnet ein umfassendes Bild der Insel und gibt insbesondere Individualtouristen eine F\u00fclle wertvoller [&hellip;]","og_url":"https:\/\/contacto-mallorca.de\/en\/wanderfuehrer\/","og_site_name":"contacto-mallorca","article_publisher":"https:\/\/www.facebook.com\/contacto.mallorca\/","article_modified_time":"2022-03-03T06:34:17+00:00","og_image":[{"url":"https:\/\/contacto-mallorca.de\/wp-content\/uploads\/pages_travel-guide-logo.jpg","type":"","width":"","height":""}],"twitter_card":"summary_large_image","twitter_misc":{"Est. reading time":"2 minutes"},"schema":{"@context":"https:\/\/schema.org","@graph":[{"@type":"WebPage","@id":"https:\/\/contacto-mallorca.de\/en\/wanderfuehrer\/","url":"https:\/\/contacto-mallorca.de\/en\/wanderfuehrer\/","name":"Wanderf\u00fchrer - contacto-mallorca","isPartOf":{"@id":"https:\/\/contacto-mallorca.de\/en\/#website"},"primaryImageOfPage":{"@id":"https:\/\/contacto-mallorca.de\/en\/wanderfuehrer\/#primaryimage"},"image":{"@id":"https:\/\/contacto-mallorca.de\/en\/wanderfuehrer\/#primaryimage"},"thumbnailUrl":"https:\/\/contacto-mallorca.de\/wp-content\/uploads\/pages_travel-guide-logo.jpg","datePublished":"2022-02-25T10:37:24+00:00","dateModified":"2022-03-03T06:34:17+00:00","breadcrumb":{"@id":"https:\/\/contacto-mallorca.de\/en\/wanderfuehrer\/#breadcrumb"},"inLanguage":"en-US","potentialAction":[{"@type":"ReadAction","target":["https:\/\/contacto-mallorca.de\/en\/wanderfuehrer\/"]}]},{"@type":"ImageObject","inLanguage":"en-US","@id":"https:\/\/contacto-mallorca.de\/en\/wanderfuehrer\/#primaryimage","url":"https:\/\/contacto-mallorca.de\/wp-content\/uploads\/pages_travel-guide-logo.jpg","contentUrl":"https:\/\/contacto-mallorca.de\/wp-content\/uploads\/pages_travel-guide-logo.jpg"},{"@type":"BreadcrumbList","@id":"https:\/\/contacto-mallorca.de\/en\/wanderfuehrer\/#breadcrumb","itemListElement":[{"@type":"ListItem","position":1,"name":"Home","item":"https:\/\/contacto-mallorca.de\/en\/"},{"@type":"ListItem","position":2,"name":"Wanderf\u00fchrer"}]},{"@type":"WebSite","@id":"https:\/\/contacto-mallorca.de\/en\/#website","url":"https:\/\/contacto-mallorca.de\/en\/","name":"contacto-mallorca","description":"Individueller Urlaub in wundersch\u00f6nen und preisg\u00fcnstigen Ferienwohnungen &amp; Ferienh\u00e4usern auf Mallorca","publisher":{"@id":"https:\/\/contacto-mallorca.de\/en\/#organization"},"potentialAction":[{"@type":"SearchAction","target":{"@type":"EntryPoint","urlTemplate":"https:\/\/contacto-mallorca.de\/en\/?s={search_term_string}"},"query-input":{"@type":"PropertyValueSpecification","valueRequired":true,"valueName":"search_term_string"}}],"inLanguage":"en-US"},{"@type":"Organization","@id":"https:\/\/contacto-mallorca.de\/en\/#organization","name":"contacto-mallorca","url":"https:\/\/contacto-mallorca.de\/en\/","logo":{"@type":"ImageObject","inLanguage":"en-US","@id":"https:\/\/contacto-mallorca.de\/en\/#\/schema\/logo\/image\/","url":"https:\/\/contacto-mallorca.de\/wp-content\/uploads\/contacto_mallorca_logo_web.png","contentUrl":"https:\/\/contacto-mallorca.de\/wp-content\/uploads\/contacto_mallorca_logo_web.png","width":372,"height":125,"caption":"contacto-mallorca"},"image":{"@id":"https:\/\/contacto-mallorca.de\/en\/#\/schema\/logo\/image\/"},"sameAs":["https:\/\/www.facebook.com\/contacto.mallorca\/","https:\/\/www.instagram.com\/contacto.mallorca\/","https:\/\/www.youtube.com\/channel\/UCIAhiObN3XGEoINx6OvG5ew"]}]}},"_links":{"self":[{"href":"https:\/\/contacto-mallorca.de\/en\/wp-json\/wp\/v2\/pages\/31383","targetHints":{"allow":["GET"]}}],"collection":[{"href":"https:\/\/contacto-mallorca.de\/en\/wp-json\/wp\/v2\/pages"}],"about":[{"href":"https:\/\/contacto-mallorca.de\/en\/wp-json\/wp\/v2\/types\/page"}],"author":[{"embeddable":true,"href":"https:\/\/contacto-mallorca.de\/en\/wp-json\/wp\/v2\/users\/6"}],"replies":[{"embeddable":true,"href":"https:\/\/contacto-mallorca.de\/en\/wp-json\/wp\/v2\/comments?post=31383"}],"version-history":[{"count":0,"href":"https:\/\/contacto-mallorca.de\/en\/wp-json\/wp\/v2\/pages\/31383\/revisions"}],"wp:attachment":[{"href":"https:\/\/contacto-mallorca.de\/en\/wp-json\/wp\/v2\/media?parent=31383"}],"curies":[{"name":"wp","href":"https:\/\/api.w.org\/{rel}","templated":true}]}}