{"id":36564,"date":"2025-01-31T16:01:22","date_gmt":"2025-01-31T15:01:22","guid":{"rendered":"https:\/\/contacto-mallorca.de\/?page_id=36564"},"modified":"2025-02-09T18:57:35","modified_gmt":"2025-02-09T17:57:35","slug":"ausfluege-mallorca","status":"publish","type":"page","link":"https:\/\/contacto-mallorca.de\/en\/ausfluege-mallorca\/","title":{"rendered":"Excursions Majorca"},"content":{"rendered":"<p>[et_pb_section fb_built=&#8221;1&#8243; _builder_version=&#8221;4.22.2&#8243; width=&#8221;96%&#8221; module_alignment=&#8221;center&#8221; custom_margin=&#8221;0px||0px|&#8221; custom_padding=&#8221;4%||0px|&#8221; global_colors_info=&#8221;{}&#8221;][et_pb_row _builder_version=&#8221;4.22.2&#8243; background_size=&#8221;initial&#8221; background_position=&#8221;top_left&#8221; background_repeat=&#8221;repeat&#8221; width=&#8221;100%&#8221; module_alignment=&#8221;left&#8221; custom_margin=&#8221;0px|||21px|false|false&#8221; custom_padding=&#8221;0px|16px||12px|false|false&#8221; global_colors_info=&#8221;{}&#8221;][et_pb_column type=&#8221;4_4&#8243; _builder_version=&#8221;4.16&#8243; custom_padding=&#8221;|||&#8221; global_colors_info=&#8221;{}&#8221; custom_padding__hover=&#8221;|||&#8221;][et_pb_heading title=&#8221;Guided Tours in the North of Majorca&#8221; title_tablet=&#8221;Guided Tours in the North of Majorca&#8221; title_phone=&#8221;Guided Tours in the North of Majorca&#8221; title_last_edited=&#8221;on|phone&#8221; _builder_version=&#8221;4.22.2&#8243; _module_preset=&#8221;default&#8221; title_level=&#8221;h2&#8243; title_text_align=&#8221;center&#8221; title_font_size=&#8221;14px&#8221; title_line_height=&#8221;1.2em&#8221; width=&#8221;100%&#8221; module_alignment=&#8221;left&#8221; custom_margin=&#8221;|||-15px|false|false&#8221; custom_padding=&#8221;|||0px|false|false&#8221; hover_enabled=&#8221;0&#8243; global_colors_info=&#8221;{}&#8221; sticky_enabled=&#8221;0&#8243;][\/et_pb_heading][et_pb_text disabled_on=&#8221;on|off|off&#8221; admin_label=&#8221;TEXT for Desktop&#8221; module_class=&#8221;tick&#8221; _builder_version=&#8221;4.22.2&#8243; module_alignment=&#8221;center&#8221; custom_margin=&#8221;|auto||auto|false|false&#8221; custom_padding=&#8221;|||49px|false|false&#8221; hover_enabled=&#8221;0&#8243; global_colors_info=&#8221;{}&#8221; width=&#8221;50%&#8221; sticky_enabled=&#8221;0&#8243;]<\/p>\n<table class=\" alignleft\" style=\"width: 800px; border-color: #fff;\">\n<tbody>\n<tr>\n<td style=\"width: 220px; padding: 0px;\"><img decoding=\"async\" class=\"size-full wp-image-7625 alignleft\" src=\"https:\/\/contacto-mallorca.de\/wp-content\/uploads\/COASTEERING.jpg\" alt=\"\" width=\"200\" \/><\/td>\n<td style=\"width: 450px; padding-left: 60px;\">\n<ul>\n<li>Kajak Tours<\/li>\n<li>Guided hikes<\/li>\n<li>Climbing and Deep Water<\/li>\n<li>Coasteering<\/li>\n<li>Caving adventutures<\/li>\n<li>Hire equipment<\/li>\n<li>SUP<\/li>\n<\/ul>\n<p><a class=\"btn btn-primary btn-lg\" style=\"top: 2px;\" href=\"https:\/\/monaventura.bookinghub.io?partner_id=ZEdpbkNzQkxmMysyM2xUSzUvTkpvZz09\" rel=\"noopener noreferrer\">Reservation<\/a><\/p>\n<\/td>\n<\/tr>\n<\/tbody>\n<\/table>\n<p>[\/et_pb_text][et_pb_text disabled_on=&#8221;off|on|on&#8221; admin_label=&#8221;TEXT for Mobile&#8221; module_class=&#8221;tick&#8221; _builder_version=&#8221;4.22.2&#8243; max_width=&#8221;450px&#8221; custom_margin=&#8221;|auto||auto|false|false&#8221; custom_padding=&#8221;||40px||false|false&#8221; global_colors_info=&#8221;{}&#8221;]<\/p>\n<p><img decoding=\"async\" class=\"size-full wp-image-7625 aligncenter\" style=\"max-width: 300px;\" src=\"https:\/\/contacto-mallorca.de\/wp-content\/uploads\/COASTEERING.jpg\" alt=\"\" width=\"200\" \/><\/p>\n<div style=\"padding: 30px;\">\n<ul>\n<li>Kajak Tours<\/li>\n<li>Guided hikes<\/li>\n<li>Climbing and Deep Water<\/li>\n<li>Coasteering<\/li>\n<li>Caving adventutures<\/li>\n<li>Hire equipment<\/li>\n<li>SUP<\/li>\n<\/ul>\n<p><a class=\"btn btn-primary btn-lg\" style=\"top: 2px;\" href=\"https:\/\/monaventura.bookinghub.io?partner_id=ZEdpbkNzQkxmMysyM2xUSzUvTkpvZz09\"_blank\" rel=\"noopener noreferrer\">Reservation<\/a><\/td>\n<\/tr>\n<\/tbody>\n<\/table>\n<p>[\/et_pb_text][\/et_pb_column][\/et_pb_row][\/et_pb_section]<\/p>\n","protected":false},"excerpt":{"rendered":"<p>Kajak Tours Guided hikes Climbing and Deep Water Coasteering Caving adventutures Hire equipment SUP Reservation Kajak Tours Guided hikes Climbing and Deep Water Coasteering Caving adventutures Hire equipment SUP<\/p>\n","protected":false},"author":5,"featured_media":0,"parent":0,"menu_order":40,"comment_status":"closed","ping_status":"closed","template":"page.php","meta":{"_et_pb_use_builder":"on","_et_pb_old_content":"","_et_gb_content_width":"","footnotes":""},"class_list":["post-36564","page","type-page","status-publish","hentry"],"yoast_head":"<!-- This site is optimized with the Yoast SEO Premium plugin v27.1 (Yoast SEO v27.1.1) - https:\/\/yoast.com\/product\/yoast-seo-premium-wordpress\/ -->\n<title>Excursions Majorca. Discover Majorca in a unique and exciting way<\/title>\n<meta name=\"description\" content=\"Excursions Majorca. Book guided hikes, kayak tours, climbing and deep water, coasteering, canyoning and caving adventures\" \/>\n<meta name=\"robots\" content=\"index, follow, max-snippet:-1, max-image-preview:large, max-video-preview:-1\" \/>\n<link rel=\"canonical\" href=\"https:\/\/contacto-mallorca.de\/en\/ausfluege-mallorca\/\" \/>\n<meta property=\"og:locale\" content=\"en_US\" \/>\n<meta property=\"og:type\" content=\"article\" \/>\n<meta property=\"og:title\" content=\"Excursions Majorca\" \/>\n<meta property=\"og:description\" content=\"Excursions Majorca. Book guided hikes, kayak tours, climbing and deep water, coasteering, canyoning and caving adventures\" \/>\n<meta property=\"og:url\" content=\"https:\/\/contacto-mallorca.de\/en\/ausfluege-mallorca\/\" \/>\n<meta property=\"og:site_name\" content=\"contacto-mallorca\" \/>\n<meta property=\"article:publisher\" content=\"https:\/\/www.facebook.com\/contacto.mallorca\/\" \/>\n<meta property=\"article:modified_time\" content=\"2025-02-09T17:57:35+00:00\" \/>\n<meta property=\"og:image\" content=\"https:\/\/contacto-mallorca.de\/wp-content\/uploads\/contacto-mallorca_ferienhaus_mallorca_6.jpg\" \/>\n\t<meta property=\"og:image:width\" content=\"1920\" \/>\n\t<meta property=\"og:image:height\" content=\"750\" \/>\n\t<meta property=\"og:image:type\" content=\"image\/jpeg\" \/>\n<meta name=\"twitter:card\" content=\"summary_large_image\" \/>\n<meta name=\"twitter:label1\" content=\"Est. reading time\" \/>\n\t<meta name=\"twitter:data1\" content=\"1 minute\" \/>\n<script type=\"application\/ld+json\" class=\"yoast-schema-graph\">{\"@context\":\"https:\/\/schema.org\",\"@graph\":[{\"@type\":\"WebPage\",\"@id\":\"https:\/\/contacto-mallorca.de\/en\/ausfluege-mallorca\/\",\"url\":\"https:\/\/contacto-mallorca.de\/en\/ausfluege-mallorca\/\",\"name\":\"Excursions Majorca. Discover Majorca in a unique and exciting way\",\"isPartOf\":{\"@id\":\"https:\/\/contacto-mallorca.de\/en\/#website\"},\"primaryImageOfPage\":{\"@id\":\"https:\/\/contacto-mallorca.de\/en\/ausfluege-mallorca\/#primaryimage\"},\"image\":{\"@id\":\"https:\/\/contacto-mallorca.de\/en\/ausfluege-mallorca\/#primaryimage\"},\"thumbnailUrl\":\"https:\/\/contacto-mallorca.de\/wp-content\/uploads\/COASTEERING.jpg\",\"datePublished\":\"2025-01-31T15:01:22+00:00\",\"dateModified\":\"2025-02-09T17:57:35+00:00\",\"description\":\"Excursions Majorca. Book guided hikes, kayak tours, climbing and deep water, coasteering, canyoning and caving adventures\",\"breadcrumb\":{\"@id\":\"https:\/\/contacto-mallorca.de\/en\/ausfluege-mallorca\/#breadcrumb\"},\"inLanguage\":\"en-US\",\"potentialAction\":[{\"@type\":\"ReadAction\",\"target\":[\"https:\/\/contacto-mallorca.de\/en\/ausfluege-mallorca\/\"]}]},{\"@type\":\"ImageObject\",\"inLanguage\":\"en-US\",\"@id\":\"https:\/\/contacto-mallorca.de\/en\/ausfluege-mallorca\/#primaryimage\",\"url\":\"https:\/\/contacto-mallorca.de\/wp-content\/uploads\/COASTEERING.jpg\",\"contentUrl\":\"https:\/\/contacto-mallorca.de\/wp-content\/uploads\/COASTEERING.jpg\"},{\"@type\":\"BreadcrumbList\",\"@id\":\"https:\/\/contacto-mallorca.de\/en\/ausfluege-mallorca\/#breadcrumb\",\"itemListElement\":[{\"@type\":\"ListItem\",\"position\":1,\"name\":\"Home\",\"item\":\"https:\/\/contacto-mallorca.de\/en\/\"},{\"@type\":\"ListItem\",\"position\":2,\"name\":\"Excursions Majorca\"}]},{\"@type\":\"WebSite\",\"@id\":\"https:\/\/contacto-mallorca.de\/en\/#website\",\"url\":\"https:\/\/contacto-mallorca.de\/en\/\",\"name\":\"contacto-mallorca\",\"description\":\"Individueller Urlaub in wundersch\u00f6nen und preisg\u00fcnstigen Ferienwohnungen &amp; Ferienh\u00e4usern auf Mallorca\",\"publisher\":{\"@id\":\"https:\/\/contacto-mallorca.de\/en\/#organization\"},\"potentialAction\":[{\"@type\":\"SearchAction\",\"target\":{\"@type\":\"EntryPoint\",\"urlTemplate\":\"https:\/\/contacto-mallorca.de\/en\/?s={search_term_string}\"},\"query-input\":{\"@type\":\"PropertyValueSpecification\",\"valueRequired\":true,\"valueName\":\"search_term_string\"}}],\"inLanguage\":\"en-US\"},{\"@type\":\"Organization\",\"@id\":\"https:\/\/contacto-mallorca.de\/en\/#organization\",\"name\":\"contacto-mallorca\",\"url\":\"https:\/\/contacto-mallorca.de\/en\/\",\"logo\":{\"@type\":\"ImageObject\",\"inLanguage\":\"en-US\",\"@id\":\"https:\/\/contacto-mallorca.de\/en\/#\/schema\/logo\/image\/\",\"url\":\"https:\/\/contacto-mallorca.de\/wp-content\/uploads\/contacto_mallorca_logo_web.png\",\"contentUrl\":\"https:\/\/contacto-mallorca.de\/wp-content\/uploads\/contacto_mallorca_logo_web.png\",\"width\":372,\"height\":125,\"caption\":\"contacto-mallorca\"},\"image\":{\"@id\":\"https:\/\/contacto-mallorca.de\/en\/#\/schema\/logo\/image\/\"},\"sameAs\":[\"https:\/\/www.facebook.com\/contacto.mallorca\/\",\"https:\/\/www.instagram.com\/contacto.mallorca\/\",\"https:\/\/www.youtube.com\/channel\/UCIAhiObN3XGEoINx6OvG5ew\"]}]}<\/script>\n<!-- \/ Yoast SEO Premium plugin. -->","yoast_head_json":{"title":"Excursions Majorca. Discover Majorca in a unique and exciting way","description":"Excursions Majorca. Book guided hikes, kayak tours, climbing and deep water, coasteering, canyoning and caving adventures","robots":{"index":"index","follow":"follow","max-snippet":"max-snippet:-1","max-image-preview":"max-image-preview:large","max-video-preview":"max-video-preview:-1"},"canonical":"https:\/\/contacto-mallorca.de\/en\/ausfluege-mallorca\/","og_locale":"en_US","og_type":"article","og_title":"Excursions Majorca","og_description":"Excursions Majorca. Book guided hikes, kayak tours, climbing and deep water, coasteering, canyoning and caving adventures","og_url":"https:\/\/contacto-mallorca.de\/en\/ausfluege-mallorca\/","og_site_name":"contacto-mallorca","article_publisher":"https:\/\/www.facebook.com\/contacto.mallorca\/","article_modified_time":"2025-02-09T17:57:35+00:00","og_image":[{"width":1920,"height":750,"url":"https:\/\/contacto-mallorca.de\/wp-content\/uploads\/contacto-mallorca_ferienhaus_mallorca_6.jpg","type":"image\/jpeg"}],"twitter_card":"summary_large_image","twitter_misc":{"Est. reading time":"1 minute"},"schema":{"@context":"https:\/\/schema.org","@graph":[{"@type":"WebPage","@id":"https:\/\/contacto-mallorca.de\/en\/ausfluege-mallorca\/","url":"https:\/\/contacto-mallorca.de\/en\/ausfluege-mallorca\/","name":"Excursions Majorca. Discover Majorca in a unique and exciting way","isPartOf":{"@id":"https:\/\/contacto-mallorca.de\/en\/#website"},"primaryImageOfPage":{"@id":"https:\/\/contacto-mallorca.de\/en\/ausfluege-mallorca\/#primaryimage"},"image":{"@id":"https:\/\/contacto-mallorca.de\/en\/ausfluege-mallorca\/#primaryimage"},"thumbnailUrl":"https:\/\/contacto-mallorca.de\/wp-content\/uploads\/COASTEERING.jpg","datePublished":"2025-01-31T15:01:22+00:00","dateModified":"2025-02-09T17:57:35+00:00","description":"Excursions Majorca. Book guided hikes, kayak tours, climbing and deep water, coasteering, canyoning and caving adventures","breadcrumb":{"@id":"https:\/\/contacto-mallorca.de\/en\/ausfluege-mallorca\/#breadcrumb"},"inLanguage":"en-US","potentialAction":[{"@type":"ReadAction","target":["https:\/\/contacto-mallorca.de\/en\/ausfluege-mallorca\/"]}]},{"@type":"ImageObject","inLanguage":"en-US","@id":"https:\/\/contacto-mallorca.de\/en\/ausfluege-mallorca\/#primaryimage","url":"https:\/\/contacto-mallorca.de\/wp-content\/uploads\/COASTEERING.jpg","contentUrl":"https:\/\/contacto-mallorca.de\/wp-content\/uploads\/COASTEERING.jpg"},{"@type":"BreadcrumbList","@id":"https:\/\/contacto-mallorca.de\/en\/ausfluege-mallorca\/#breadcrumb","itemListElement":[{"@type":"ListItem","position":1,"name":"Home","item":"https:\/\/contacto-mallorca.de\/en\/"},{"@type":"ListItem","position":2,"name":"Excursions Majorca"}]},{"@type":"WebSite","@id":"https:\/\/contacto-mallorca.de\/en\/#website","url":"https:\/\/contacto-mallorca.de\/en\/","name":"contacto-mallorca","description":"Individueller Urlaub in wundersch\u00f6nen und preisg\u00fcnstigen Ferienwohnungen &amp; Ferienh\u00e4usern auf Mallorca","publisher":{"@id":"https:\/\/contacto-mallorca.de\/en\/#organization"},"potentialAction":[{"@type":"SearchAction","target":{"@type":"EntryPoint","urlTemplate":"https:\/\/contacto-mallorca.de\/en\/?s={search_term_string}"},"query-input":{"@type":"PropertyValueSpecification","valueRequired":true,"valueName":"search_term_string"}}],"inLanguage":"en-US"},{"@type":"Organization","@id":"https:\/\/contacto-mallorca.de\/en\/#organization","name":"contacto-mallorca","url":"https:\/\/contacto-mallorca.de\/en\/","logo":{"@type":"ImageObject","inLanguage":"en-US","@id":"https:\/\/contacto-mallorca.de\/en\/#\/schema\/logo\/image\/","url":"https:\/\/contacto-mallorca.de\/wp-content\/uploads\/contacto_mallorca_logo_web.png","contentUrl":"https:\/\/contacto-mallorca.de\/wp-content\/uploads\/contacto_mallorca_logo_web.png","width":372,"height":125,"caption":"contacto-mallorca"},"image":{"@id":"https:\/\/contacto-mallorca.de\/en\/#\/schema\/logo\/image\/"},"sameAs":["https:\/\/www.facebook.com\/contacto.mallorca\/","https:\/\/www.instagram.com\/contacto.mallorca\/","https:\/\/www.youtube.com\/channel\/UCIAhiObN3XGEoINx6OvG5ew"]}]}},"_links":{"self":[{"href":"https:\/\/contacto-mallorca.de\/en\/wp-json\/wp\/v2\/pages\/36564","targetHints":{"allow":["GET"]}}],"collection":[{"href":"https:\/\/contacto-mallorca.de\/en\/wp-json\/wp\/v2\/pages"}],"about":[{"href":"https:\/\/contacto-mallorca.de\/en\/wp-json\/wp\/v2\/types\/page"}],"author":[{"embeddable":true,"href":"https:\/\/contacto-mallorca.de\/en\/wp-json\/wp\/v2\/users\/5"}],"replies":[{"embeddable":true,"href":"https:\/\/contacto-mallorca.de\/en\/wp-json\/wp\/v2\/comments?post=36564"}],"version-history":[{"count":13,"href":"https:\/\/contacto-mallorca.de\/en\/wp-json\/wp\/v2\/pages\/36564\/revisions"}],"predecessor-version":[{"id":36642,"href":"https:\/\/contacto-mallorca.de\/en\/wp-json\/wp\/v2\/pages\/36564\/revisions\/36642"}],"wp:attachment":[{"href":"https:\/\/contacto-mallorca.de\/en\/wp-json\/wp\/v2\/media?parent=36564"}],"curies":[{"name":"wp","href":"https:\/\/api.w.org\/{rel}","templated":true}]}}