{"id":39349,"date":"2026-03-30T09:36:22","date_gmt":"2026-03-30T07:36:22","guid":{"rendered":"https:\/\/contacto-mallorca.de\/?page_id=39349"},"modified":"2026-03-30T09:41:23","modified_gmt":"2026-03-30T07:41:23","slug":"faq-contacto-mallorca","status":"publish","type":"page","link":"https:\/\/contacto-mallorca.de\/en\/faq-contacto-mallorca\/","title":{"rendered":"FAQ Contacto Mallorca"},"content":{"rendered":"<p>[et_pb_section fb_built=&#8221;1&#8243; disabled_on=&#8221;off|off|off&#8221; admin_label=&#8221;NEW-FAQs&#8221; module_id=&#8221;faq-section&#8221; _builder_version=&#8221;4.27.6&#8243; background_color=&#8221;#efefef&#8221; width_tablet=&#8221;&#8221; width_phone=&#8221;&#8221; width_last_edited=&#8221;on|phone&#8221; module_alignment=&#8221;center&#8221; custom_margin=&#8221;0px||0px|&#8221; custom_padding=&#8221;40px||120px||false|false&#8221; locked=&#8221;off&#8221; collapsed=&#8221;off&#8221; global_colors_info=&#8221;{}&#8221;][et_pb_row custom_padding_last_edited=&#8221;on|phone&#8221; disabled_on=&#8221;off|off|off&#8221; _builder_version=&#8221;4.27.6&#8243; _module_preset=&#8221;default&#8221; background_color=&#8221;#efefef&#8221; width_tablet=&#8221;100%&#8221; width_phone=&#8221;100%&#8221; width_last_edited=&#8221;on|phone&#8221; custom_margin=&#8221;0px||20px||false|false&#8221; custom_margin_tablet=&#8221;||0px||false|false&#8221; custom_margin_phone=&#8221;||0px||false|false&#8221; custom_margin_last_edited=&#8221;on|desktop&#8221; custom_padding=&#8221;0px||0px||false|false&#8221; custom_padding_tablet=&#8221;0px||0px||false|false&#8221; custom_padding_phone=&#8221;0px||0px||false|false&#8221; global_colors_info=&#8221;{}&#8221;][et_pb_column type=&#8221;4_4&#8243; _builder_version=&#8221;4.27.6&#8243; _module_preset=&#8221;default&#8221; global_colors_info=&#8221;{}&#8221;][et_pb_text content_tablet=&#8221;<\/p>\n<h2>FAQ Mallorca<\/h2>\n<h3>Mallorca entdecken und die n\u00e4chste Auszeit buchen<\/h3>\n<p>&#8221; content_phone=&#8221;<\/p>\n<h2>FAQ Mallorca<\/h2>\n<h3>Mallorca entdecken und die n\u00e4chste Auszeit buchen<\/h3>\n<p>&#8221; content_last_edited=&#8221;on|phone&#8221; _builder_version=&#8221;4.27.6&#8243; _module_preset=&#8221;default&#8221; custom_margin=&#8221;|||0px|false|false&#8221; custom_padding=&#8221;||20px|20px|false|false&#8221; global_colors_info=&#8221;{}&#8221;]<\/p>\n<h2 style=\"text-align: center;\">Mallorca Ferienhaus buchen mit\u00a0contacto-mallorca<\/h2>\n<h3 style=\"text-align: center;\">FAQ Mietbedingungen \u2013 H\u00e4ufig gestellte Fragen<\/h3>\n<p>[\/et_pb_text][\/et_pb_column][\/et_pb_row][et_pb_row column_structure=&#8221;1_2,1_2&#8243; custom_padding_last_edited=&#8221;on|phone&#8221; disabled_on=&#8221;off|off|off&#8221; admin_label=&#8221;row&#8221; _builder_version=&#8221;4.27.6&#8243; background_color=&#8221;#efefef&#8221; width_tablet=&#8221;100%&#8221; width_phone=&#8221;100%&#8221; width_last_edited=&#8221;on|phone&#8221; custom_margin=&#8221;0px||0px|&#8221; custom_padding=&#8221;0px||0px||false|false&#8221; custom_padding_tablet=&#8221;0px|10px|0px|10px|false|false&#8221; custom_padding_phone=&#8221;0px|20px||10px|false|false&#8221; global_colors_info=&#8221;{}&#8221;][et_pb_column type=&#8221;1_2&#8243; _builder_version=&#8221;4.27.6&#8243; custom_padding=&#8221;|||&#8221; custom_padding_tablet=&#8221;||0px||false|false&#8221; custom_padding_phone=&#8221;||0px||false|false&#8221; custom_padding_last_edited=&#8221;on|phone&#8221; global_colors_info=&#8221;{}&#8221; custom_padding__hover=&#8221;|||&#8221;][et_pb_accordion open_toggle_background_color=&#8221;#FFFFFF&#8221; closed_toggle_background_color=&#8221;#FFFFFF&#8221; toggle_icon=&#8221;&#xf107;||fa||900&#8243; icon_color=&#8221;#0b83bf&#8221; use_icon_font_size=&#8221;on&#8221; admin_label=&#8221;FAQs &#8221; _builder_version=&#8221;4.27.6&#8243; _module_preset=&#8221;default&#8221; toggle_level=&#8221;h2&#8243; toggle_font_size=&#8221;16px&#8221; custom_margin=&#8221;0px|0px|0px|0px|false|false&#8221; custom_margin_tablet=&#8221;0px|0px|0px|0px|false|false&#8221; custom_margin_phone=&#8221;0px|0px|0px|0px|false|false&#8221; custom_margin_last_edited=&#8221;on|desktop&#8221; custom_padding=&#8221;0px|0px|0px|0px|false|false&#8221; hover_transition_duration=&#8221;0ms&#8221; hover_transition_speed_curve=&#8221;ease-in-out&#8221; border_color_bottom=&#8221;#FFFFFF&#8221; global_colors_info=&#8221;{}&#8221;][et_pb_accordion_item title=&#8221;Wer ist contacto-mallorca?&#8221; open=&#8221;on&#8221; _builder_version=&#8221;4.27.6&#8243; _module_preset=&#8221;default&#8221; global_colors_info=&#8221;{}&#8221;]contacto-mallorca ist eine inhabergef\u00fchrte Vermittlungsagentur f\u00fcr\u00a0<strong>Ferienh\u00e4user, Ferienwohnungen und Fincas auf Mallorca<\/strong>. Martina Prager ber\u00e4t Sie pers\u00f6nlich, \u00fcbernimmt die Buchungsabwicklung und begleitet Sie vor und w\u00e4hrend Ihres Urlaubs.<br \/>\n[\/et_pb_accordion_item][et_pb_accordion_item title=&#8221;Wie kann ich bei contacto-mallorca ein Ferienhaus buchen?&#8221; _builder_version=&#8221;4.27.6&#8243; _module_preset=&#8221;default&#8221; global_colors_info=&#8221;{}&#8221; open=&#8221;off&#8221;]Sie k\u00f6nnen eine unverbindliche Buchungsanfrage stellen oder per Sofortbuchung buchen. Bei der Buchung leisten Sie eine Anzahlung per Bank\u00fcberweisung oder mit Kreditkarte. Ab einem Monat vor Reiseantritt ist der gesamte Reisepreis zahlbar.<br \/>\n[\/et_pb_accordion_item][et_pb_accordion_item title=&#8221;Buche ich mein Ferienhaus direkt bei contacto-mallorca?&#8221; _builder_version=&#8221;4.27.6&#8243; _module_preset=&#8221;default&#8221; custom_margin=&#8221;||||false|false&#8221; custom_margin_tablet=&#8221;||0px||false|false&#8221; custom_margin_phone=&#8221;||0px||false|false&#8221; custom_margin_last_edited=&#8221;on|tablet&#8221; global_colors_info=&#8221;{}&#8221; open=&#8221;off&#8221;]Nein. contacto-mallorca ist\u00a0<strong>Vermittler<\/strong>. Der Mietvertrag kommt zwischen dem Feriengast und dem jeweiligen Eigent\u00fcmer oder Vermieter zustande.<br \/>\n[\/et_pb_accordion_item][et_pb_accordion_item title=&#8221;Ist die Vermittlungsgeb\u00fchr im Mietpreis enthalten?&#8221; _builder_version=&#8221;4.27.6&#8243; _module_preset=&#8221;default&#8221; custom_margin=&#8221;||||false|false&#8221; custom_margin_tablet=&#8221;||0px||false|false&#8221; custom_margin_phone=&#8221;||0px||false|false&#8221; custom_margin_last_edited=&#8221;on|tablet&#8221; global_colors_info=&#8221;{}&#8221; open=&#8221;off&#8221;]Ja. Die <strong>Vermittlungsgeb\u00fchr von contacto-mallorca ist bereits im angezeigten Mietpreis enthalten<\/strong>. Es fallen keine versteckten Zusatzkosten an.<br \/>\n[\/et_pb_accordion_item][et_pb_accordion_item title=&#8221;Welche Leistungen umfasst die Vermittlungsgeb\u00fchr?&#8221; _builder_version=&#8221;4.27.6&#8243; _module_preset=&#8221;default&#8221; custom_margin=&#8221;||||false|false&#8221; custom_margin_tablet=&#8221;||0px||false|false&#8221; custom_margin_phone=&#8221;||0px||false|false&#8221; custom_margin_last_edited=&#8221;on|tablet&#8221; global_colors_info=&#8221;{}&#8221; open=&#8221;off&#8221;]Die Servicegeb\u00fchr beinhaltet:<br \/>\n\u2022 pers\u00f6nliche und unabh\u00e4ngige Beratung<br \/>\n\u2022 Unterst\u00fctzung bei der Auswahl des passenden Ferienhauses<br \/>\n\u2022 komplette Buchungsabwicklung<br \/>\n\u2022 Betreuung und Ansprechpartner w\u00e4hrend des Aufenthalts<br \/>\n[\/et_pb_accordion_item][et_pb_accordion_item title=&#8221;Welche Daten m\u00fcssen bei der Buchung \u00fcbermittelt werden?&#8221; _builder_version=&#8221;4.27.6&#8243; _module_preset=&#8221;default&#8221; custom_margin=&#8221;||||false|false&#8221; custom_margin_tablet=&#8221;||0px||false|false&#8221; custom_margin_phone=&#8221;||0px||false|false&#8221; custom_margin_last_edited=&#8221;on|tablet&#8221; global_colors_info=&#8221;{}&#8221; open=&#8221;off&#8221;]<\/p>\n<ul>\n<li>Adresse und Ausweisdaten aller Reisenden<\/li>\n<li>Mobilnummer<\/li>\n<li>Ankunfts- und Abflugzeiten in Palma de Mallorca<\/li>\n<\/ul>\n<p>[\/et_pb_accordion_item][et_pb_accordion_item title=&#8221;Welche Daten m\u00fcssen vor der Anreise \u00fcbermittelt werden?&#8221; _builder_version=&#8221;4.27.6&#8243; _module_preset=&#8221;default&#8221; custom_margin=&#8221;||||false|false&#8221; custom_margin_tablet=&#8221;||0px||false|false&#8221; custom_margin_phone=&#8221;||0px||false|false&#8221; custom_margin_last_edited=&#8221;on|tablet&#8221; global_colors_info=&#8221;{}&#8221; open=&#8221;off&#8221;]Kurz vor der Anreise erhalten Sie per E-Mail einen Link zur einfachen Online-Registrierung.<br \/>\nHier ist sind dann die Ausweisdaten zu hinterlegen, damit wir Sie am Anreisetag bei der Guardia Civil anmelden k\u00f6nnen. Das Verfahren erfolgt digital und ist obligatorisch.<br \/>\n[\/et_pb_accordion_item][et_pb_accordion_item title=&#8221;Kann ich meine Ferienhausbuchung stornieren?&#8221; _builder_version=&#8221;4.27.6&#8243; _module_preset=&#8221;default&#8221; custom_margin=&#8221;||||false|false&#8221; custom_margin_tablet=&#8221;||0px||false|false&#8221; custom_margin_phone=&#8221;||0px||false|false&#8221; custom_margin_last_edited=&#8221;on|tablet&#8221; global_colors_info=&#8221;{}&#8221; open=&#8221;off&#8221;]Ja. Eine <strong>Stornierung ist jederzeit vor Mietbeginn m\u00f6glich<\/strong>\u00a0und muss schriftlich (per E-Mail ausreichend) erfolgen. Im Stornofall fallen ggf. Stornokosten gem\u00e4\u00df den vereinbarten Bedingungen an.<br \/>\n[\/et_pb_accordion_item][et_pb_accordion_item title=&#8221;Was ist die Eco Tasa auf Mallorca?&#8221; _builder_version=&#8221;4.27.6&#8243; _module_preset=&#8221;default&#8221; custom_margin=&#8221;||||false|false&#8221; custom_margin_tablet=&#8221;||0px||false|false&#8221; custom_margin_phone=&#8221;||0px||false|false&#8221; custom_margin_last_edited=&#8221;on|tablet&#8221; global_colors_info=&#8221;{}&#8221; open=&#8221;off&#8221;]Die <strong>Eco Tasa ist eine gesetzliche Touristensteuer<\/strong>\u00a0auf Mallorca. Sie ist f\u00fcr alle Ferienimmobilien verpflichtend und wird entweder bar vor Ort per paypal oder mit der letzten Zahlung vor Anreise erhoben (objektabh\u00e4ngig).<br \/>\n[\/et_pb_accordion_item][et_pb_accordion_item title=&#8221;Wie darf ich das Ferienhaus nutzen?&#8221; _builder_version=&#8221;4.27.6&#8243; _module_preset=&#8221;default&#8221; custom_margin=&#8221;||||false|false&#8221; custom_margin_tablet=&#8221;||0px||false|false&#8221; custom_margin_phone=&#8221;||0px||false|false&#8221; custom_margin_last_edited=&#8221;on|tablet&#8221; global_colors_info=&#8221;{}&#8221; open=&#8221;off&#8221;]Das Ferienhaus darf w\u00e4hrend der Mietzeit vollst\u00e4ndig genutzt werden. Der Mieter verpflichtet sich zu einem\u00a0<strong>sorgsamen Umgang mit Haus, Inventar und Ausstattung<\/strong>. F\u00fcr verursachte Sch\u00e4den haftet der Mieter \u2013 auch f\u00fcr Mitreisende.<br \/>\n[\/et_pb_accordion_item][et_pb_accordion_item title=&#8221;Gibt es Bettw\u00e4sche und Handt\u00fccher im Ferienhaus?&#8221; _builder_version=&#8221;4.27.6&#8243; _module_preset=&#8221;default&#8221; custom_margin=&#8221;||||false|false&#8221; custom_margin_tablet=&#8221;||0px||false|false&#8221; custom_margin_phone=&#8221;||0px||false|false&#8221; custom_margin_last_edited=&#8221;on|tablet&#8221; global_colors_info=&#8221;{}&#8221; open=&#8221;off&#8221;]Ja, es gibt Bettw\u00e4sche und Handt\u00fccher, meist auch Poolt\u00fccher im Haus.<br \/>\n[\/et_pb_accordion_item][\/et_pb_accordion][\/et_pb_column][et_pb_column type=&#8221;1_2&#8243; _builder_version=&#8221;4.16&#8243; custom_padding=&#8221;|||&#8221; global_colors_info=&#8221;{}&#8221; custom_padding__hover=&#8221;|||&#8221;][et_pb_accordion open_toggle_background_color=&#8221;#FFFFFF&#8221; closed_toggle_background_color=&#8221;#FFFFFF&#8221; toggle_icon=&#8221;&#xf107;||fa||900&#8243; icon_color=&#8221;#0b83bf&#8221; use_icon_font_size=&#8221;on&#8221; admin_label=&#8221;FAQs&#8221; _builder_version=&#8221;4.27.6&#8243; _module_preset=&#8221;default&#8221; toggle_level=&#8221;h2&#8243; toggle_font_size=&#8221;16px&#8221; background_color=&#8221;#efefef&#8221; custom_margin=&#8221;0px|0px|0px|0px|false|false&#8221; custom_padding=&#8221;0px|0px|0px|0px|false|false&#8221; border_color_bottom=&#8221;#FFFFFF&#8221; global_colors_info=&#8221;{}&#8221;][et_pb_accordion_item title=&#8221;Sind Nebenkosten zu zahlen?&#8221; open=&#8221;on&#8221; _builder_version=&#8221;4.27.6&#8243; _module_preset=&#8221;default&#8221; global_colors_info=&#8221;{}&#8221;]In manchen H\u00e4usern sind Heizkosten f\u00fcr den Pool oder das Haus vor Ort zahlbar.<br \/>\nStromkosten sind bei einem \u00fcblichen Verbrauch inclusive. N\u00e4here Information finden Sie immer bei der Objektbeschreibung<br \/>\n[\/et_pb_accordion_item][et_pb_accordion_item title=&#8221;Ist eine Kaution zu zahlen?&#8221; _builder_version=&#8221;4.27.6&#8243; _module_preset=&#8221;default&#8221; global_colors_info=&#8221;{}&#8221; open=&#8221;off&#8221;]N\u00e4here Information finden Sie immer bei der Objektbeschreibung.<br \/>\n[\/et_pb_accordion_item][et_pb_accordion_item title=&#8221;Was tun bei Problemen im Ferienhaus?&#8221; _builder_version=&#8221;4.27.6&#8243; _module_preset=&#8221;default&#8221; global_colors_info=&#8221;{}&#8221; open=&#8221;off&#8221;]Leistungsst\u00f6rungen oder Sch\u00e4den m\u00fcssen\u00a0<strong>unverz\u00fcglich contacto-mallorca gemeldet<\/strong>\u00a0werden, idealerweise zus\u00e4tzlich schriftlich. Ohne rechtzeitige Meldung k\u00f6nnen Anspr\u00fcche ausgeschlossen sein.<br \/>\n[\/et_pb_accordion_item][et_pb_accordion_item title=&#8221;Haftet der Vermieter f\u00fcr Unf\u00e4lle oder Sch\u00e4den?&#8221; _builder_version=&#8221;4.27.6&#8243; _module_preset=&#8221;default&#8221; global_colors_info=&#8221;{}&#8221; open=&#8221;off&#8221;]Nein. Der Vermieter haftet nicht f\u00fcr <strong>Personen- oder Sachsch\u00e4den<\/strong>, die w\u00e4hrend des Aufenthalts im Mietobjekt entstehen \u2013 dies gilt auch f\u00fcr Kinder und Begleitpersonen.<br \/>\n[\/et_pb_accordion_item][et_pb_accordion_item title=&#8221;Sind Haustiere im Ferienhaus erlaubt?&#8221; _builder_version=&#8221;4.27.6&#8243; _module_preset=&#8221;default&#8221; global_colors_info=&#8221;{}&#8221; open=&#8221;off&#8221;]Nein.\u00a0<strong>Haustiere sind nicht gestattet<\/strong>.<br \/>\n[\/et_pb_accordion_item][et_pb_accordion_item title=&#8221;Gibt es Kinderbetten oder Zusatzbetten?&#8221; _builder_version=&#8221;4.27.6&#8243; _module_preset=&#8221;default&#8221; global_colors_info=&#8221;{}&#8221; open=&#8221;off&#8221;]Kinder- oder Zusatzbetten sind\u00a0<strong>nur nach vorheriger schriftlicher Vereinbarung<\/strong>\u00a0m\u00f6glich.<\/p>\n<h3><\/h3>\n<p>[\/et_pb_accordion_item][et_pb_accordion_item title=&#8221;Wann ist Check-in und Check-out?&#8221; _builder_version=&#8221;4.27.6&#8243; _module_preset=&#8221;default&#8221; global_colors_info=&#8221;{}&#8221; open=&#8221;off&#8221;]<\/p>\n<ul>\n<li><strong>Check-in:<\/strong>ab 16:00\/ 17.00 Uhr Uhr<\/li>\n<li><strong>Check-out:<\/strong>bis 10:00 Uhr (besenrein)<\/li>\n<\/ul>\n<p>[\/et_pb_accordion_item][et_pb_accordion_item title=&#8221;Was gilt f\u00fcr Sonderw\u00fcnsche oder \u00c4nderungen?&#8221; _builder_version=&#8221;4.27.6&#8243; _module_preset=&#8221;default&#8221; global_colors_info=&#8221;{}&#8221; open=&#8221;off&#8221;]Sonderw\u00fcnsche und \u00c4nderungen m\u00fcssen best\u00e4tigt werden. F\u00fcr Sonderw\u00fcnsche, \u00c4nderungen oder Nichteinhaltung wird eine\u00a0<strong>Bearbeitungsgeb\u00fchr von 50 \u20ac pro Buchung<\/strong>\u00a0erhoben.<br \/>\n[\/et_pb_accordion_item][et_pb_accordion_item title=&#8221;Wie viele Personen d\u00fcrfen im Ferienhaus \u00fcbernachten?&#8221; _builder_version=&#8221;4.27.6&#8243; _module_preset=&#8221;default&#8221; global_colors_info=&#8221;{}&#8221; open=&#8221;off&#8221;]Maximal die im Mietvertrag angegebene Personenzahl. Bei\u00a0<strong>unangemeldeter \u00dcberbelegung<\/strong>\u00a0kann der Vermieter die Nutzung verweigern, sofern keine alternative Unterbringung auf eigene Kosten organisiert wird.<br \/>\n[\/et_pb_accordion_item][et_pb_accordion_item title=&#8221;Sind m\u00fcndliche Absprachen g\u00fcltig?&#8221; _builder_version=&#8221;4.27.6&#8243; _module_preset=&#8221;default&#8221; global_colors_info=&#8221;{}&#8221; open=&#8221;off&#8221;]Nein.\u00a0<strong>\u00c4nderungen und Erg\u00e4nzungen sind nur schriftlich g\u00fcltig<\/strong>\u00a0und m\u00fcssen von contacto-mallorca best\u00e4tigt werden.<br \/>\n[\/et_pb_accordion_item][et_pb_accordion_item title=&#8221;Kann ich einen Mietwagen mieten?&#8221; _builder_version=&#8221;4.27.6&#8243; _module_preset=&#8221;default&#8221; global_colors_info=&#8221;{}&#8221; open=&#8221;off&#8221;]contacto-mallorca arbeitet mit einem in Pollen\u00e7a ans\u00e4ssigen Mietwagenverleiher zusammen. Es ist eine unformelle und bequeme Anmietung ab Palma Flughafen oder in Pollen\u00e7a m\u00f6glich.<br \/>\n[\/et_pb_accordion_item][\/et_pb_accordion][\/et_pb_column][\/et_pb_row][\/et_pb_section]<\/p>\n","protected":false},"excerpt":{"rendered":"<p>Mallorca Ferienhaus buchen mit\u00a0contacto-mallorca FAQ Mietbedingungen \u2013 H\u00e4ufig gestellte Fragen contacto-mallorca ist eine inhabergef\u00fchrte Vermittlungsagentur f\u00fcr\u00a0Ferienh\u00e4user, Ferienwohnungen und Fincas auf Mallorca. Martina Prager ber\u00e4t Sie pers\u00f6nlich, \u00fcbernimmt die Buchungsabwicklung und begleitet Sie vor und w\u00e4hrend Ihres Urlaubs. Sie k\u00f6nnen eine unverbindliche Buchungsanfrage stellen oder per Sofortbuchung buchen. Bei der Buchung leisten Sie eine Anzahlung per [&hellip;]<\/p>\n","protected":false},"author":6,"featured_media":0,"parent":0,"menu_order":1,"comment_status":"closed","ping_status":"closed","template":"page.php","meta":{"_et_pb_use_builder":"on","_et_pb_old_content":"","_et_gb_content_width":"","footnotes":""},"class_list":["post-39349","page","type-page","status-publish","hentry"],"yoast_head":"<!-- This site is optimized with the Yoast SEO Premium plugin v27.1 (Yoast SEO v27.1.1) - https:\/\/yoast.com\/product\/yoast-seo-premium-wordpress\/ -->\n<title>FAQ Contacto Mallorca - contacto-mallorca<\/title>\n<meta name=\"robots\" content=\"index, follow, max-snippet:-1, max-image-preview:large, max-video-preview:-1\" \/>\n<link rel=\"canonical\" href=\"https:\/\/contacto-mallorca.de\/en\/faq-contacto-mallorca\/\" \/>\n<meta property=\"og:locale\" content=\"en_US\" \/>\n<meta property=\"og:type\" content=\"article\" \/>\n<meta property=\"og:title\" content=\"FAQ Contacto Mallorca\" \/>\n<meta property=\"og:description\" content=\"Mallorca Ferienhaus buchen mit\u00a0contacto-mallorca FAQ Mietbedingungen \u2013 H\u00e4ufig gestellte Fragen contacto-mallorca ist eine inhabergef\u00fchrte Vermittlungsagentur f\u00fcr\u00a0Ferienh\u00e4user, Ferienwohnungen und Fincas auf Mallorca. Martina Prager ber\u00e4t Sie pers\u00f6nlich, \u00fcbernimmt die Buchungsabwicklung und begleitet Sie vor und w\u00e4hrend Ihres Urlaubs. Sie k\u00f6nnen eine unverbindliche Buchungsanfrage stellen oder per Sofortbuchung buchen. Bei der Buchung leisten Sie eine Anzahlung per [&hellip;]\" \/>\n<meta property=\"og:url\" content=\"https:\/\/contacto-mallorca.de\/en\/faq-contacto-mallorca\/\" \/>\n<meta property=\"og:site_name\" content=\"contacto-mallorca\" \/>\n<meta property=\"article:publisher\" content=\"https:\/\/www.facebook.com\/contacto.mallorca\/\" \/>\n<meta property=\"article:modified_time\" content=\"2026-03-30T07:41:23+00:00\" \/>\n<meta property=\"og:image\" content=\"https:\/\/contacto-mallorca.de\/wp-content\/uploads\/contacto-mallorca_ferienhaus_mallorca_6.jpg\" \/>\n\t<meta property=\"og:image:width\" content=\"1920\" \/>\n\t<meta property=\"og:image:height\" content=\"750\" \/>\n\t<meta property=\"og:image:type\" content=\"image\/jpeg\" \/>\n<meta name=\"twitter:card\" content=\"summary_large_image\" \/>\n<meta name=\"twitter:label1\" content=\"Est. reading time\" \/>\n\t<meta name=\"twitter:data1\" content=\"4 minutes\" \/>\n<script type=\"application\/ld+json\" class=\"yoast-schema-graph\">{\"@context\":\"https:\/\/schema.org\",\"@graph\":[{\"@type\":\"WebPage\",\"@id\":\"https:\/\/contacto-mallorca.de\/en\/faq-contacto-mallorca\/\",\"url\":\"https:\/\/contacto-mallorca.de\/en\/faq-contacto-mallorca\/\",\"name\":\"FAQ Contacto Mallorca - contacto-mallorca\",\"isPartOf\":{\"@id\":\"https:\/\/contacto-mallorca.de\/en\/#website\"},\"datePublished\":\"2026-03-30T07:36:22+00:00\",\"dateModified\":\"2026-03-30T07:41:23+00:00\",\"breadcrumb\":{\"@id\":\"https:\/\/contacto-mallorca.de\/en\/faq-contacto-mallorca\/#breadcrumb\"},\"inLanguage\":\"en-US\",\"potentialAction\":[{\"@type\":\"ReadAction\",\"target\":[\"https:\/\/contacto-mallorca.de\/en\/faq-contacto-mallorca\/\"]}]},{\"@type\":\"BreadcrumbList\",\"@id\":\"https:\/\/contacto-mallorca.de\/en\/faq-contacto-mallorca\/#breadcrumb\",\"itemListElement\":[{\"@type\":\"ListItem\",\"position\":1,\"name\":\"Home\",\"item\":\"https:\/\/contacto-mallorca.de\/en\/\"},{\"@type\":\"ListItem\",\"position\":2,\"name\":\"FAQ Contacto Mallorca\"}]},{\"@type\":\"WebSite\",\"@id\":\"https:\/\/contacto-mallorca.de\/en\/#website\",\"url\":\"https:\/\/contacto-mallorca.de\/en\/\",\"name\":\"contacto-mallorca\",\"description\":\"Individueller Urlaub in wundersch\u00f6nen und preisg\u00fcnstigen Ferienwohnungen &amp; Ferienh\u00e4usern auf Mallorca\",\"publisher\":{\"@id\":\"https:\/\/contacto-mallorca.de\/en\/#organization\"},\"potentialAction\":[{\"@type\":\"SearchAction\",\"target\":{\"@type\":\"EntryPoint\",\"urlTemplate\":\"https:\/\/contacto-mallorca.de\/en\/?s={search_term_string}\"},\"query-input\":{\"@type\":\"PropertyValueSpecification\",\"valueRequired\":true,\"valueName\":\"search_term_string\"}}],\"inLanguage\":\"en-US\"},{\"@type\":\"Organization\",\"@id\":\"https:\/\/contacto-mallorca.de\/en\/#organization\",\"name\":\"contacto-mallorca\",\"url\":\"https:\/\/contacto-mallorca.de\/en\/\",\"logo\":{\"@type\":\"ImageObject\",\"inLanguage\":\"en-US\",\"@id\":\"https:\/\/contacto-mallorca.de\/en\/#\/schema\/logo\/image\/\",\"url\":\"https:\/\/contacto-mallorca.de\/wp-content\/uploads\/contacto_mallorca_logo_web.png\",\"contentUrl\":\"https:\/\/contacto-mallorca.de\/wp-content\/uploads\/contacto_mallorca_logo_web.png\",\"width\":372,\"height\":125,\"caption\":\"contacto-mallorca\"},\"image\":{\"@id\":\"https:\/\/contacto-mallorca.de\/en\/#\/schema\/logo\/image\/\"},\"sameAs\":[\"https:\/\/www.facebook.com\/contacto.mallorca\/\",\"https:\/\/www.instagram.com\/contacto.mallorca\/\",\"https:\/\/www.youtube.com\/channel\/UCIAhiObN3XGEoINx6OvG5ew\"]}]}<\/script>\n<!-- \/ Yoast SEO Premium plugin. -->","yoast_head_json":{"title":"FAQ Contacto Mallorca - contacto-mallorca","robots":{"index":"index","follow":"follow","max-snippet":"max-snippet:-1","max-image-preview":"max-image-preview:large","max-video-preview":"max-video-preview:-1"},"canonical":"https:\/\/contacto-mallorca.de\/en\/faq-contacto-mallorca\/","og_locale":"en_US","og_type":"article","og_title":"FAQ Contacto Mallorca","og_description":"Mallorca Ferienhaus buchen mit\u00a0contacto-mallorca FAQ Mietbedingungen \u2013 H\u00e4ufig gestellte Fragen contacto-mallorca ist eine inhabergef\u00fchrte Vermittlungsagentur f\u00fcr\u00a0Ferienh\u00e4user, Ferienwohnungen und Fincas auf Mallorca. Martina Prager ber\u00e4t Sie pers\u00f6nlich, \u00fcbernimmt die Buchungsabwicklung und begleitet Sie vor und w\u00e4hrend Ihres Urlaubs. Sie k\u00f6nnen eine unverbindliche Buchungsanfrage stellen oder per Sofortbuchung buchen. Bei der Buchung leisten Sie eine Anzahlung per [&hellip;]","og_url":"https:\/\/contacto-mallorca.de\/en\/faq-contacto-mallorca\/","og_site_name":"contacto-mallorca","article_publisher":"https:\/\/www.facebook.com\/contacto.mallorca\/","article_modified_time":"2026-03-30T07:41:23+00:00","og_image":[{"width":1920,"height":750,"url":"https:\/\/contacto-mallorca.de\/wp-content\/uploads\/contacto-mallorca_ferienhaus_mallorca_6.jpg","type":"image\/jpeg"}],"twitter_card":"summary_large_image","twitter_misc":{"Est. reading time":"4 minutes"},"schema":{"@context":"https:\/\/schema.org","@graph":[{"@type":"WebPage","@id":"https:\/\/contacto-mallorca.de\/en\/faq-contacto-mallorca\/","url":"https:\/\/contacto-mallorca.de\/en\/faq-contacto-mallorca\/","name":"FAQ Contacto Mallorca - contacto-mallorca","isPartOf":{"@id":"https:\/\/contacto-mallorca.de\/en\/#website"},"datePublished":"2026-03-30T07:36:22+00:00","dateModified":"2026-03-30T07:41:23+00:00","breadcrumb":{"@id":"https:\/\/contacto-mallorca.de\/en\/faq-contacto-mallorca\/#breadcrumb"},"inLanguage":"en-US","potentialAction":[{"@type":"ReadAction","target":["https:\/\/contacto-mallorca.de\/en\/faq-contacto-mallorca\/"]}]},{"@type":"BreadcrumbList","@id":"https:\/\/contacto-mallorca.de\/en\/faq-contacto-mallorca\/#breadcrumb","itemListElement":[{"@type":"ListItem","position":1,"name":"Home","item":"https:\/\/contacto-mallorca.de\/en\/"},{"@type":"ListItem","position":2,"name":"FAQ Contacto Mallorca"}]},{"@type":"WebSite","@id":"https:\/\/contacto-mallorca.de\/en\/#website","url":"https:\/\/contacto-mallorca.de\/en\/","name":"contacto-mallorca","description":"Individueller Urlaub in wundersch\u00f6nen und preisg\u00fcnstigen Ferienwohnungen &amp; Ferienh\u00e4usern auf Mallorca","publisher":{"@id":"https:\/\/contacto-mallorca.de\/en\/#organization"},"potentialAction":[{"@type":"SearchAction","target":{"@type":"EntryPoint","urlTemplate":"https:\/\/contacto-mallorca.de\/en\/?s={search_term_string}"},"query-input":{"@type":"PropertyValueSpecification","valueRequired":true,"valueName":"search_term_string"}}],"inLanguage":"en-US"},{"@type":"Organization","@id":"https:\/\/contacto-mallorca.de\/en\/#organization","name":"contacto-mallorca","url":"https:\/\/contacto-mallorca.de\/en\/","logo":{"@type":"ImageObject","inLanguage":"en-US","@id":"https:\/\/contacto-mallorca.de\/en\/#\/schema\/logo\/image\/","url":"https:\/\/contacto-mallorca.de\/wp-content\/uploads\/contacto_mallorca_logo_web.png","contentUrl":"https:\/\/contacto-mallorca.de\/wp-content\/uploads\/contacto_mallorca_logo_web.png","width":372,"height":125,"caption":"contacto-mallorca"},"image":{"@id":"https:\/\/contacto-mallorca.de\/en\/#\/schema\/logo\/image\/"},"sameAs":["https:\/\/www.facebook.com\/contacto.mallorca\/","https:\/\/www.instagram.com\/contacto.mallorca\/","https:\/\/www.youtube.com\/channel\/UCIAhiObN3XGEoINx6OvG5ew"]}]}},"_links":{"self":[{"href":"https:\/\/contacto-mallorca.de\/en\/wp-json\/wp\/v2\/pages\/39349","targetHints":{"allow":["GET"]}}],"collection":[{"href":"https:\/\/contacto-mallorca.de\/en\/wp-json\/wp\/v2\/pages"}],"about":[{"href":"https:\/\/contacto-mallorca.de\/en\/wp-json\/wp\/v2\/types\/page"}],"author":[{"embeddable":true,"href":"https:\/\/contacto-mallorca.de\/en\/wp-json\/wp\/v2\/users\/6"}],"replies":[{"embeddable":true,"href":"https:\/\/contacto-mallorca.de\/en\/wp-json\/wp\/v2\/comments?post=39349"}],"version-history":[{"count":2,"href":"https:\/\/contacto-mallorca.de\/en\/wp-json\/wp\/v2\/pages\/39349\/revisions"}],"predecessor-version":[{"id":39356,"href":"https:\/\/contacto-mallorca.de\/en\/wp-json\/wp\/v2\/pages\/39349\/revisions\/39356"}],"wp:attachment":[{"href":"https:\/\/contacto-mallorca.de\/en\/wp-json\/wp\/v2\/media?parent=39349"}],"curies":[{"name":"wp","href":"https:\/\/api.w.org\/{rel}","templated":true}]}}