{"id":39359,"date":"2026-03-30T09:43:04","date_gmt":"2026-03-30T07:43:04","guid":{"rendered":"https:\/\/contacto-mallorca.de\/?page_id=39359"},"modified":"2026-03-30T09:43:16","modified_gmt":"2026-03-30T07:43:16","slug":"gastgeber-werden","status":"publish","type":"page","link":"https:\/\/contacto-mallorca.de\/en\/gastgeber-werden\/","title":{"rendered":"Gastgeber werden"},"content":{"rendered":"<p>[et_pb_section fb_built=&#8221;1&#8243; custom_padding_last_edited=&#8221;on|phone&#8221; _builder_version=&#8221;4.27.6&#8243; width_tablet=&#8221;100%&#8221; width_phone=&#8221;100%&#8221; width_last_edited=&#8221;on|phone&#8221; max_width_tablet=&#8221;100%&#8221; max_width_phone=&#8221;&#8221; max_width_last_edited=&#8221;on|phone&#8221; custom_margin=&#8221;0px||0px||false|false&#8221; custom_margin_tablet=&#8221;||100px||false|false&#8221; custom_margin_phone=&#8221;||100px||false|false&#8221; custom_margin_last_edited=&#8221;on|phone&#8221; custom_padding=&#8221;30px|15%|120px|15.2%|false|false&#8221; custom_padding_tablet=&#8221;0px|20px|120px|20px|false|false&#8221; custom_padding_phone=&#8221;0px|20px|60px|20px|false|false&#8221; collapsed=&#8221;off&#8221; global_colors_info=&#8221;{}&#8221;][et_pb_row custom_padding_last_edited=&#8221;on|desktop&#8221; disabled_on=&#8221;off|off|off&#8221; _builder_version=&#8221;4.27.6&#8243; width_tablet=&#8221;100%&#8221; width_phone=&#8221;100%&#8221; width_last_edited=&#8221;on|phone&#8221; max_width=&#8221;1080px&#8221; custom_margin=&#8221;0px||||false|false&#8221; custom_padding=&#8221;0px||||false|false&#8221; custom_padding_tablet=&#8221;0px||0px|&#8221; custom_padding_phone=&#8221;0px||0px|&#8221; global_colors_info=&#8221;{}&#8221;][et_pb_column type=&#8221;4_4&#8243; _builder_version=&#8221;4.16&#8243; custom_padding=&#8221;|||&#8221; global_colors_info=&#8221;{}&#8221; custom_padding__hover=&#8221;|||&#8221;][et_pb_text _builder_version=&#8221;4.27.6&#8243; _module_preset=&#8221;default&#8221; custom_margin=&#8221;0px||||false|false&#8221; custom_padding=&#8221;||20px||false|false&#8221; custom_padding_tablet=&#8221;0px||0px||false|false&#8221; custom_padding_phone=&#8221;0px||0px||false|false&#8221; custom_padding_last_edited=&#8221;on|phone&#8221; global_colors_info=&#8221;{}&#8221;]<\/p>\n<h2 style=\"text-align: center;\">Vermieten Sie Ihre Ferienimmobilie mit contacto-mallorca<\/h2>\n<h3 style=\"text-align: center;\">contacto-mallorca\u00a0ist Ihr erfahrener Ansprechpartner f\u00fcr Ferienhausvermietung auf Mallorca. Martina Prager k\u00fcmmert sich um alle Details rund um die Ferienvermietung.<\/h3>\n<p>[\/et_pb_text][et_pb_text _builder_version=&#8221;4.27.6&#8243; _module_preset=&#8221;default&#8221; hover_enabled=&#8221;0&#8243; global_colors_info=&#8221;{}&#8221; sticky_enabled=&#8221;0&#8243;]<\/p>\n<p><strong>Was bietet contacto-mallorca Hauseigent\u00fcmern auf Mallorca?<\/strong><\/p>\n<ul>\n<li>Eine inhabergef\u00fchrte Vermittlungsagentur<\/li>\n<li>Professionelle\u00a0Vermietung von Ferienimmobilien auf Mallorca<\/li>\n<li>Pers\u00f6nliche\u00a0Beratung zur Einrichtung, Ausstattung und Pr\u00e4sentation<\/li>\n<li>Hochwertige Objektfotos und aussagekr\u00e4ftige Expos\u00e9s<\/li>\n<li>Gezieltes Marketing auf relevanten Buchungsplattformen und Social Media<\/li>\n<li>G\u00e4stekommunikation, Organisation und Betreuung vor Ort<\/li>\n<li>Einen pers\u00f6nlicher Ansprechpartner f\u00fcr die G\u00e4ste<\/li>\n<li>Langj\u00e4hrige Erfahrung in der\u00a0Ferienvermietung auf Mallorca<\/li>\n<li>Stammg\u00e4ste, die Wert auf Qualit\u00e4t, Zuverl\u00e4ssigkeit und ein gepflegtes Ambiente legen<\/li>\n<li>Eine individuelle Beratung statt Standardl\u00f6sungen<\/li>\n<\/ul>\n<p><a href=\"mailto:info@contacto-mallorca.de\">Kontaktieren Sie Martina Prager<\/a> jetzt\u00a0f\u00fcr eine unverbindliche Beratung. Erfahren Sie, wie sie Ihr Ferienhaus auf Mallorca optimal in Szene setzt und erfolgreich vermietet. Ob Sie neu in die Vermietung starten oder Ihre bestehende Ferienimmobilie optimieren m\u00f6chten \u2013\u00a0contacto-mallorca begleitet Sie kompetent und engagiert.<\/p>\n<p>[\/et_pb_text][\/et_pb_column][\/et_pb_row][\/et_pb_section]<\/p>\n","protected":false},"excerpt":{"rendered":"<p>Vermieten Sie Ihre Ferienimmobilie mit contacto-mallorca contacto-mallorca\u00a0ist Ihr erfahrener Ansprechpartner f\u00fcr Ferienhausvermietung auf Mallorca. Martina Prager k\u00fcmmert sich um alle Details rund um die Ferienvermietung. Was bietet contacto-mallorca Hauseigent\u00fcmern auf Mallorca? Eine inhabergef\u00fchrte Vermittlungsagentur Professionelle\u00a0Vermietung von Ferienimmobilien auf Mallorca Pers\u00f6nliche\u00a0Beratung zur Einrichtung, Ausstattung und Pr\u00e4sentation Hochwertige Objektfotos und aussagekr\u00e4ftige Expos\u00e9s Gezieltes Marketing auf relevanten Buchungsplattformen [&hellip;]<\/p>\n","protected":false},"author":6,"featured_media":0,"parent":0,"menu_order":25,"comment_status":"open","ping_status":"closed","template":"page.php","meta":{"_et_pb_use_builder":"on","_et_pb_old_content":"<p>[et_pb_section fb_built=\"1\" custom_padding_last_edited=\"on|phone\" _builder_version=\"4.27.6\" width_tablet=\"100%\" width_phone=\"100%\" width_last_edited=\"on|phone\" max_width_tablet=\"100%\" max_width_phone=\"\" max_width_last_edited=\"on|phone\" custom_margin=\"0px||0px||false|false\" custom_margin_tablet=\"||100px||false|false\" custom_margin_phone=\"||100px||false|false\" custom_margin_last_edited=\"on|phone\" custom_padding=\"30px|15%|120px|15.2%|false|false\" custom_padding_tablet=\"0px|20px|120px|20px|false|false\" custom_padding_phone=\"0px|20px|60px|20px|false|false\" collapsed=\"off\" global_colors_info=\"{}\"][et_pb_row custom_padding_last_edited=\"on|desktop\" disabled_on=\"off|off|off\" _builder_version=\"4.27.6\" width_tablet=\"100%\" width_phone=\"100%\" width_last_edited=\"on|phone\" max_width=\"1080px\" custom_margin=\"0px||||false|false\" custom_padding=\"0px||||false|false\" custom_padding_tablet=\"0px||0px|\" custom_padding_phone=\"0px||0px|\" global_colors_info=\"{}\"][et_pb_column type=\"4_4\" _builder_version=\"4.16\" custom_padding=\"|||\" global_colors_info=\"{}\" custom_padding__hover=\"|||\"][et_pb_text _builder_version=\"4.27.6\" _module_preset=\"default\" custom_margin=\"0px||||false|false\" custom_padding=\"||20px||false|false\" custom_padding_tablet=\"0px||0px||false|false\" custom_padding_phone=\"0px||0px||false|false\" custom_padding_last_edited=\"on|phone\" global_colors_info=\"{}\"]<\/p><h2 style=\"text-align: center;\">Vermieten Sie Ihre Ferienimmobilie mit contacto-mallorca<\/h2><h3 style=\"text-align: center;\">contacto-mallorca\u00a0ist Ihr erfahrener Ansprechpartner f\u00fcr Ferienhausvermietung auf Mallorca. Martina Prager k\u00fcmmert sich um alle Details rund um die Ferienvermietung.<\/h3><p>[\/et_pb_text][et_pb_text _builder_version=\"4.27.6\" _module_preset=\"default\" hover_enabled=\"0\" global_colors_info=\"{}\" sticky_enabled=\"0\"]<\/p><p><strong>Was bietet contacto-mallorca Hauseigent\u00fcmern auf Mallorca?<\/strong><\/p><ul><li>Eine inhabergef\u00fchrte Vermittlungsagentur<\/li><li>Professionelle\u00a0Vermietung von Ferienimmobilien auf Mallorca<\/li><li>Pers\u00f6nliche\u00a0Beratung zur Einrichtung, Ausstattung und Pr\u00e4sentation<\/li><li>Hochwertige Objektfotos und aussagekr\u00e4ftige Expos\u00e9s<\/li><li>Gezieltes Marketing auf relevanten Buchungsplattformen und Social Media<\/li><li>G\u00e4stekommunikation, Organisation und Betreuung vor Ort<\/li><li>Einen pers\u00f6nlicher Ansprechpartner f\u00fcr die G\u00e4ste<\/li><li>Langj\u00e4hrige Erfahrung in der\u00a0Ferienvermietung auf Mallorca<\/li><li>Stammg\u00e4ste, die Wert auf Qualit\u00e4t, Zuverl\u00e4ssigkeit und ein gepflegtes Ambiente legen<\/li><li>Eine individuelle Beratung statt Standardl\u00f6sungen<\/li><\/ul><p><a href=\"mailto:info@contacto-mallorca.de\">Kontaktieren Sie Martina Prager<\/a> jetzt\u00a0f\u00fcr eine unverbindliche Beratung. Erfahren Sie, wie sie Ihr Ferienhaus auf Mallorca optimal in Szene setzt und erfolgreich vermietet. Ob Sie neu in die Vermietung starten oder Ihre bestehende Ferienimmobilie optimieren m\u00f6chten \u2013\u00a0contacto-mallorca begleitet Sie kompetent und engagiert.<\/p><p>[\/et_pb_text][\/et_pb_column][\/et_pb_row][\/et_pb_section]<\/p>","_et_gb_content_width":"","footnotes":""},"class_list":["post-39359","page","type-page","status-publish","hentry"],"yoast_head":"<!-- This site is optimized with the Yoast SEO Premium plugin v27.1 (Yoast SEO v27.1.1) - https:\/\/yoast.com\/product\/yoast-seo-premium-wordpress\/ -->\n<title>Gastgeber werden - contacto-mallorca<\/title>\n<meta name=\"robots\" content=\"index, follow, max-snippet:-1, max-image-preview:large, max-video-preview:-1\" \/>\n<link rel=\"canonical\" href=\"https:\/\/contacto-mallorca.de\/en\/gastgeber-werden\/\" \/>\n<meta property=\"og:locale\" content=\"en_US\" \/>\n<meta property=\"og:type\" content=\"article\" \/>\n<meta property=\"og:title\" content=\"Gastgeber werden\" \/>\n<meta property=\"og:description\" content=\"Vermieten Sie Ihre Ferienimmobilie mit contacto-mallorca contacto-mallorca\u00a0ist Ihr erfahrener Ansprechpartner f\u00fcr Ferienhausvermietung auf Mallorca. Martina Prager k\u00fcmmert sich um alle Details rund um die Ferienvermietung. Was bietet contacto-mallorca Hauseigent\u00fcmern auf Mallorca? Eine inhabergef\u00fchrte Vermittlungsagentur Professionelle\u00a0Vermietung von Ferienimmobilien auf Mallorca Pers\u00f6nliche\u00a0Beratung zur Einrichtung, Ausstattung und Pr\u00e4sentation Hochwertige Objektfotos und aussagekr\u00e4ftige Expos\u00e9s Gezieltes Marketing auf relevanten Buchungsplattformen [&hellip;]\" \/>\n<meta property=\"og:url\" content=\"https:\/\/contacto-mallorca.de\/en\/gastgeber-werden\/\" \/>\n<meta property=\"og:site_name\" content=\"contacto-mallorca\" \/>\n<meta property=\"article:publisher\" content=\"https:\/\/www.facebook.com\/contacto.mallorca\/\" \/>\n<meta property=\"article:modified_time\" content=\"2026-03-30T07:43:16+00:00\" \/>\n<meta property=\"og:image\" content=\"https:\/\/contacto-mallorca.de\/wp-content\/uploads\/contacto-mallorca_ferienhaus_mallorca_6.jpg\" \/>\n\t<meta property=\"og:image:width\" content=\"1920\" \/>\n\t<meta property=\"og:image:height\" content=\"750\" \/>\n\t<meta property=\"og:image:type\" content=\"image\/jpeg\" \/>\n<meta name=\"twitter:card\" content=\"summary_large_image\" \/>\n<meta name=\"twitter:label1\" content=\"Est. reading time\" \/>\n\t<meta name=\"twitter:data1\" content=\"2 minutes\" \/>\n<script type=\"application\/ld+json\" class=\"yoast-schema-graph\">{\"@context\":\"https:\/\/schema.org\",\"@graph\":[{\"@type\":\"WebPage\",\"@id\":\"https:\/\/contacto-mallorca.de\/en\/gastgeber-werden\/\",\"url\":\"https:\/\/contacto-mallorca.de\/en\/gastgeber-werden\/\",\"name\":\"Gastgeber werden - contacto-mallorca\",\"isPartOf\":{\"@id\":\"https:\/\/contacto-mallorca.de\/en\/#website\"},\"datePublished\":\"2026-03-30T07:43:04+00:00\",\"dateModified\":\"2026-03-30T07:43:16+00:00\",\"breadcrumb\":{\"@id\":\"https:\/\/contacto-mallorca.de\/en\/gastgeber-werden\/#breadcrumb\"},\"inLanguage\":\"en-US\",\"potentialAction\":[{\"@type\":\"ReadAction\",\"target\":[\"https:\/\/contacto-mallorca.de\/en\/gastgeber-werden\/\"]}]},{\"@type\":\"BreadcrumbList\",\"@id\":\"https:\/\/contacto-mallorca.de\/en\/gastgeber-werden\/#breadcrumb\",\"itemListElement\":[{\"@type\":\"ListItem\",\"position\":1,\"name\":\"Home\",\"item\":\"https:\/\/contacto-mallorca.de\/en\/\"},{\"@type\":\"ListItem\",\"position\":2,\"name\":\"Gastgeber werden\"}]},{\"@type\":\"WebSite\",\"@id\":\"https:\/\/contacto-mallorca.de\/en\/#website\",\"url\":\"https:\/\/contacto-mallorca.de\/en\/\",\"name\":\"contacto-mallorca\",\"description\":\"Individueller Urlaub in wundersch\u00f6nen und preisg\u00fcnstigen Ferienwohnungen &amp; Ferienh\u00e4usern auf Mallorca\",\"publisher\":{\"@id\":\"https:\/\/contacto-mallorca.de\/en\/#organization\"},\"potentialAction\":[{\"@type\":\"SearchAction\",\"target\":{\"@type\":\"EntryPoint\",\"urlTemplate\":\"https:\/\/contacto-mallorca.de\/en\/?s={search_term_string}\"},\"query-input\":{\"@type\":\"PropertyValueSpecification\",\"valueRequired\":true,\"valueName\":\"search_term_string\"}}],\"inLanguage\":\"en-US\"},{\"@type\":\"Organization\",\"@id\":\"https:\/\/contacto-mallorca.de\/en\/#organization\",\"name\":\"contacto-mallorca\",\"url\":\"https:\/\/contacto-mallorca.de\/en\/\",\"logo\":{\"@type\":\"ImageObject\",\"inLanguage\":\"en-US\",\"@id\":\"https:\/\/contacto-mallorca.de\/en\/#\/schema\/logo\/image\/\",\"url\":\"https:\/\/contacto-mallorca.de\/wp-content\/uploads\/contacto_mallorca_logo_web.png\",\"contentUrl\":\"https:\/\/contacto-mallorca.de\/wp-content\/uploads\/contacto_mallorca_logo_web.png\",\"width\":372,\"height\":125,\"caption\":\"contacto-mallorca\"},\"image\":{\"@id\":\"https:\/\/contacto-mallorca.de\/en\/#\/schema\/logo\/image\/\"},\"sameAs\":[\"https:\/\/www.facebook.com\/contacto.mallorca\/\",\"https:\/\/www.instagram.com\/contacto.mallorca\/\",\"https:\/\/www.youtube.com\/channel\/UCIAhiObN3XGEoINx6OvG5ew\"]}]}<\/script>\n<!-- \/ Yoast SEO Premium plugin. -->","yoast_head_json":{"title":"Gastgeber werden - contacto-mallorca","robots":{"index":"index","follow":"follow","max-snippet":"max-snippet:-1","max-image-preview":"max-image-preview:large","max-video-preview":"max-video-preview:-1"},"canonical":"https:\/\/contacto-mallorca.de\/en\/gastgeber-werden\/","og_locale":"en_US","og_type":"article","og_title":"Gastgeber werden","og_description":"Vermieten Sie Ihre Ferienimmobilie mit contacto-mallorca contacto-mallorca\u00a0ist Ihr erfahrener Ansprechpartner f\u00fcr Ferienhausvermietung auf Mallorca. Martina Prager k\u00fcmmert sich um alle Details rund um die Ferienvermietung. Was bietet contacto-mallorca Hauseigent\u00fcmern auf Mallorca? Eine inhabergef\u00fchrte Vermittlungsagentur Professionelle\u00a0Vermietung von Ferienimmobilien auf Mallorca Pers\u00f6nliche\u00a0Beratung zur Einrichtung, Ausstattung und Pr\u00e4sentation Hochwertige Objektfotos und aussagekr\u00e4ftige Expos\u00e9s Gezieltes Marketing auf relevanten Buchungsplattformen [&hellip;]","og_url":"https:\/\/contacto-mallorca.de\/en\/gastgeber-werden\/","og_site_name":"contacto-mallorca","article_publisher":"https:\/\/www.facebook.com\/contacto.mallorca\/","article_modified_time":"2026-03-30T07:43:16+00:00","og_image":[{"width":1920,"height":750,"url":"https:\/\/contacto-mallorca.de\/wp-content\/uploads\/contacto-mallorca_ferienhaus_mallorca_6.jpg","type":"image\/jpeg"}],"twitter_card":"summary_large_image","twitter_misc":{"Est. reading time":"2 minutes"},"schema":{"@context":"https:\/\/schema.org","@graph":[{"@type":"WebPage","@id":"https:\/\/contacto-mallorca.de\/en\/gastgeber-werden\/","url":"https:\/\/contacto-mallorca.de\/en\/gastgeber-werden\/","name":"Gastgeber werden - contacto-mallorca","isPartOf":{"@id":"https:\/\/contacto-mallorca.de\/en\/#website"},"datePublished":"2026-03-30T07:43:04+00:00","dateModified":"2026-03-30T07:43:16+00:00","breadcrumb":{"@id":"https:\/\/contacto-mallorca.de\/en\/gastgeber-werden\/#breadcrumb"},"inLanguage":"en-US","potentialAction":[{"@type":"ReadAction","target":["https:\/\/contacto-mallorca.de\/en\/gastgeber-werden\/"]}]},{"@type":"BreadcrumbList","@id":"https:\/\/contacto-mallorca.de\/en\/gastgeber-werden\/#breadcrumb","itemListElement":[{"@type":"ListItem","position":1,"name":"Home","item":"https:\/\/contacto-mallorca.de\/en\/"},{"@type":"ListItem","position":2,"name":"Gastgeber werden"}]},{"@type":"WebSite","@id":"https:\/\/contacto-mallorca.de\/en\/#website","url":"https:\/\/contacto-mallorca.de\/en\/","name":"contacto-mallorca","description":"Individueller Urlaub in wundersch\u00f6nen und preisg\u00fcnstigen Ferienwohnungen &amp; Ferienh\u00e4usern auf Mallorca","publisher":{"@id":"https:\/\/contacto-mallorca.de\/en\/#organization"},"potentialAction":[{"@type":"SearchAction","target":{"@type":"EntryPoint","urlTemplate":"https:\/\/contacto-mallorca.de\/en\/?s={search_term_string}"},"query-input":{"@type":"PropertyValueSpecification","valueRequired":true,"valueName":"search_term_string"}}],"inLanguage":"en-US"},{"@type":"Organization","@id":"https:\/\/contacto-mallorca.de\/en\/#organization","name":"contacto-mallorca","url":"https:\/\/contacto-mallorca.de\/en\/","logo":{"@type":"ImageObject","inLanguage":"en-US","@id":"https:\/\/contacto-mallorca.de\/en\/#\/schema\/logo\/image\/","url":"https:\/\/contacto-mallorca.de\/wp-content\/uploads\/contacto_mallorca_logo_web.png","contentUrl":"https:\/\/contacto-mallorca.de\/wp-content\/uploads\/contacto_mallorca_logo_web.png","width":372,"height":125,"caption":"contacto-mallorca"},"image":{"@id":"https:\/\/contacto-mallorca.de\/en\/#\/schema\/logo\/image\/"},"sameAs":["https:\/\/www.facebook.com\/contacto.mallorca\/","https:\/\/www.instagram.com\/contacto.mallorca\/","https:\/\/www.youtube.com\/channel\/UCIAhiObN3XGEoINx6OvG5ew"]}]}},"_links":{"self":[{"href":"https:\/\/contacto-mallorca.de\/en\/wp-json\/wp\/v2\/pages\/39359","targetHints":{"allow":["GET"]}}],"collection":[{"href":"https:\/\/contacto-mallorca.de\/en\/wp-json\/wp\/v2\/pages"}],"about":[{"href":"https:\/\/contacto-mallorca.de\/en\/wp-json\/wp\/v2\/types\/page"}],"author":[{"embeddable":true,"href":"https:\/\/contacto-mallorca.de\/en\/wp-json\/wp\/v2\/users\/6"}],"replies":[{"embeddable":true,"href":"https:\/\/contacto-mallorca.de\/en\/wp-json\/wp\/v2\/comments?post=39359"}],"version-history":[{"count":1,"href":"https:\/\/contacto-mallorca.de\/en\/wp-json\/wp\/v2\/pages\/39359\/revisions"}],"predecessor-version":[{"id":39360,"href":"https:\/\/contacto-mallorca.de\/en\/wp-json\/wp\/v2\/pages\/39359\/revisions\/39360"}],"wp:attachment":[{"href":"https:\/\/contacto-mallorca.de\/en\/wp-json\/wp\/v2\/media?parent=39359"}],"curies":[{"name":"wp","href":"https:\/\/api.w.org\/{rel}","templated":true}]}}