{"id":9115,"date":"2019-02-08T10:41:19","date_gmt":"2019-02-08T09:41:19","guid":{"rendered":"https:\/\/contacto-mallorca.de\/?page_id=9115"},"modified":"2019-03-07T11:01:41","modified_gmt":"2019-03-07T10:01:41","slug":"kundenbuchungen","status":"publish","type":"page","link":"https:\/\/contacto-mallorca.de\/en\/kundenbuchungen\/","title":{"rendered":"Kundenbuchungen"},"content":{"rendered":"<p>[et_pb_section bb_built=&#8221;1&#8243; fullwidth=&#8221;on&#8221; specialty=&#8221;off&#8221; _builder_version=&#8221;3.19.13&#8243; custom_margin=&#8221;0px||0px|&#8221; custom_margin_last_edited=&#8221;on|desktop&#8221; custom_padding=&#8221;0px||0px|&#8221; background_color=&#8221;#009fe3&#8243; next_background_color=&#8221;#ffffff&#8221; global_module=&#8221;10552&#8243;][et_pb_fullwidth_code admin_label=&#8221;Suchformular Header&#8221; global_parent=&#8221;10552&#8243; _builder_version=&#8221;3.19.13&#8243; text_orientation=&#8221;center&#8221; custom_padding=&#8221;||5px|&#8221; module_alignment=&#8221;center&#8221; max_width_last_edited=&#8221;on|desktop&#8221; custom_padding_tablet=&#8221;||2%|&#8221; custom_padding_last_edited=&#8221;on|phone&#8221; max_width_tablet=&#8221;70%&#8221; background_position=&#8221;top_left&#8221; background_repeat=&#8221;repeat&#8221; background_size=&#8221;initial&#8221;]<script type=\"text\/javascript\"> (function() { var a = setInterval( function() {  if ( ( 'undefined' === typeof jQuery ) || ! window.jQuery ) { return; } clearInterval( a ); jQuery( document ).ready( function (){ _wpbc.set_other_param( 'search_avy__dates_format', 'dd.mm.yy' );  _wpbc.set_other_param( 'search_avy__auto_open_checkout', 'On' );  _wpbc.set_other_param( 'search_avy__warning__dates_required_enabled', 'Off' );  _wpbc.set_other_param( 'search_avy__warning__dates_required_warning', 'Please select check-in and check-out dates to perform the search.' );  wpbc_init_datepick__search_check_in();  wpbc_init_datepick__search_check_out();  wpbc_search_avy__auto_select_fields_in_search_form__if_params_in_url(); } ); }, 500 ); })();<\/script><div  id=\"booking_search_form\" class=\"booking_search_form wpbc_container\"> <form name=\"booking_search_form\" autocomplete=\"off\" action=\"\" method=\"post\"><div id=\"search_form_id_577204131400\"   class=\"wpbc_container wpbc_form wpbc_container_search wpbc_container_search_form  \" ><div class=\"searchcontainer\">\r\n  <input type=\"text\" value=\"\" size=\"10\" inputmode=\"none\"  name=\"search_field__display_check_in\"    id=\"search_field__display_check_in\"  placeholder=\"12.04.2026\" \/><input type=\"text\" value=\"\" size=\"10\" inputmode=\"none\"  name=\"search_field__display_check_out\"    id=\"search_field__display_check_out\"  placeholder=\"13.04.2026\" \/>\r\n  <select id=\"booking_search_accommodation\" name=\"booking_search_accommodation\">\r\n     <option value=\"all_acc\">Accommodations<\/option>\r\n  <!--option value=\"all_acc\">All Accommodations<\/option-->\r\n  <option value=\"last_minute\">Last Minute<\/option>\r\n     <option value=\"fincas\">Villas<\/option>\r\n     <option value=\"stadthaeuser\">Townhouses<\/option>\r\n     <option value=\"apartments\">Apartments<\/option>\r\n  <\/select>\r\n  <span class=\"visitors\">\t <select  name='search_quantity' class='wpbc_search_avy_field__search_visitors'><option value='Persons'>Persons<\/option><option value='1'>1<\/option><option value='2'>2<\/option><option value='3'>3<\/option><option value='4'>4<\/option><option value='5'>5<\/option><option value='6'>6<\/option><option value='7'>7<\/option><option value='8'>8<\/option><option value='9'>9<\/option><option value='10'>10<\/option><option value='11'>11<\/option><option value='12'>12<\/option><\/select> <\/span>\r\n  \r\n\r\n  <select id=\"booking_mietwagen\" name=\"booking_mietwagen\">\r\n    <option value=\"alle_mietwagen\">Cars<\/option>  \r\n    <option value=\"kategorieb\">Category B<\/option>\r\n  <option value=\"kategorieb_automatic\">Category B Automatic<\/option>\r\n  <option value=\"kategoriec\">Category C<\/option>\r\n    <option value=\"kategoriec_automatic\">Category C Automatic<\/option>\r\n  <option value=\"kategoried\">Category D<\/option>\r\n  <option value=\"kategoriee\">Category E <\/option>\t\t\t\r\n\r\n <\/select> \r\n  \r\n  <input type=\"button\"  class=\"search_booking wpbc_button_light\"  onclick=\"wpbc_search_form_click_ajax( this.form, 'en_US' );\"  value=\"Search\" \/>\r\n  <\/div>\r\n  <script type=\"text\/javascript\">\r\n    if ( ( document.querySelector(\".page-id-10249\" )) ||  \r\n    ( (document.querySelector(\".page-id-10190\" ))  && (window.location.href.indexOf(\"booking_mietwagen\") > -1) ) ||\r\n    ( document.querySelector(\".postid-10254\" )) ||\r\n    ( document.querySelector(\".postid-10257\" )) ||\r\n    ( document.querySelector(\".postid-10260\" )) ||\r\n    ( document.querySelector(\".postid-10263\" )) ||\r\n    ( document.querySelector(\".postid-10266\" )) ||\r\n    ( document.querySelector(\".postid-10269\" )) \r\n    \r\n       ) {\r\n       document.getElementById(\"booking_search_accommodation\").remove();\r\n      document.querySelector(\".visitors\").remove();\r\n\r\n    }else{\r\n    \r\n      document.getElementById(\"booking_mietwagen\").remove();\r\n    }\r\n   \r\n    var myURLParams = location.href.split('?');\r\n    if ( myURLParams.length > 1 ){\r\n    console.log(\"SEARCH PARAMS = \", myURLParams);\r\n       myURLParams = myURLParams[1].split('&');\r\n  }\r\n\r\n    for ( var i = 0; i < myURLParams.length; i++ ) {\r\n      myParam = myURLParams[ i ].split( '=');\r\n    if ( myParam[ 0 ] === 'booking_mietwagen'){ \r\n      var booking_mietwagen = myParam[ 1 ];\t\r\n      jQuery('#booking_mietwagen').val(booking_mietwagen) ;\r\n    }\t\r\n    if ( myParam[ 0 ] === 'booking_search_accommodation'){ \r\n      var booking_search_accommodation = myParam[ 1 ];\r\n         jQuery('#booking_search_accommodation').val(booking_search_accommodation);\r\n\r\n    }\r\n    }   \r\n<\/script>\r\n\r\n<\/div><input type=\"hidden\" id=\"wpbc_search_nonce\" name=\"wpbc_search_nonce\" value=\"b0ad5885bd\" \/><input type=\"hidden\" name=\"_wp_http_referer\" value=\"\/en\/wp-json\/wp\/v2\/pages\/9115\" \/><div style=\"clear:both;\"><\/div><\/form><\/div><div id=\"booking_search_ajax\"><\/div><div id=\"booking_search_results\"><\/div>[\/et_pb_fullwidth_code][\/et_pb_section][et_pb_section bb_built=&#8221;1&#8243; prev_background_color=&#8221;#009fe3&#8243;][et_pb_row][et_pb_column type=&#8221;4_4&#8243;][et_pb_post_title _builder_version=&#8221;3.19.13&#8243; meta=&#8221;off&#8221; featured_image=&#8221;off&#8221; \/][et_pb_text]<\/p>\nThis page can only be accessed through links in emails related to your booking. <br\/><em>Please check more about configuration at  <a href=\"https:\/\/wpbookingcalendar.com\/faq\/configure-editing-cancel-payment-bookings-for-visitors\/\" target=\"_blank\">this page<\/a>.<\/em>\n<p>[\/et_pb_text][\/et_pb_column][\/et_pb_row][\/et_pb_section]<\/p>\n","protected":false},"excerpt":{"rendered":"<p><script type=\"text\/javascript\"> (function() { var a = setInterval( function() {  if ( ( 'undefined' === typeof jQuery ) || ! window.jQuery ) { return; } clearInterval( a ); jQuery( document ).ready( function (){ _wpbc.set_other_param( 'search_avy__dates_format', 'dd.mm.yy' );  _wpbc.set_other_param( 'search_avy__auto_open_checkout', 'On' );  _wpbc.set_other_param( 'search_avy__warning__dates_required_enabled', 'Off' );  _wpbc.set_other_param( 'search_avy__warning__dates_required_warning', 'Please select check-in and check-out dates to perform the search.' );  wpbc_init_datepick__search_check_in();  wpbc_init_datepick__search_check_out();  wpbc_search_avy__auto_select_fields_in_search_form__if_params_in_url(); } ); }, 500 ); })();<\/script><div  id=\"booking_search_form\" class=\"booking_search_form wpbc_container\"> <form name=\"booking_search_form\" autocomplete=\"off\" action=\"\" method=\"post\"><div id=\"search_form_id_216673550986\"   class=\"wpbc_container wpbc_form wpbc_container_search wpbc_container_search_form  \" ><div class=\"searchcontainer\">\r\n  <input type=\"text\" value=\"\" size=\"10\" inputmode=\"none\"  name=\"search_field__display_check_in\"    id=\"search_field__display_check_in\"  placeholder=\"12.04.2026\" \/><input type=\"text\" value=\"\" size=\"10\" inputmode=\"none\"  name=\"search_field__display_check_out\"    id=\"search_field__display_check_out\"  placeholder=\"13.04.2026\" \/>\r\n  <select id=\"booking_search_accommodation\" name=\"booking_search_accommodation\">\r\n     <option value=\"all_acc\">Accommodations<\/option>\r\n  <!--option value=\"all_acc\">All Accommodations<\/option-->\r\n  <option value=\"last_minute\">Last Minute<\/option>\r\n     <option value=\"fincas\">Villas<\/option>\r\n     <option value=\"stadthaeuser\">Townhouses<\/option>\r\n     <option value=\"apartments\">Apartments<\/option>\r\n  <\/select>\r\n  <span class=\"visitors\">\t <select  name='search_quantity' class='wpbc_search_avy_field__search_visitors'><option value='Persons'>Persons<\/option><option value='1'>1<\/option><option value='2'>2<\/option><option value='3'>3<\/option><option value='4'>4<\/option><option value='5'>5<\/option><option value='6'>6<\/option><option value='7'>7<\/option><option value='8'>8<\/option><option value='9'>9<\/option><option value='10'>10<\/option><option value='11'>11<\/option><option value='12'>12<\/option><\/select> <\/span>\r\n  \r\n\r\n  <select id=\"booking_mietwagen\" name=\"booking_mietwagen\">\r\n    <option value=\"alle_mietwagen\">Cars<\/option>  \r\n    <option value=\"kategorieb\">Category B<\/option>\r\n  <option value=\"kategorieb_automatic\">Category B Automatic<\/option>\r\n  <option value=\"kategoriec\">Category C<\/option>\r\n    <option value=\"kategoriec_automatic\">Category C Automatic<\/option>\r\n  <option value=\"kategoried\">Category D<\/option>\r\n  <option value=\"kategoriee\">Category E <\/option>\t\t\t\r\n\r\n <\/select> \r\n  \r\n  <input type=\"button\"  class=\"search_booking wpbc_button_light\"  onclick=\"wpbc_search_form_click_ajax( this.form, 'en_US' );\"  value=\"Search\" \/>\r\n  <\/div>\r\n  <script type=\"text\/javascript\">\r\n    if ( ( document.querySelector(\".page-id-10249\" )) ||  \r\n    ( (document.querySelector(\".page-id-10190\" ))  && (window.location.href.indexOf(\"booking_mietwagen\") > -1) ) ||\r\n    ( document.querySelector(\".postid-10254\" )) ||\r\n    ( document.querySelector(\".postid-10257\" )) ||\r\n    ( document.querySelector(\".postid-10260\" )) ||\r\n    ( document.querySelector(\".postid-10263\" )) ||\r\n    ( document.querySelector(\".postid-10266\" )) ||\r\n    ( document.querySelector(\".postid-10269\" )) \r\n    \r\n       ) {\r\n       document.getElementById(\"booking_search_accommodation\").remove();\r\n      document.querySelector(\".visitors\").remove();\r\n\r\n    }else{\r\n    \r\n      document.getElementById(\"booking_mietwagen\").remove();\r\n    }\r\n   \r\n    var myURLParams = location.href.split('?');\r\n    if ( myURLParams.length > 1 ){\r\n    console.log(\"SEARCH PARAMS = \", myURLParams);\r\n       myURLParams = myURLParams[1].split('&');\r\n  }\r\n\r\n    for ( var i = 0; i < myURLParams.length; i++ ) {\r\n      myParam = myURLParams[ i ].split( '=');\r\n    if ( myParam[ 0 ] === 'booking_mietwagen'){ \r\n      var booking_mietwagen = myParam[ 1 ];\t\r\n      jQuery('#booking_mietwagen').val(booking_mietwagen) ;\r\n    }\t\r\n    if ( myParam[ 0 ] === 'booking_search_accommodation'){ \r\n      var booking_search_accommodation = myParam[ 1 ];\r\n         jQuery('#booking_search_accommodation').val(booking_search_accommodation);\r\n\r\n    }\r\n    }   \r\n<\/script>\r\n\r\n<\/div><input type=\"hidden\" id=\"wpbc_search_nonce\" name=\"wpbc_search_nonce\" value=\"b0ad5885bd\" \/><input type=\"hidden\" name=\"_wp_http_referer\" value=\"\/en\/wp-json\/wp\/v2\/pages\/9115\" \/><div style=\"clear:both;\"><\/div><\/form><\/div><div id=\"booking_search_ajax\"><\/div><div id=\"booking_search_results\"><\/div><div class=\"et_pb_row et_pb_row_0 et_pb_row_empty\">\n\t\t\t\t\n\t\t\t\t\n\t\t\t\t\n\t\t\t\t\n\t\t\t\t\n\t\t\t<\/div><div class=\"et_pb_module et_pb_text et_pb_text_0  et_pb_text_align_left et_pb_bg_layout_light\">\n\t\t\t\t\n\t\t\t\t\n\t\t\t\t\n\t\t\t\t\n\t\t\t\t\n\t\t\t<\/div> This page can only be accessed through links in emails related to your booking. <br\/><em>Please check more about configuration at  <a href=\"https:\/\/wpbookingcalendar.com\/faq\/configure-editing-cancel-payment-bookings-for-visitors\/\" target=\"_blank\">this page<\/a>.<\/em><\/p>\n","protected":false},"author":6,"featured_media":0,"parent":0,"menu_order":26,"comment_status":"closed","ping_status":"closed","template":"page.php","meta":{"_et_pb_use_builder":"on","_et_pb_old_content":"[bookingcustomerlisting]","_et_gb_content_width":"","footnotes":""},"class_list":["post-9115","page","type-page","status-publish","hentry"],"yoast_head":"<!-- This site is optimized with the Yoast SEO Premium plugin v27.1 (Yoast SEO v27.1.1) - https:\/\/yoast.com\/product\/yoast-seo-premium-wordpress\/ -->\n<title>Kundenbuchungen - contacto-mallorca<\/title>\n<meta name=\"robots\" content=\"index, follow, max-snippet:-1, max-image-preview:large, max-video-preview:-1\" \/>\n<link rel=\"canonical\" href=\"https:\/\/contacto-mallorca.de\/en\/kundenbuchungen\/\" \/>\n<meta property=\"og:locale\" content=\"en_US\" \/>\n<meta property=\"og:type\" content=\"article\" \/>\n<meta property=\"og:title\" content=\"Kundenbuchungen\" \/>\n<meta property=\"og:url\" content=\"https:\/\/contacto-mallorca.de\/en\/kundenbuchungen\/\" \/>\n<meta property=\"og:site_name\" content=\"contacto-mallorca\" \/>\n<meta property=\"article:publisher\" content=\"https:\/\/www.facebook.com\/contacto.mallorca\/\" \/>\n<meta property=\"article:modified_time\" content=\"2019-03-07T10:01:41+00:00\" \/>\n<meta property=\"og:image\" content=\"https:\/\/contacto-mallorca.de\/wp-content\/uploads\/contacto-mallorca_ferienhaus_mallorca_6.jpg\" \/>\n\t<meta property=\"og:image:width\" content=\"1920\" \/>\n\t<meta property=\"og:image:height\" content=\"750\" \/>\n\t<meta property=\"og:image:type\" content=\"image\/jpeg\" \/>\n<meta name=\"twitter:card\" content=\"summary_large_image\" \/>\n<meta name=\"twitter:label1\" content=\"Est. reading time\" \/>\n\t<meta name=\"twitter:data1\" content=\"1 minute\" \/>\n<script type=\"application\/ld+json\" class=\"yoast-schema-graph\">{\"@context\":\"https:\/\/schema.org\",\"@graph\":[{\"@type\":\"WebPage\",\"@id\":\"https:\/\/contacto-mallorca.de\/en\/kundenbuchungen\/\",\"url\":\"https:\/\/contacto-mallorca.de\/en\/kundenbuchungen\/\",\"name\":\"Kundenbuchungen - contacto-mallorca\",\"isPartOf\":{\"@id\":\"https:\/\/contacto-mallorca.de\/en\/#website\"},\"datePublished\":\"2019-02-08T09:41:19+00:00\",\"dateModified\":\"2019-03-07T10:01:41+00:00\",\"breadcrumb\":{\"@id\":\"https:\/\/contacto-mallorca.de\/en\/kundenbuchungen\/#breadcrumb\"},\"inLanguage\":\"en-US\",\"potentialAction\":[{\"@type\":\"ReadAction\",\"target\":[\"https:\/\/contacto-mallorca.de\/en\/kundenbuchungen\/\"]}]},{\"@type\":\"BreadcrumbList\",\"@id\":\"https:\/\/contacto-mallorca.de\/en\/kundenbuchungen\/#breadcrumb\",\"itemListElement\":[{\"@type\":\"ListItem\",\"position\":1,\"name\":\"Home\",\"item\":\"https:\/\/contacto-mallorca.de\/en\/\"},{\"@type\":\"ListItem\",\"position\":2,\"name\":\"Kundenbuchungen\"}]},{\"@type\":\"WebSite\",\"@id\":\"https:\/\/contacto-mallorca.de\/en\/#website\",\"url\":\"https:\/\/contacto-mallorca.de\/en\/\",\"name\":\"contacto-mallorca\",\"description\":\"Individueller Urlaub in wundersch\u00f6nen und preisg\u00fcnstigen Ferienwohnungen &amp; Ferienh\u00e4usern auf Mallorca\",\"publisher\":{\"@id\":\"https:\/\/contacto-mallorca.de\/en\/#organization\"},\"potentialAction\":[{\"@type\":\"SearchAction\",\"target\":{\"@type\":\"EntryPoint\",\"urlTemplate\":\"https:\/\/contacto-mallorca.de\/en\/?s={search_term_string}\"},\"query-input\":{\"@type\":\"PropertyValueSpecification\",\"valueRequired\":true,\"valueName\":\"search_term_string\"}}],\"inLanguage\":\"en-US\"},{\"@type\":\"Organization\",\"@id\":\"https:\/\/contacto-mallorca.de\/en\/#organization\",\"name\":\"contacto-mallorca\",\"url\":\"https:\/\/contacto-mallorca.de\/en\/\",\"logo\":{\"@type\":\"ImageObject\",\"inLanguage\":\"en-US\",\"@id\":\"https:\/\/contacto-mallorca.de\/en\/#\/schema\/logo\/image\/\",\"url\":\"https:\/\/contacto-mallorca.de\/wp-content\/uploads\/contacto_mallorca_logo_web.png\",\"contentUrl\":\"https:\/\/contacto-mallorca.de\/wp-content\/uploads\/contacto_mallorca_logo_web.png\",\"width\":372,\"height\":125,\"caption\":\"contacto-mallorca\"},\"image\":{\"@id\":\"https:\/\/contacto-mallorca.de\/en\/#\/schema\/logo\/image\/\"},\"sameAs\":[\"https:\/\/www.facebook.com\/contacto.mallorca\/\",\"https:\/\/www.instagram.com\/contacto.mallorca\/\",\"https:\/\/www.youtube.com\/channel\/UCIAhiObN3XGEoINx6OvG5ew\"]}]}<\/script>\n<!-- \/ Yoast SEO Premium plugin. -->","yoast_head_json":{"title":"Kundenbuchungen - contacto-mallorca","robots":{"index":"index","follow":"follow","max-snippet":"max-snippet:-1","max-image-preview":"max-image-preview:large","max-video-preview":"max-video-preview:-1"},"canonical":"https:\/\/contacto-mallorca.de\/en\/kundenbuchungen\/","og_locale":"en_US","og_type":"article","og_title":"Kundenbuchungen","og_url":"https:\/\/contacto-mallorca.de\/en\/kundenbuchungen\/","og_site_name":"contacto-mallorca","article_publisher":"https:\/\/www.facebook.com\/contacto.mallorca\/","article_modified_time":"2019-03-07T10:01:41+00:00","og_image":[{"width":1920,"height":750,"url":"https:\/\/contacto-mallorca.de\/wp-content\/uploads\/contacto-mallorca_ferienhaus_mallorca_6.jpg","type":"image\/jpeg"}],"twitter_card":"summary_large_image","twitter_misc":{"Est. reading time":"1 minute"},"schema":{"@context":"https:\/\/schema.org","@graph":[{"@type":"WebPage","@id":"https:\/\/contacto-mallorca.de\/en\/kundenbuchungen\/","url":"https:\/\/contacto-mallorca.de\/en\/kundenbuchungen\/","name":"Kundenbuchungen - contacto-mallorca","isPartOf":{"@id":"https:\/\/contacto-mallorca.de\/en\/#website"},"datePublished":"2019-02-08T09:41:19+00:00","dateModified":"2019-03-07T10:01:41+00:00","breadcrumb":{"@id":"https:\/\/contacto-mallorca.de\/en\/kundenbuchungen\/#breadcrumb"},"inLanguage":"en-US","potentialAction":[{"@type":"ReadAction","target":["https:\/\/contacto-mallorca.de\/en\/kundenbuchungen\/"]}]},{"@type":"BreadcrumbList","@id":"https:\/\/contacto-mallorca.de\/en\/kundenbuchungen\/#breadcrumb","itemListElement":[{"@type":"ListItem","position":1,"name":"Home","item":"https:\/\/contacto-mallorca.de\/en\/"},{"@type":"ListItem","position":2,"name":"Kundenbuchungen"}]},{"@type":"WebSite","@id":"https:\/\/contacto-mallorca.de\/en\/#website","url":"https:\/\/contacto-mallorca.de\/en\/","name":"contacto-mallorca","description":"Individueller Urlaub in wundersch\u00f6nen und preisg\u00fcnstigen Ferienwohnungen &amp; Ferienh\u00e4usern auf Mallorca","publisher":{"@id":"https:\/\/contacto-mallorca.de\/en\/#organization"},"potentialAction":[{"@type":"SearchAction","target":{"@type":"EntryPoint","urlTemplate":"https:\/\/contacto-mallorca.de\/en\/?s={search_term_string}"},"query-input":{"@type":"PropertyValueSpecification","valueRequired":true,"valueName":"search_term_string"}}],"inLanguage":"en-US"},{"@type":"Organization","@id":"https:\/\/contacto-mallorca.de\/en\/#organization","name":"contacto-mallorca","url":"https:\/\/contacto-mallorca.de\/en\/","logo":{"@type":"ImageObject","inLanguage":"en-US","@id":"https:\/\/contacto-mallorca.de\/en\/#\/schema\/logo\/image\/","url":"https:\/\/contacto-mallorca.de\/wp-content\/uploads\/contacto_mallorca_logo_web.png","contentUrl":"https:\/\/contacto-mallorca.de\/wp-content\/uploads\/contacto_mallorca_logo_web.png","width":372,"height":125,"caption":"contacto-mallorca"},"image":{"@id":"https:\/\/contacto-mallorca.de\/en\/#\/schema\/logo\/image\/"},"sameAs":["https:\/\/www.facebook.com\/contacto.mallorca\/","https:\/\/www.instagram.com\/contacto.mallorca\/","https:\/\/www.youtube.com\/channel\/UCIAhiObN3XGEoINx6OvG5ew"]}]}},"_links":{"self":[{"href":"https:\/\/contacto-mallorca.de\/en\/wp-json\/wp\/v2\/pages\/9115","targetHints":{"allow":["GET"]}}],"collection":[{"href":"https:\/\/contacto-mallorca.de\/en\/wp-json\/wp\/v2\/pages"}],"about":[{"href":"https:\/\/contacto-mallorca.de\/en\/wp-json\/wp\/v2\/types\/page"}],"author":[{"embeddable":true,"href":"https:\/\/contacto-mallorca.de\/en\/wp-json\/wp\/v2\/users\/6"}],"replies":[{"embeddable":true,"href":"https:\/\/contacto-mallorca.de\/en\/wp-json\/wp\/v2\/comments?post=9115"}],"version-history":[{"count":0,"href":"https:\/\/contacto-mallorca.de\/en\/wp-json\/wp\/v2\/pages\/9115\/revisions"}],"wp:attachment":[{"href":"https:\/\/contacto-mallorca.de\/en\/wp-json\/wp\/v2\/media?parent=9115"}],"curies":[{"name":"wp","href":"https:\/\/api.w.org\/{rel}","templated":true}]}}